{"id":1593,"date":"2023-05-23T07:52:16","date_gmt":"2023-05-23T07:52:16","guid":{"rendered":"https:\/\/fishfromcroatia.com\/\/?page_id=1593"},"modified":"2023-06-02T06:46:42","modified_gmt":"2023-06-02T06:46:42","slug":"politika-kolacica","status":"publish","type":"page","link":"https:\/\/fishfromcroatia.com\/en\/politika-kolacica\/","title":{"rendered":"Cookie policy"},"content":{"rendered":"<div data-elementor-type=\"wp-page\" data-elementor-id=\"1593\" class=\"elementor elementor-1593\" data-elementor-post-type=\"page\">\n\t\t\t\t\t\t<section class=\"has_ae_slider elementor-section elementor-top-section elementor-element elementor-element-8be4153 hobotnica elementor-section-boxed elementor-section-height-default elementor-section-height-default ae-bg-gallery-type-default\" data-id=\"8be4153\" data-element_type=\"section\" data-settings=\"{&quot;background_background&quot;:&quot;gradient&quot;}\">\n\t\t\t\t\t\t\t<div class=\"elementor-background-overlay\"><\/div>\n\t\t\t\t\t\t\t<div class=\"elementor-container elementor-column-gap-default\">\n\t\t\t\t\t<div class=\"has_ae_slider elementor-column elementor-col-100 elementor-top-column elementor-element elementor-element-de51a6c ae-bg-gallery-type-default\" data-id=\"de51a6c\" data-element_type=\"column\">\n\t\t\t<div class=\"elementor-widget-wrap elementor-element-populated\">\n\t\t\t\t\t\t<div class=\"elementor-element elementor-element-f66f634 elementor-widget elementor-widget-heading\" data-id=\"f66f634\" data-element_type=\"widget\" data-widget_type=\"heading.default\">\n\t\t\t\t<div class=\"elementor-widget-container\">\n\t\t\t<style>\/*! elementor - v3.19.0 - 28-02-2024 *\/\n.elementor-heading-title{padding:0;margin:0;line-height:1}.elementor-widget-heading .elementor-heading-title[class*=elementor-size-]>a{color:inherit;font-size:inherit;line-height:inherit}.elementor-widget-heading .elementor-heading-title.elementor-size-small{font-size:15px}.elementor-widget-heading .elementor-heading-title.elementor-size-medium{font-size:19px}.elementor-widget-heading .elementor-heading-title.elementor-size-large{font-size:29px}.elementor-widget-heading .elementor-heading-title.elementor-size-xl{font-size:39px}.elementor-widget-heading .elementor-heading-title.elementor-size-xxl{font-size:59px}<\/style><h2 class=\"elementor-heading-title elementor-size-default\">POLITIKA KOLA\u010cI\u0106A<\/h2>\t\t<\/div>\n\t\t\t\t<\/div>\n\t\t\t\t<div class=\"elementor-element elementor-element-7fc8dbb elementor-widget elementor-widget-heading\" data-id=\"7fc8dbb\" data-element_type=\"widget\" data-widget_type=\"heading.default\">\n\t\t\t\t<div class=\"elementor-widget-container\">\n\t\t\t<h2 class=\"elementor-heading-title elementor-size-default\">Obavijest o kola\u010di\u0107ima Hrvatske gospodarske komore\n<br>\nObavijest o kola\u010di\u0107ima stupa na snagu u 25.5.2018.<\/h2>\t\t<\/div>\n\t\t\t\t<\/div>\n\t\t\t\t<div class=\"elementor-element elementor-element-243b181 elementor-widget__width-inherit elementor-widget elementor-widget-text-editor\" data-id=\"243b181\" data-element_type=\"widget\" data-widget_type=\"text-editor.default\">\n\t\t\t\t<div class=\"elementor-widget-container\">\n\t\t\t<style>\/*! elementor - v3.19.0 - 28-02-2024 *\/\n.elementor-widget-text-editor.elementor-drop-cap-view-stacked .elementor-drop-cap{background-color:#69727d;color:#fff}.elementor-widget-text-editor.elementor-drop-cap-view-framed .elementor-drop-cap{color:#69727d;border:3px solid;background-color:transparent}.elementor-widget-text-editor:not(.elementor-drop-cap-view-default) .elementor-drop-cap{margin-top:8px}.elementor-widget-text-editor:not(.elementor-drop-cap-view-default) .elementor-drop-cap-letter{width:1em;height:1em}.elementor-widget-text-editor .elementor-drop-cap{float:left;text-align:center;line-height:1;font-size:50px}.elementor-widget-text-editor .elementor-drop-cap-letter{display:inline-block}<\/style>\t\t\t\t<p><span style=\"color: #000000;\">Za ispravan rad internetskih stranica Hrvatske gospodarske komore, njihovo unaprje\u0111enje te pobolj\u0161anje va\u0161eg iskustva pregledavanja, ove stranice moraju na va\u0161e ra\u010dunalo ili mobilni ure\u0111aj spremiti malenu koli\u010dinu informacija u obliku takozvanih kola\u010di\u0107a (engl.\u00a0<em>cookies<\/em>). Nastavkom kori\u0161tenja internetske stranice pristajete na uporabu kola\u010di\u0107a. Kola\u010di\u0107e mo\u017eete blokirati i nastaviti pregledavati stranicu, ali mogu\u0107e je da vam neke funkcionalnosti stranice ne\u0107e biti dostupne.<\/span><\/p><p><span style=\"color: #000000;\"><em><b>\u0160to su kola\u010di\u0107i?<\/b><\/em><\/span><\/p><p><span style=\"color: #000000;\">Kola\u010di\u0107i su male tekstualne datoteke koje internetska stranica sprema na va\u0161u terminalnu opremu (ra\u010dunalo ili mobilni ure\u0111aj) kada ju posjetite.<\/span><\/p><p><span style=\"color: #000000;\"><em><b>Za \u0161to se kola\u010di\u0107i koriste?<\/b><\/em><\/span><\/p><p><span style=\"color: #000000;\">Kola\u010di\u0107i se mogu koristiti u razne svrhe. Naj\u010de\u0161\u0107e se spremaju informacije poput preferiranog jezika stranice i drugih preferencija korisnika. Kasnije, kada opet otvorite istu stranicu, internetski preglednik \u0161alje natrag kola\u010di\u0107e koji pripadaju toj stranici. To omogu\u0107uje stranici da prika\u017ee informacije prilago\u0111ene va\u0161im potrebama. Kola\u010di\u0107i mogu spremati i neke osobne informacije kao \u0161to su va\u0161e ime ili e-adresa u slu\u010daju da im vi sami to omogu\u0107ite unosom tih podataka negdje na internetskoj stranici. Kola\u010di\u0107i nemaju pristup informacijama koje im vi niste dali i ne mogu pristupati drugim datotekama na va\u0161em ra\u010dunalu.<\/span><\/p><p><span style=\"color: #000000;\"><em><b>Koje vrste kola\u010di\u0107a postoje?<\/b><\/em><\/span><\/p><p><span style=\"color: #000000;\">Kola\u010di\u0107e razlikujemo prema tome tko ih postavlja, koliko dugo ostaju spremljeni na va\u0161em ra\u010dunalu te prema njihovoj namjeni.<\/span><\/p><p><span style=\"color: #000000;\">Kola\u010di\u0107e mo\u017ee postaviti internetska stranica koju posje\u0107ujete (<em>direktni kola\u010di\u0107i<\/em>) ili ih mo\u017ee postaviti neka druga domena putem internetske stranice koju posje\u0107ujete, npr. Google Analytics (<em>kola\u010di\u0107i tre\u0107e strane<\/em>).<\/span><\/p><p><span style=\"color: #000000;\">Ovisno o trajanju kola\u010di\u0107a, razlikujemo kola\u010di\u0107e sesije i trajne kola\u010di\u0107e.\u00a0<em>Kola\u010di\u0107i sesije<\/em>\u00a0koriste se za povezivanje akcija korisnika tijekom jedne sesije preglednika. Sesija preglednika po\u010dinje kad otvorite prozor preglednika i zavr\u0161ava kad ga zatvorite. Kola\u010di\u0107 sesije privremeno se izra\u0111uje i bri\u0161e nakon zatvaranja preglednika.\u00a0<em>Trajni kola\u010di\u0107i<\/em>\u00a0ostaju spremljeni na va\u0161em ure\u0111aju tijekom vremena odre\u0111enog u samom kola\u010di\u0107u te se aktiviraju pri svakom pojedinom posjetu internetskoj stranici koja je kola\u010di\u0107 izradila. Primjeri trajanja kola\u010di\u0107a su 1 mjesec, 6 mjeseci, 2 godine, trajno i sli\u010dno.<\/span><\/p><p><span style=\"color: #000000;\">Prema namjeni kola\u010di\u0107e dijelimo na \u010detiri glavne vrste.<\/span><\/p><ul><li><span style=\"color: #000000;\"><em>Strogo potrebni kola\u010di\u0107i<\/em>\u00a0nu\u017eni su za pravilno funkcioniranje internetske stranice. Koriste se za omogu\u0107avanje osnovnih funkcionalnosti stranice.<\/span><\/li><li><span style=\"color: #000000;\"><em>Funkcionalni kola\u010di\u0107i<\/em>\u00a0omogu\u0107uju pam\u0107enje odabira i unosa korisnika kao \u0161to su odabir jezika stranice, korisni\u010dko ime i sli\u010dno. Oni se koriste za pru\u017eanje naprednih i personaliziranih funkcionalnosti. Informacije koje ovi kola\u010di\u0107i skupljaju povezane su s internetskom stranicom koju posje\u0107ujete i ne mogu pratiti va\u0161e aktivnosti na drugim internetskim stranicama.<\/span><\/li><li><span style=\"color: #000000;\"><em>Analiti\u010dki kola\u010di\u0107i<\/em>\u00a0prikupljaju informacije o na\u010dinu na koji koristite internetsku stranicu \u2013 koje stranice naj\u010de\u0161\u0107e posje\u0107ujete, je li do\u0161lo do kakvih gre\u0161aka pri radu stranice, koliko je bilo posjetitelja na stranici i sli\u010dno. Ti su podaci anonimni i ne mogu se povezati s pojedincem te se koriste isklju\u010divo za unaprje\u0111enje rada internetske stranice i ukupnog korisni\u010dkog iskustva.<\/span><\/li><li><span style=\"color: #000000;\">Posljednja su skupina kola\u010di\u0107a\u00a0<em>kola\u010di\u0107i za (ciljano) ogla\u0161avanje<\/em>. Oni omogu\u0107uju ogla\u0161avanje na mre\u017ei koje se mo\u017ee prilagoditi osobnim preferencijama tako da se prikazuju reklame koje su vama bitne i zanimljive i na internetskim stranicama HGK i izvan njih. Osim toga, koriste se i za ograni\u010denje broja prikaza reklame te kao pomo\u0107 za u\u010dinkovitu provedbu reklamnih kampanja. Za vi\u0161e informacija o\u00a0<em>online<\/em>\u00a0reklamnim kola\u010di\u0107ima i\u00a0<em>online<\/em>\u00a0privatnosti, molimo pogledajte upute koje je osmislila industrija ogla\u0161avanja, dostupne na\u00a0<u><a style=\"color: #000000;\" href=\"http:\/\/www.youronlinechoices.com\/hr\/\" target=\"_blank\" rel=\"noopener\">http:\/\/www.youronlinechoices.com\/hr\/<\/a><\/u>.<\/span><\/li><\/ul><p><span style=\"color: #000000;\"><em>\u00a0<\/em><\/span><\/p><p><span style=\"color: #000000;\"><em><b>Koje vrste kola\u010di\u0107a koristi HGK?<\/b><\/em><\/span><\/p><p><span style=\"color: #000000;\">Kako bi vam bilo jasnije koje kola\u010di\u0107e koriste internetske stranice Hrvatske gospodarske komore te u koju svrhu, u nastavku su primjeri za svaku od \u010detiri glavne vrste kola\u010di\u0107a.<\/span><\/p><p><span style=\"color: #000000;\"><em><b>Strogo potrebni kola\u010di\u0107i<\/b><\/em><\/span><\/p><p><span style=\"color: #000000;\">Neke od funkcionalnosti koje nam omogu\u0107uju strogo potrebni kola\u010di\u0107i su:<\/span><\/p><ul><li><span style=\"color: #000000;\">Spremanje postavki za optimalan prikaz videozapisa, kao \u0161to su veli\u010dina me\u0111uspremnika i podaci o rezoluciji zaslona.<\/span><\/li><li><span style=\"color: #000000;\">\u010citanje postavki preglednika kako bi se internetska stranica mogla optimalno prikazati na va\u0161em zaslonu.<\/span><\/li><li><span style=\"color: #000000;\">Lociranje zlouporabe na\u0161eg\u00a0<em>web<\/em>-mjesta i usluga.<\/span><\/li><li><span style=\"color: #000000;\">Ravnomjerno u\u010ditavanje internetske stranice kako bi ostalo pristupa\u010dno.<\/span><\/li><\/ul><p><span style=\"color: #000000;\">Neki od kola\u010di\u0107a koji se koriste u ove svrhe su: Jsessionid, ASP.NET_SessionId, XSRF-TOKEN\u2026<\/span><\/p><p><span style=\"color: #000000;\"><em><b>Funkcionalni kola\u010di\u0107i<\/b><\/em><\/span><\/p><p><span style=\"color: #000000;\">Funkcionalne kola\u010di\u0107e koristimo za personalizaciju sadr\u017eaja i spremanje va\u0161ih preferencija. Neke od mogu\u0107nosti koje funkcionalni kola\u010di\u0107i pru\u017eaju su:<\/span><\/p><ul><li><span style=\"color: #000000;\">Spremanje preferencija kao \u0161to su jezik, lokacija, broj rezultata pretra\u017eivanja koji \u0107e se prikazati itd.<\/span><\/li><li><span style=\"color: #000000;\">Spremanje podataka koje ste unijeli pri registraciji ili prijavi kako se ne biste morali svaki put prijavljivati.<\/span><\/li><li><span style=\"color: #000000;\">Pam\u0107enje sadr\u017eaja koje ste odabrali u skladu sa svojim interesima kako bi vam se te kategorija sadr\u017eaja prikazivale.<\/span><\/li><\/ul><div><span style=\"color: #000000;\">\u00a0<\/span><\/div><p><span style=\"color: #000000;\">Primjeri funkcionalnih kola\u010di\u0107a koji se koriste su: laravel_session, qtrans_front_language, Language.<\/span><\/p><p><span style=\"color: #000000;\"><em><b>Analiti\u010dki kola\u010di\u0107i<\/b><\/em><\/span><\/p><p><span style=\"color: #000000;\">Za analitiku internetskih stranica koristimo kola\u010di\u0107e tre\u0107e strane \u2013 Google Analytics. Vi\u0161e informacija o njima mo\u017eete prona\u0107i na poveznici\u00a0<a style=\"color: #000000;\" href=\"https:\/\/developers.google.com\/analytics\/devguides\/collection\/analyticsjs\/cookie-usage?hl=hr\" target=\"_blank\" rel=\"noopener\">Google Analytics<\/a>. Neke od mogu\u0107nosti koje nam pru\u017eaju analiti\u010dki kola\u010di\u0107i su:<\/span><\/p><ul><li><span style=\"color: #000000;\">Pra\u0107enje broja posjetitelja na\u0161ih internetskih stranica.<\/span><\/li><li><span style=\"color: #000000;\">Pra\u0107enje vremena koje svaki posjetitelj provede na na\u0161im internetskih stranicama.<\/span><\/li><li><span style=\"color: #000000;\">Odre\u0111ivanje redoslijeda kojim posjetitelj posje\u0107uje razne internetske stranice Hrvatske gospodarske komore.<\/span><\/li><li><span style=\"color: #000000;\">Procjena dijelova na\u0161ih internetskih stranica koje treba pobolj\u0161ati.<\/span><\/li><li><span style=\"color: #000000;\">Optimizacija internetskih stranica.<\/span><\/li><li><span style=\"color: #000000;\">Zahtijevanje povratne informacije za specifi\u010dne dijelove internetskih stranica.<\/span><\/li><\/ul><div><span style=\"color: #000000;\">\u00a0<\/span><\/div><p><span style=\"color: #000000;\">Primjeri analiti\u010dkih kola\u010di\u0107a koje koristimo su: _gat, _ga, _gid, _utma, _utmb, _utmc, _utmt, _utmv, _utmz.<\/span><\/p><p><span style=\"color: #000000;\"><em><b>Kola\u010di\u0107i za (ciljano) ogla\u0161avanje<\/b><\/em><\/span><\/p><p><span style=\"color: #000000;\">Kola\u010di\u0107i za (ciljano) ogla\u0161avanje su kola\u010di\u0107i tre\u0107e strane i postavljaju se na stranicama Hrvatske gospodarske komore pri ugra\u0111ivanju videozapisa na internetske stranice. Neke od funkcionalnosti ovakvih kola\u010di\u0107a su:<\/span><\/p><ul><li><span style=\"color: #000000;\">Omogu\u0107uju tre\u0107oj strani bilje\u017eenje va\u0161eg posjeta, te kao rezultat toga procjenu va\u0161ih interesa.<\/span><\/li><li><span style=\"color: #000000;\">Omogu\u0107uju tre\u0107oj strani provjeru jeste li odabrali reklamni sadr\u017eaj.<\/span><\/li><li><span style=\"color: #000000;\">Omogu\u0107uju tre\u0107oj strani pra\u0107enje broja posjetitelja koji biraju reklamni sadr\u017eaj.<\/span><\/li><li><span style=\"color: #000000;\">Proslje\u0111uju informacije o va\u0161im navikama pretra\u017eivanja drugim internetskim mjestima.<\/span><\/li><li><span style=\"color: #000000;\">Omogu\u0107uju uporabu usluga tre\u0107e strane za prikazivanje reklamnih sadr\u017eaja prilago\u0111enih va\u0161im potrebama, interesima ili preferencijama.<\/span><\/li><li><span style=\"color: #000000;\">Omogu\u0107uju tre\u0107im stranama da odrede koji su reklamni sadr\u017eaji te tehnologije i mre\u017ee za ogla\u0161avanje naju\u010dinkovitije za vas.<\/span><\/li><li><span style=\"color: #000000;\">Omogu\u0107uju pra\u0107enje reklamnih sadr\u017eaja koji su ve\u0107 prikazani, tako da vam se ne prikazuju uvijek isti.<\/span><\/li><\/ul><div>\u00a0<\/div><p><span style=\"color: #000000;\"><b>Primjeri kola\u010di\u0107a za (ciljano) ogla\u0161avanje koje koristimo su:<\/b><\/span><\/p><ul><li><span style=\"color: #000000;\">DoubleClick: DISD, IDE, _ncuid<\/span><\/li><li><span style=\"color: #000000;\">YouTube inc.: APISID, CONSENT, HSID, PREF, SSID, VISITOR_INFO1_LIVE, YSC<\/span><\/li><\/ul><div>\u00a0<\/div><p><span style=\"color: #000000;\"><em><b>Kako upravljati postavkama kola\u010di\u0107a?<\/b><\/em><\/span><\/p><p><span style=\"color: #000000;\">Aktivnosti spremanja i slanja kola\u010di\u0107a nisu vidljive krajnjem korisniku, ali mo\u017eete kontrolirati ho\u0107ete li zahtjeve za spremanje kola\u010di\u0107a odobriti ili blokirati te imate mogu\u0107nost brisanja kola\u010di\u0107a pri zatvaranju internetskog preglednika ili na zahtjev. Me\u0111utim, ako u postavkama svog preglednika blokirate sve kola\u010di\u0107e (uklju\u010duju\u0107i i strogo potrebne kola\u010di\u0107e), mogu\u0107e je da \u0107ete imati pote\u0161ko\u0107a u kori\u0161tenju pojedinih dijelova internetskih stranica Hrvatske gospodarske komore. Nakon \u0161to jednom date suglasnost za kori\u0161tenje kola\u010di\u0107a, kola\u010di\u0107 s tom privolom pohraniti \u0107e se na va\u0161 ure\u0111aj te se koristiti sljede\u0107i put kada posjetite ove internetske stranice. Ako \u017eelite povu\u0107i svoju suglasnost, morat \u0107ete obrisati kola\u010di\u0107e u postavkama svojeg internetskog preglednika. Vi\u0161e informacija o postavkama kola\u010di\u0107a za razli\u010dite preglednike mo\u017eete prona\u0107i na sljede\u0107im poveznicama:<\/span><\/p><ul><li><span style=\"color: #000000;\"><a style=\"color: #000000;\" href=\"https:\/\/support.mozilla.org\/hr\/kb\/Kola%C4%8Di%C4%87i\" target=\"_blank\" rel=\"noopener\">Firefox<\/a><\/span><\/li><li><span style=\"color: #000000;\"><a style=\"color: #000000;\" href=\"https:\/\/support.microsoft.com\/hr-hr\/help\/17442\/windows-internet-explorer-delete-manage-cookies\" target=\"_blank\" rel=\"noopener\">Internet Explorer (vi\u0161e verzija)<\/a><\/span><\/li><li><span style=\"color: #000000;\"><a style=\"color: #000000;\" href=\"https:\/\/support.google.com\/chrome\/answer\/95647?co=GENIE.Platform%3DDesktop&amp;hl=hr\" target=\"_blank\" rel=\"noopener\">Chrome<\/a><\/span><\/li><li><span style=\"color: #000000;\"><a style=\"color: #000000;\" href=\"https:\/\/support.apple.com\/kb\/PH21411?viewlocale=hr_HR&amp;locale=en_US\" target=\"_blank\" rel=\"noopener\">Safari<\/a><\/span><\/li><li><span style=\"color: #000000;\"><a style=\"color: #000000;\" href=\"https:\/\/support.apple.com\/hr-hr\/HT201265\" target=\"_blank\" rel=\"noopener\">Safari (iPod, iPad, iPhone)<\/a><\/span><\/li><li><span style=\"color: #000000;\"><a style=\"color: #000000;\" href=\"http:\/\/help.opera.com\/Windows\/9.01\/hr\/cookies.html\" target=\"_blank\" rel=\"noopener\">Opera<\/a><\/span><\/li><\/ul><div>\u00a0<\/div><p><span style=\"color: #000000;\"><strong>Zavr\u0161ne napomene<\/strong><\/span><\/p><p><span style=\"color: #000000;\">Zadr\u017eavamo pravo na izmjenu ove politike kola\u010di\u0107a u bilo koje vrijeme i bez prethodne obavijesti. Nova Obavijest o kola\u010di\u0107ima stupit \u0107e na snagu nakon objave. Va\u0161a je odgovornost da redovno provjeravate jeste li pro\u010ditali i slo\u017eili se s politikom kola\u010di\u0107a koja je u primjeni.<\/span><\/p><p><span style=\"color: #000000;\">Ova politika kola\u010di\u0107a posljednji je put a\u017eurirana 26.7.2019.<\/span><\/p><p><span style=\"color: #000000;\">Vi\u0161e informacija o kori\u0161tenju kola\u010di\u0107a mo\u017eete prona\u0107i na mre\u017enoj stranici www.allaboutcookies.org ili nas mo\u017eete pitati slanjem poruke elektroni\u010dke po\u0161te na zastitapodataka@hgk.hr.<\/span><\/p>\t\t\t\t\t\t<\/div>\n\t\t\t\t<\/div>\n\t\t\t\t\t<\/div>\n\t\t<\/div>\n\t\t\t\t\t<\/div>\n\t\t<\/section>\n\t\t\t\t<\/div>","protected":false},"excerpt":{"rendered":"<p>POLITIKA KOLA\u010cI\u0106A Obavijest o kola\u010di\u0107ima Hrvatske gospodarske komore Obavijest o kola\u010di\u0107ima stupa na snagu u 25.5.2018. Za ispravan rad internetskih stranica Hrvatske gospodarske komore, njihovo unaprje\u0111enje te pobolj\u0161anje va\u0161eg iskustva pregledavanja, ove stranice moraju na va\u0161e ra\u010dunalo ili mobilni ure\u0111aj spremiti malenu koli\u010dinu informacija u obliku takozvanih kola\u010di\u0107a (engl.\u00a0cookies). Nastavkom kori\u0161tenja internetske stranice pristajete na [&hellip;]<\/p>","protected":false},"author":1,"featured_media":0,"parent":0,"menu_order":0,"comment_status":"closed","ping_status":"closed","template":"","meta":{"_acf_changed":false,"inline_featured_image":false,"footnotes":""},"class_list":["post-1593","page","type-page","status-publish","hentry"],"acf":[],"yoast_head":"<!-- This site is optimized with the Yoast SEO plugin v25.3 - https:\/\/yoast.com\/wordpress\/plugins\/seo\/ -->\n<title>Politika kola\u010di\u0107a - Riba Hrvatske - Jedi \u0161to vrijedi<\/title>\n<meta name=\"robots\" content=\"index, follow, max-snippet:-1, max-image-preview:large, max-video-preview:-1\" \/>\n<link rel=\"canonical\" href=\"https:\/\/fishfromcroatia.com\/en\/politika-kolacica\/\" \/>\n<meta property=\"og:locale\" content=\"en_GB\" \/>\n<meta property=\"og:type\" content=\"article\" \/>\n<meta property=\"og:title\" content=\"Politika kola\u010di\u0107a - Riba Hrvatske - Jedi \u0161to vrijedi\" \/>\n<meta property=\"og:description\" content=\"POLITIKA KOLA\u010cI\u0106A Obavijest o kola\u010di\u0107ima Hrvatske gospodarske komore Obavijest o kola\u010di\u0107ima stupa na snagu u 25.5.2018. Za ispravan rad internetskih stranica Hrvatske gospodarske komore, njihovo unaprje\u0111enje te pobolj\u0161anje va\u0161eg iskustva pregledavanja, ove stranice moraju na va\u0161e ra\u010dunalo ili mobilni ure\u0111aj spremiti malenu koli\u010dinu informacija u obliku takozvanih kola\u010di\u0107a (engl.\u00a0cookies). Nastavkom kori\u0161tenja internetske stranice pristajete na [&hellip;]\" \/>\n<meta property=\"og:url\" content=\"https:\/\/fishfromcroatia.com\/en\/politika-kolacica\/\" \/>\n<meta property=\"og:site_name\" content=\"Riba Hrvatske - Jedi \u0161to vrijedi\" \/>\n<meta property=\"article:modified_time\" content=\"2023-06-02T06:46:42+00:00\" \/>\n<meta name=\"twitter:card\" content=\"summary_large_image\" \/>\n<meta name=\"twitter:label1\" content=\"Estimated reading time\" \/>\n\t<meta name=\"twitter:data1\" content=\"7 minutes\" \/>\n<script type=\"application\/ld+json\" class=\"yoast-schema-graph\">{\"@context\":\"https:\/\/schema.org\",\"@graph\":[{\"@type\":\"WebPage\",\"@id\":\"https:\/\/fishfromcroatia.com\/politika-kolacica\/\",\"url\":\"https:\/\/fishfromcroatia.com\/politika-kolacica\/\",\"name\":\"Politika kola\u010di\u0107a - Riba Hrvatske - Jedi \u0161to vrijedi\",\"isPartOf\":{\"@id\":\"https:\/\/fishfromcroatia.com\/#website\"},\"datePublished\":\"2023-05-23T07:52:16+00:00\",\"dateModified\":\"2023-06-02T06:46:42+00:00\",\"inLanguage\":\"en-GB\",\"potentialAction\":[{\"@type\":\"ReadAction\",\"target\":[\"https:\/\/fishfromcroatia.com\/politika-kolacica\/\"]}]},{\"@type\":\"WebSite\",\"@id\":\"https:\/\/fishfromcroatia.com\/#website\",\"url\":\"https:\/\/fishfromcroatia.com\/\",\"name\":\"Riba Hrvatske - Jedi \u0161to vrijedi\",\"description\":\"\",\"publisher\":{\"@id\":\"https:\/\/fishfromcroatia.com\/#organization\"},\"potentialAction\":[{\"@type\":\"SearchAction\",\"target\":{\"@type\":\"EntryPoint\",\"urlTemplate\":\"https:\/\/fishfromcroatia.com\/?s={search_term_string}\"},\"query-input\":{\"@type\":\"PropertyValueSpecification\",\"valueRequired\":true,\"valueName\":\"search_term_string\"}}],\"inLanguage\":\"en-GB\"},{\"@type\":\"Organization\",\"@id\":\"https:\/\/fishfromcroatia.com\/#organization\",\"name\":\"Riba Hrvatske - Jedi \u0161to vrijedi\",\"url\":\"https:\/\/fishfromcroatia.com\/\",\"logo\":{\"@type\":\"ImageObject\",\"inLanguage\":\"en-GB\",\"@id\":\"https:\/\/fishfromcroatia.com\/#\/schema\/logo\/image\/\",\"url\":\"https:\/\/fishfromcroatia.com\/wp-content\/uploads\/2023\/05\/logo-manji.svg\",\"contentUrl\":\"https:\/\/fishfromcroatia.com\/wp-content\/uploads\/2023\/05\/logo-manji.svg\",\"width\":95,\"height\":70,\"caption\":\"Riba Hrvatske - Jedi \u0161to vrijedi\"},\"image\":{\"@id\":\"https:\/\/fishfromcroatia.com\/#\/schema\/logo\/image\/\"}}]}<\/script>\n<!-- \/ Yoast SEO plugin. -->","yoast_head_json":{"title":"Politika kola\u010di\u0107a - Riba Hrvatske - Jedi \u0161to vrijedi","robots":{"index":"index","follow":"follow","max-snippet":"max-snippet:-1","max-image-preview":"max-image-preview:large","max-video-preview":"max-video-preview:-1"},"canonical":"https:\/\/fishfromcroatia.com\/en\/politika-kolacica\/","og_locale":"en_GB","og_type":"article","og_title":"Politika kola\u010di\u0107a - Riba Hrvatske - Jedi \u0161to vrijedi","og_description":"POLITIKA KOLA\u010cI\u0106A Obavijest o kola\u010di\u0107ima Hrvatske gospodarske komore Obavijest o kola\u010di\u0107ima stupa na snagu u 25.5.2018. Za ispravan rad internetskih stranica Hrvatske gospodarske komore, njihovo unaprje\u0111enje te pobolj\u0161anje va\u0161eg iskustva pregledavanja, ove stranice moraju na va\u0161e ra\u010dunalo ili mobilni ure\u0111aj spremiti malenu koli\u010dinu informacija u obliku takozvanih kola\u010di\u0107a (engl.\u00a0cookies). Nastavkom kori\u0161tenja internetske stranice pristajete na [&hellip;]","og_url":"https:\/\/fishfromcroatia.com\/en\/politika-kolacica\/","og_site_name":"Riba Hrvatske - Jedi \u0161to vrijedi","article_modified_time":"2023-06-02T06:46:42+00:00","twitter_card":"summary_large_image","twitter_misc":{"Estimated reading time":"7 minutes"},"schema":{"@context":"https:\/\/schema.org","@graph":[{"@type":"WebPage","@id":"https:\/\/fishfromcroatia.com\/politika-kolacica\/","url":"https:\/\/fishfromcroatia.com\/politika-kolacica\/","name":"Politika kola\u010di\u0107a - Riba Hrvatske - Jedi \u0161to vrijedi","isPartOf":{"@id":"https:\/\/fishfromcroatia.com\/#website"},"datePublished":"2023-05-23T07:52:16+00:00","dateModified":"2023-06-02T06:46:42+00:00","inLanguage":"en-GB","potentialAction":[{"@type":"ReadAction","target":["https:\/\/fishfromcroatia.com\/politika-kolacica\/"]}]},{"@type":"WebSite","@id":"https:\/\/fishfromcroatia.com\/#website","url":"https:\/\/fishfromcroatia.com\/","name":"Riba Hrvatske - Jedi \u0161to vrijedi","description":"","publisher":{"@id":"https:\/\/fishfromcroatia.com\/#organization"},"potentialAction":[{"@type":"SearchAction","target":{"@type":"EntryPoint","urlTemplate":"https:\/\/fishfromcroatia.com\/?s={search_term_string}"},"query-input":{"@type":"PropertyValueSpecification","valueRequired":true,"valueName":"search_term_string"}}],"inLanguage":"en-GB"},{"@type":"Organization","@id":"https:\/\/fishfromcroatia.com\/#organization","name":"Riba Hrvatske - Jedi \u0161to vrijedi","url":"https:\/\/fishfromcroatia.com\/","logo":{"@type":"ImageObject","inLanguage":"en-GB","@id":"https:\/\/fishfromcroatia.com\/#\/schema\/logo\/image\/","url":"https:\/\/fishfromcroatia.com\/wp-content\/uploads\/2023\/05\/logo-manji.svg","contentUrl":"https:\/\/fishfromcroatia.com\/wp-content\/uploads\/2023\/05\/logo-manji.svg","width":95,"height":70,"caption":"Riba Hrvatske - Jedi \u0161to vrijedi"},"image":{"@id":"https:\/\/fishfromcroatia.com\/#\/schema\/logo\/image\/"}}]}},"_links":{"self":[{"href":"https:\/\/fishfromcroatia.com\/en\/wp-json\/wp\/v2\/pages\/1593","targetHints":{"allow":["GET"]}}],"collection":[{"href":"https:\/\/fishfromcroatia.com\/en\/wp-json\/wp\/v2\/pages"}],"about":[{"href":"https:\/\/fishfromcroatia.com\/en\/wp-json\/wp\/v2\/types\/page"}],"author":[{"embeddable":true,"href":"https:\/\/fishfromcroatia.com\/en\/wp-json\/wp\/v2\/users\/1"}],"replies":[{"embeddable":true,"href":"https:\/\/fishfromcroatia.com\/en\/wp-json\/wp\/v2\/comments?post=1593"}],"version-history":[{"count":43,"href":"https:\/\/fishfromcroatia.com\/en\/wp-json\/wp\/v2\/pages\/1593\/revisions"}],"predecessor-version":[{"id":2727,"href":"https:\/\/fishfromcroatia.com\/en\/wp-json\/wp\/v2\/pages\/1593\/revisions\/2727"}],"wp:attachment":[{"href":"https:\/\/fishfromcroatia.com\/en\/wp-json\/wp\/v2\/media?parent=1593"}],"curies":[{"name":"wp","href":"https:\/\/api.w.org\/{rel}","templated":true}]}}