{"id":2240,"date":"2023-05-26T10:48:15","date_gmt":"2023-05-26T10:48:15","guid":{"rendered":"https:\/\/fishfromcroatia.com\/?page_id=2240"},"modified":"2023-07-10T09:03:21","modified_gmt":"2023-07-10T09:03:21","slug":"visoki-standardi-kvalitete-i-sigurnosti-hrane","status":"publish","type":"page","link":"https:\/\/fishfromcroatia.com\/en\/visoki-standardi-kvalitete-i-sigurnosti-hrane\/","title":{"rendered":"High quality and food safety standards"},"content":{"rendered":"<div data-elementor-type=\"wp-page\" data-elementor-id=\"2240\" class=\"elementor elementor-2240\" data-elementor-post-type=\"page\">\n\t\t\t\t\t\t<section class=\"has_ae_slider elementor-section elementor-top-section elementor-element elementor-element-49083c2 elementor-section-boxed elementor-section-height-default elementor-section-height-default ae-bg-gallery-type-default\" data-id=\"49083c2\" data-element_type=\"section\" data-settings=\"{&quot;background_background&quot;:&quot;gradient&quot;}\">\n\t\t\t\t\t\t<div class=\"elementor-container elementor-column-gap-default\">\n\t\t\t\t\t<div class=\"has_ae_slider elementor-column elementor-col-100 elementor-top-column elementor-element elementor-element-5982bba ae-bg-gallery-type-default\" data-id=\"5982bba\" data-element_type=\"column\">\n\t\t\t<div class=\"elementor-widget-wrap elementor-element-populated\">\n\t\t\t\t\t\t<div class=\"elementor-element elementor-element-bda4bd5 elementor-widget elementor-widget-text-editor\" data-id=\"bda4bd5\" data-element_type=\"widget\" data-widget_type=\"text-editor.default\">\n\t\t\t\t<div class=\"elementor-widget-container\">\n\t\t\t<style>\/*! elementor - v3.19.0 - 28-02-2024 *\/\n.elementor-widget-text-editor.elementor-drop-cap-view-stacked .elementor-drop-cap{background-color:#69727d;color:#fff}.elementor-widget-text-editor.elementor-drop-cap-view-framed .elementor-drop-cap{color:#69727d;border:3px solid;background-color:transparent}.elementor-widget-text-editor:not(.elementor-drop-cap-view-default) .elementor-drop-cap{margin-top:8px}.elementor-widget-text-editor:not(.elementor-drop-cap-view-default) .elementor-drop-cap-letter{width:1em;height:1em}.elementor-widget-text-editor .elementor-drop-cap{float:left;text-align:center;line-height:1;font-size:50px}.elementor-widget-text-editor .elementor-drop-cap-letter{display:inline-block}<\/style>\t\t\t\t<p><span style=\"color: #231f20;\"><a style=\"color: #231f20;\" href=\"\/en\/\">Homepage<\/a> <\/span>\/ <strong>High quality and food safety standards<\/strong><\/p>\t\t\t\t\t\t<\/div>\n\t\t\t\t<\/div>\n\t\t\t\t<section class=\"has_ae_slider elementor-section elementor-inner-section elementor-element elementor-element-831728c elementor-section-boxed elementor-section-height-default elementor-section-height-default ae-bg-gallery-type-default\" data-id=\"831728c\" data-element_type=\"section\">\n\t\t\t\t\t\t<div class=\"elementor-container elementor-column-gap-default\">\n\t\t\t\t\t<div class=\"has_ae_slider elementor-column elementor-col-100 elementor-inner-column elementor-element elementor-element-20077a3 ae-bg-gallery-type-default\" data-id=\"20077a3\" data-element_type=\"column\" data-settings=\"{&quot;background_background&quot;:&quot;classic&quot;}\">\n\t\t\t<div class=\"elementor-widget-wrap elementor-element-populated\">\n\t\t\t\t\t\t<div class=\"elementor-element elementor-element-b7469c2 elementor-widget elementor-widget-heading\" data-id=\"b7469c2\" data-element_type=\"widget\" data-widget_type=\"heading.default\">\n\t\t\t\t<div class=\"elementor-widget-container\">\n\t\t\t<style>\/*! elementor - v3.19.0 - 28-02-2024 *\/\n.elementor-heading-title{padding:0;margin:0;line-height:1}.elementor-widget-heading .elementor-heading-title[class*=elementor-size-]>a{color:inherit;font-size:inherit;line-height:inherit}.elementor-widget-heading .elementor-heading-title.elementor-size-small{font-size:15px}.elementor-widget-heading .elementor-heading-title.elementor-size-medium{font-size:19px}.elementor-widget-heading .elementor-heading-title.elementor-size-large{font-size:29px}.elementor-widget-heading .elementor-heading-title.elementor-size-xl{font-size:39px}.elementor-widget-heading .elementor-heading-title.elementor-size-xxl{font-size:59px}<\/style><h2 class=\"elementor-heading-title elementor-size-default\">High quality and food<br> safety standards<\/h2>\t\t<\/div>\n\t\t\t\t<\/div>\n\t\t\t\t<div class=\"elementor-element elementor-element-4424f7a elementor-widget elementor-widget-image\" data-id=\"4424f7a\" data-element_type=\"widget\" data-widget_type=\"image.default\">\n\t\t\t\t<div class=\"elementor-widget-container\">\n\t\t\t<style>\/*! elementor - v3.19.0 - 28-02-2024 *\/\n.elementor-widget-image{text-align:center}.elementor-widget-image a{display:inline-block}.elementor-widget-image a img[src$=\".svg\"]{width:48px}.elementor-widget-image img{vertical-align:middle;display:inline-block}<\/style>\t\t\t\t\t\t\t\t\t\t<img fetchpriority=\"high\" decoding=\"async\" width=\"660\" height=\"431\" src=\"https:\/\/fishfromcroatia.com\/wp-content\/uploads\/2023\/07\/Mask-group-53.png\" class=\"attachment-full size-full wp-image-4244\" alt=\"\" srcset=\"https:\/\/fishfromcroatia.com\/wp-content\/uploads\/2023\/07\/Mask-group-53.png 660w, https:\/\/fishfromcroatia.com\/wp-content\/uploads\/2023\/07\/Mask-group-53-300x196.png 300w, https:\/\/fishfromcroatia.com\/wp-content\/uploads\/2023\/07\/Mask-group-53-18x12.png 18w\" sizes=\"(max-width: 660px) 100vw, 660px\" \/>\t\t\t\t\t\t\t\t\t\t\t\t\t<\/div>\n\t\t\t\t<\/div>\n\t\t\t\t<div class=\"elementor-element elementor-element-e01ec22 elementor-widget elementor-widget-text-editor\" data-id=\"e01ec22\" data-element_type=\"widget\" data-widget_type=\"text-editor.default\">\n\t\t\t\t<div class=\"elementor-widget-container\">\n\t\t\t\t\t\t\t<p>High standards of food quality and safety are ensured primarily by the strict EU and national legal framework.<\/p>\t\t\t\t\t\t<\/div>\n\t\t\t\t<\/div>\n\t\t\t\t<div class=\"elementor-element elementor-element-ef731c9 elementor-widget elementor-widget-text-editor\" data-id=\"ef731c9\" data-element_type=\"widget\" data-widget_type=\"text-editor.default\">\n\t\t\t\t<div class=\"elementor-widget-container\">\n\t\t\t\t\t\t\t<p>As fish is an extremely perishable product, the key to preserving quality and safety lies in the fact that immediately after catching, its body temperature is lowered as close as possible to the temperature of melting ice and kept at that temperature until consumption or processing. Maintaining such a low temperature from catch, during transport and distribution to consumption\/processing is called the cold chain and is a legal obligation of all participants in the business of fishery products in the Republic of Croatia. In practice, it is a fish temperature of 0-2 \u00b0C, which is achieved already on the fishing boat by a process called shocking. It is followed by further icing and storage of the fish in cooling chambers (or refrigerated trucks during transport) and selling of the fish in refrigerated displays where it is kept on ice until sale to the final customer.<\/p><p>In addition to the temperature, the method of fish handling is also important. Therefore, fishermen shock small pelagic fish (anchovies, sardines, etc.), put them in plastic crates on the vessel and freeze them. After sorting, trawl fish (hake, red mullet, monkfish, prawns, etc.) are packed in disposable styrofoam boxes and iced. In this case, there is a protective film between the fish and the ice that ensures the protection of the fish from the direct impact of the ice. As the ice melts during transport, storage and distribution, the fish is further frozen. Isothermal bins, special containers in which freshly caught and shocked fish are packed, are also widely used. Isothermal bins contain a mixture of ice and water, the so-called wet ice, which has a much better effect of cooling and preserving the quality of fish than classic flake ice.<\/p><p>At low temperatures, enzymes (responsible for loss of freshness) and bacteria (responsible for spoilage) are also \"shocked\" and will need some time to resume their activity. During this period of their dormancy, the fish is of exceptional nutritional quality, we can say extra quality, and has a rating of 10. This quality of fish is preserved for up to 48 hours after the catch. If the fish is consumed or processed during this period (Phase 1), we can determine with certainty that it is a high-quality food.<br \/>After 48 hours, the fish begins to lose its freshness, it is not spoiled, but it is not of extra quality either, and then it is deemed to be of good quality (Phase 2). The next stage is known as aged fish with early signs of spoilage (Phase 3), and defective (putrid) fish (Phase 4). The shelf life of fish at low temperatures varies from species to species, but the range can be said to be 8-14 days.<br \/>The entry into the EU and the disappearance of customs and other barriers opened up the possibility for Croatian fish to enter some major export markets (Italy, Slovenia...) while it is still in Phase 1. The same is of course true for the domestic market.<br \/>In terms of quality, fish imported from distant areas cannot compete with fresh locally caught fish and the short distribution chain that ensures high-quality raw materials.<\/p><p>Each fish caught by Croatian fishermen is delivered to the first buyer with a transport document, a document which the registered carrier carrying out the transport of fishery products from the landing place to the destination facility fills out after taking over the fishery products at the landing place, and before the start of transport. The transport document has a unique serial number and contains all information about the fish, including information about the vessel, the date of landing, and information about the vehicle and the destination of the fish.<br \/>With this document, we assign fishery products a LOT number that follows the fish in all stages of transportation, processing, distribution, and sale. This procedure enables the traceability of fish, that is, the possibility of tracking the movement of fish from the catch on the fishing boat to the end consumer's table.<\/p><p>Based on the markings and data from the label, the producer knows exactly who caught the fish, how it was delivered to facilities for sale or processing, in which facility and when it was processed, which workers processed it, which materials and raw materials were used in its production, to which retail chain it was delivered and under what conditions it was all carried out.<\/p>\t\t\t\t\t\t<\/div>\n\t\t\t\t<\/div>\n\t\t\t\t\t<\/div>\n\t\t<\/div>\n\t\t\t\t\t<\/div>\n\t\t<\/section>\n\t\t\t\t\t<\/div>\n\t\t<\/div>\n\t\t\t\t\t<\/div>\n\t\t<\/section>\n\t\t\t\t<section class=\"has_ae_slider elementor-section elementor-top-section elementor-element elementor-element-bd2e4d3 elementor-section-boxed elementor-section-height-default elementor-section-height-default ae-bg-gallery-type-default\" data-id=\"bd2e4d3\" data-element_type=\"section\" data-settings=\"{&quot;background_background&quot;:&quot;classic&quot;}\">\n\t\t\t\t\t\t<div class=\"elementor-container elementor-column-gap-default\">\n\t\t\t\t\t<div class=\"has_ae_slider elementor-column elementor-col-100 elementor-top-column elementor-element elementor-element-f92bbbf ae-bg-gallery-type-default\" data-id=\"f92bbbf\" data-element_type=\"column\">\n\t\t\t<div class=\"elementor-widget-wrap elementor-element-populated\">\n\t\t\t\t\t\t<div class=\"elementor-element elementor-element-b70b9f2 elementor-widget elementor-widget-heading\" data-id=\"b70b9f2\" data-element_type=\"widget\" data-widget_type=\"heading.default\">\n\t\t\t\t<div class=\"elementor-widget-container\">\n\t\t\t<h2 class=\"elementor-heading-title elementor-size-default\">Read more...<\/h2>\t\t<\/div>\n\t\t\t\t<\/div>\n\t\t\t\t<section class=\"has_ae_slider elementor-section elementor-inner-section elementor-element elementor-element-d5a29ea elementor-section-full_width elementor-section-height-default elementor-section-height-default ae-bg-gallery-type-default\" data-id=\"d5a29ea\" data-element_type=\"section\">\n\t\t\t\t\t\t<div class=\"elementor-container elementor-column-gap-default\">\n\t\t\t\t\t<div class=\"has_ae_slider make-column-clickable-elementor elementor-column elementor-col-33 elementor-inner-column elementor-element elementor-element-b144f1a ae-bg-gallery-type-default\" style=\"cursor: pointer;\" data-column-clickable=\"dugogodisnja-tradicija\" data-column-clickable-blank=\"_self\" data-id=\"b144f1a\" data-element_type=\"column\" data-settings=\"{&quot;background_background&quot;:&quot;classic&quot;}\">\n\t\t\t<div class=\"elementor-widget-wrap elementor-element-populated\">\n\t\t\t\t\t\t<div class=\"elementor-element elementor-element-41e0ac4 elementor-widget elementor-widget-image\" data-id=\"41e0ac4\" data-element_type=\"widget\" data-widget_type=\"image.default\">\n\t\t\t\t<div class=\"elementor-widget-container\">\n\t\t\t\t\t\t\t\t\t\t\t\t\t<img decoding=\"async\" width=\"271\" height=\"160\" src=\"https:\/\/fishfromcroatia.com\/wp-content\/uploads\/2023\/05\/Group-2384.svg\" class=\"attachment-full size-full wp-image-413\" alt=\"\" \/>\t\t\t\t\t\t\t\t\t\t\t\t\t<\/div>\n\t\t\t\t<\/div>\n\t\t\t\t<div class=\"elementor-element elementor-element-4decbd7 elementor-widget elementor-widget-heading\" data-id=\"4decbd7\" data-element_type=\"widget\" data-widget_type=\"heading.default\">\n\t\t\t\t<div class=\"elementor-widget-container\">\n\t\t\t<h2 class=\"elementor-heading-title elementor-size-default translation-block\">LONG-STANDING TRADITION<\/h2>\t\t<\/div>\n\t\t\t\t<\/div>\n\t\t\t\t\t<\/div>\n\t\t<\/div>\n\t\t\t\t<div class=\"has_ae_slider make-column-clickable-elementor elementor-column elementor-col-33 elementor-inner-column elementor-element elementor-element-60636d5 ae-bg-gallery-type-default\" style=\"cursor: pointer;\" data-column-clickable=\"odrzivost\" data-column-clickable-blank=\"_self\" data-id=\"60636d5\" data-element_type=\"column\" data-settings=\"{&quot;background_background&quot;:&quot;classic&quot;}\">\n\t\t\t<div class=\"elementor-widget-wrap elementor-element-populated\">\n\t\t\t\t\t\t<div class=\"elementor-element elementor-element-fd3dde5 elementor-widget elementor-widget-image\" data-id=\"fd3dde5\" data-element_type=\"widget\" data-widget_type=\"image.default\">\n\t\t\t\t<div class=\"elementor-widget-container\">\n\t\t\t\t\t\t\t\t\t\t\t\t\t<img decoding=\"async\" width=\"271\" height=\"160\" src=\"https:\/\/fishfromcroatia.com\/wp-content\/uploads\/2023\/07\/Frame-130346-3.svg\" class=\"attachment-full size-full wp-image-3887\" alt=\"\" \/>\t\t\t\t\t\t\t\t\t\t\t\t\t<\/div>\n\t\t\t\t<\/div>\n\t\t\t\t<div class=\"elementor-element elementor-element-7a065dc elementor-widget elementor-widget-heading\" data-id=\"7a065dc\" data-element_type=\"widget\" data-widget_type=\"heading.default\">\n\t\t\t\t<div class=\"elementor-widget-container\">\n\t\t\t<h2 class=\"elementor-heading-title elementor-size-default\">SUSTAINABILITY<\/h2>\t\t<\/div>\n\t\t\t\t<\/div>\n\t\t\t\t\t<\/div>\n\t\t<\/div>\n\t\t\t\t<div class=\"has_ae_slider make-column-clickable-elementor elementor-column elementor-col-33 elementor-inner-column elementor-element elementor-element-00aa4ac ae-bg-gallery-type-default\" style=\"cursor: pointer;\" data-column-clickable=\"visoka-nutritivna-vrijednost\" data-column-clickable-blank=\"_self\" data-id=\"00aa4ac\" data-element_type=\"column\" data-settings=\"{&quot;background_background&quot;:&quot;classic&quot;}\">\n\t\t\t<div class=\"elementor-widget-wrap elementor-element-populated\">\n\t\t\t\t\t\t<div class=\"elementor-element elementor-element-7f982f5 elementor-widget elementor-widget-image\" data-id=\"7f982f5\" data-element_type=\"widget\" data-widget_type=\"image.default\">\n\t\t\t\t<div class=\"elementor-widget-container\">\n\t\t\t\t\t\t\t\t\t\t\t\t\t<img loading=\"lazy\" decoding=\"async\" width=\"271\" height=\"160\" src=\"https:\/\/fishfromcroatia.com\/wp-content\/uploads\/2023\/05\/Group-2386-1.svg\" class=\"attachment-full size-full wp-image-417\" alt=\"\" \/>\t\t\t\t\t\t\t\t\t\t\t\t\t<\/div>\n\t\t\t\t<\/div>\n\t\t\t\t<div class=\"elementor-element elementor-element-b417319 elementor-widget elementor-widget-heading\" data-id=\"b417319\" data-element_type=\"widget\" data-widget_type=\"heading.default\">\n\t\t\t\t<div class=\"elementor-widget-container\">\n\t\t\t<h2 class=\"elementor-heading-title elementor-size-default\">HIGH NUTRITIONAL<br>VALUE<\/h2>\t\t<\/div>\n\t\t\t\t<\/div>\n\t\t\t\t\t<\/div>\n\t\t<\/div>\n\t\t\t\t\t<\/div>\n\t\t<\/section>\n\t\t\t\t\t<\/div>\n\t\t<\/div>\n\t\t\t\t\t<\/div>\n\t\t<\/section>\n\t\t\t\t<\/div>","protected":false},"excerpt":{"rendered":"<p>Po\u010detna \/ Visoki standardi kvalitete i sigurnosti hrane Visoki standardi kvalitete i sigurnosti hrane Visoki standardi kvalitete i sigurnosti hrane osigurani su strojim propisima EU i nacionalnim zakonima. Riba se \u010duva na niskim temperaturama od ulova do konzumacije, koriste\u0107i hladni lanac i specijalne spremnike s mokrim ledom. Riba zadr\u017eava visoku nutritivnu kvalitetu do 48 sati [&hellip;]<\/p>","protected":false},"author":1,"featured_media":0,"parent":0,"menu_order":0,"comment_status":"closed","ping_status":"closed","template":"","meta":{"_acf_changed":false,"inline_featured_image":false,"footnotes":""},"class_list":["post-2240","page","type-page","status-publish","hentry"],"acf":[],"yoast_head":"<!-- This site is optimized with the Yoast SEO plugin v25.3 - https:\/\/yoast.com\/wordpress\/plugins\/seo\/ -->\n<title>Visoki standardi kvalitete i sigurnosti hrane - Riba Hrvatske - Jedi \u0161to vrijedi<\/title>\n<meta name=\"robots\" content=\"index, follow, max-snippet:-1, max-image-preview:large, max-video-preview:-1\" \/>\n<link rel=\"canonical\" href=\"https:\/\/fishfromcroatia.com\/en\/visoki-standardi-kvalitete-i-sigurnosti-hrane\/\" \/>\n<meta property=\"og:locale\" content=\"en_GB\" \/>\n<meta property=\"og:type\" content=\"article\" \/>\n<meta property=\"og:title\" content=\"Visoki standardi kvalitete i sigurnosti hrane - Riba Hrvatske - Jedi \u0161to vrijedi\" \/>\n<meta property=\"og:description\" content=\"Po\u010detna \/ Visoki standardi kvalitete i sigurnosti hrane Visoki standardi kvalitete i sigurnosti hrane Visoki standardi kvalitete i sigurnosti hrane osigurani su strojim propisima EU i nacionalnim zakonima. Riba se \u010duva na niskim temperaturama od ulova do konzumacije, koriste\u0107i hladni lanac i specijalne spremnike s mokrim ledom. Riba zadr\u017eava visoku nutritivnu kvalitetu do 48 sati [&hellip;]\" \/>\n<meta property=\"og:url\" content=\"https:\/\/fishfromcroatia.com\/en\/visoki-standardi-kvalitete-i-sigurnosti-hrane\/\" \/>\n<meta property=\"og:site_name\" content=\"Riba Hrvatske - Jedi \u0161to vrijedi\" \/>\n<meta property=\"article:modified_time\" content=\"2023-07-10T09:03:21+00:00\" \/>\n<meta property=\"og:image\" content=\"https:\/\/fishfromcroatia.com\/wp-content\/uploads\/2023\/07\/Mask-group-53.png\" \/>\n<meta name=\"twitter:card\" content=\"summary_large_image\" \/>\n<meta name=\"twitter:label1\" content=\"Estimated reading time\" \/>\n\t<meta name=\"twitter:data1\" content=\"5 minutes\" \/>\n<script type=\"application\/ld+json\" class=\"yoast-schema-graph\">{\"@context\":\"https:\/\/schema.org\",\"@graph\":[{\"@type\":\"WebPage\",\"@id\":\"https:\/\/fishfromcroatia.com\/visoki-standardi-kvalitete-i-sigurnosti-hrane\/\",\"url\":\"https:\/\/fishfromcroatia.com\/visoki-standardi-kvalitete-i-sigurnosti-hrane\/\",\"name\":\"Visoki standardi kvalitete i sigurnosti hrane - Riba Hrvatske - Jedi \u0161to vrijedi\",\"isPartOf\":{\"@id\":\"https:\/\/fishfromcroatia.com\/#website\"},\"primaryImageOfPage\":{\"@id\":\"https:\/\/fishfromcroatia.com\/visoki-standardi-kvalitete-i-sigurnosti-hrane\/#primaryimage\"},\"image\":{\"@id\":\"https:\/\/fishfromcroatia.com\/visoki-standardi-kvalitete-i-sigurnosti-hrane\/#primaryimage\"},\"thumbnailUrl\":\"https:\/\/fishfromcroatia.com\/wp-content\/uploads\/2023\/07\/Mask-group-53.png\",\"datePublished\":\"2023-05-26T10:48:15+00:00\",\"dateModified\":\"2023-07-10T09:03:21+00:00\",\"inLanguage\":\"en-GB\",\"potentialAction\":[{\"@type\":\"ReadAction\",\"target\":[\"https:\/\/fishfromcroatia.com\/visoki-standardi-kvalitete-i-sigurnosti-hrane\/\"]}]},{\"@type\":\"ImageObject\",\"inLanguage\":\"en-GB\",\"@id\":\"https:\/\/fishfromcroatia.com\/visoki-standardi-kvalitete-i-sigurnosti-hrane\/#primaryimage\",\"url\":\"https:\/\/fishfromcroatia.com\/wp-content\/uploads\/2023\/07\/Mask-group-53.png\",\"contentUrl\":\"https:\/\/fishfromcroatia.com\/wp-content\/uploads\/2023\/07\/Mask-group-53.png\"},{\"@type\":\"WebSite\",\"@id\":\"https:\/\/fishfromcroatia.com\/#website\",\"url\":\"https:\/\/fishfromcroatia.com\/\",\"name\":\"Riba Hrvatske - Jedi \u0161to vrijedi\",\"description\":\"\",\"publisher\":{\"@id\":\"https:\/\/fishfromcroatia.com\/#organization\"},\"potentialAction\":[{\"@type\":\"SearchAction\",\"target\":{\"@type\":\"EntryPoint\",\"urlTemplate\":\"https:\/\/fishfromcroatia.com\/?s={search_term_string}\"},\"query-input\":{\"@type\":\"PropertyValueSpecification\",\"valueRequired\":true,\"valueName\":\"search_term_string\"}}],\"inLanguage\":\"en-GB\"},{\"@type\":\"Organization\",\"@id\":\"https:\/\/fishfromcroatia.com\/#organization\",\"name\":\"Riba Hrvatske - Jedi \u0161to vrijedi\",\"url\":\"https:\/\/fishfromcroatia.com\/\",\"logo\":{\"@type\":\"ImageObject\",\"inLanguage\":\"en-GB\",\"@id\":\"https:\/\/fishfromcroatia.com\/#\/schema\/logo\/image\/\",\"url\":\"https:\/\/fishfromcroatia.com\/wp-content\/uploads\/2023\/05\/logo-manji.svg\",\"contentUrl\":\"https:\/\/fishfromcroatia.com\/wp-content\/uploads\/2023\/05\/logo-manji.svg\",\"width\":95,\"height\":70,\"caption\":\"Riba Hrvatske - Jedi \u0161to vrijedi\"},\"image\":{\"@id\":\"https:\/\/fishfromcroatia.com\/#\/schema\/logo\/image\/\"}}]}<\/script>\n<!-- \/ Yoast SEO plugin. -->","yoast_head_json":{"title":"Visoki standardi kvalitete i sigurnosti hrane - Riba Hrvatske - Jedi \u0161to vrijedi","robots":{"index":"index","follow":"follow","max-snippet":"max-snippet:-1","max-image-preview":"max-image-preview:large","max-video-preview":"max-video-preview:-1"},"canonical":"https:\/\/fishfromcroatia.com\/en\/visoki-standardi-kvalitete-i-sigurnosti-hrane\/","og_locale":"en_GB","og_type":"article","og_title":"Visoki standardi kvalitete i sigurnosti hrane - Riba Hrvatske - Jedi \u0161to vrijedi","og_description":"Po\u010detna \/ Visoki standardi kvalitete i sigurnosti hrane Visoki standardi kvalitete i sigurnosti hrane Visoki standardi kvalitete i sigurnosti hrane osigurani su strojim propisima EU i nacionalnim zakonima. Riba se \u010duva na niskim temperaturama od ulova do konzumacije, koriste\u0107i hladni lanac i specijalne spremnike s mokrim ledom. Riba zadr\u017eava visoku nutritivnu kvalitetu do 48 sati [&hellip;]","og_url":"https:\/\/fishfromcroatia.com\/en\/visoki-standardi-kvalitete-i-sigurnosti-hrane\/","og_site_name":"Riba Hrvatske - Jedi \u0161to vrijedi","article_modified_time":"2023-07-10T09:03:21+00:00","og_image":[{"url":"https:\/\/fishfromcroatia.com\/wp-content\/uploads\/2023\/07\/Mask-group-53.png","type":"","width":"","height":""}],"twitter_card":"summary_large_image","twitter_misc":{"Estimated reading time":"5 minutes"},"schema":{"@context":"https:\/\/schema.org","@graph":[{"@type":"WebPage","@id":"https:\/\/fishfromcroatia.com\/visoki-standardi-kvalitete-i-sigurnosti-hrane\/","url":"https:\/\/fishfromcroatia.com\/visoki-standardi-kvalitete-i-sigurnosti-hrane\/","name":"Visoki standardi kvalitete i sigurnosti hrane - Riba Hrvatske - Jedi \u0161to vrijedi","isPartOf":{"@id":"https:\/\/fishfromcroatia.com\/#website"},"primaryImageOfPage":{"@id":"https:\/\/fishfromcroatia.com\/visoki-standardi-kvalitete-i-sigurnosti-hrane\/#primaryimage"},"image":{"@id":"https:\/\/fishfromcroatia.com\/visoki-standardi-kvalitete-i-sigurnosti-hrane\/#primaryimage"},"thumbnailUrl":"https:\/\/fishfromcroatia.com\/wp-content\/uploads\/2023\/07\/Mask-group-53.png","datePublished":"2023-05-26T10:48:15+00:00","dateModified":"2023-07-10T09:03:21+00:00","inLanguage":"en-GB","potentialAction":[{"@type":"ReadAction","target":["https:\/\/fishfromcroatia.com\/visoki-standardi-kvalitete-i-sigurnosti-hrane\/"]}]},{"@type":"ImageObject","inLanguage":"en-GB","@id":"https:\/\/fishfromcroatia.com\/visoki-standardi-kvalitete-i-sigurnosti-hrane\/#primaryimage","url":"https:\/\/fishfromcroatia.com\/wp-content\/uploads\/2023\/07\/Mask-group-53.png","contentUrl":"https:\/\/fishfromcroatia.com\/wp-content\/uploads\/2023\/07\/Mask-group-53.png"},{"@type":"WebSite","@id":"https:\/\/fishfromcroatia.com\/#website","url":"https:\/\/fishfromcroatia.com\/","name":"Riba Hrvatske - Jedi \u0161to vrijedi","description":"","publisher":{"@id":"https:\/\/fishfromcroatia.com\/#organization"},"potentialAction":[{"@type":"SearchAction","target":{"@type":"EntryPoint","urlTemplate":"https:\/\/fishfromcroatia.com\/?s={search_term_string}"},"query-input":{"@type":"PropertyValueSpecification","valueRequired":true,"valueName":"search_term_string"}}],"inLanguage":"en-GB"},{"@type":"Organization","@id":"https:\/\/fishfromcroatia.com\/#organization","name":"Riba Hrvatske - Jedi \u0161to vrijedi","url":"https:\/\/fishfromcroatia.com\/","logo":{"@type":"ImageObject","inLanguage":"en-GB","@id":"https:\/\/fishfromcroatia.com\/#\/schema\/logo\/image\/","url":"https:\/\/fishfromcroatia.com\/wp-content\/uploads\/2023\/05\/logo-manji.svg","contentUrl":"https:\/\/fishfromcroatia.com\/wp-content\/uploads\/2023\/05\/logo-manji.svg","width":95,"height":70,"caption":"Riba Hrvatske - Jedi \u0161to vrijedi"},"image":{"@id":"https:\/\/fishfromcroatia.com\/#\/schema\/logo\/image\/"}}]}},"_links":{"self":[{"href":"https:\/\/fishfromcroatia.com\/en\/wp-json\/wp\/v2\/pages\/2240","targetHints":{"allow":["GET"]}}],"collection":[{"href":"https:\/\/fishfromcroatia.com\/en\/wp-json\/wp\/v2\/pages"}],"about":[{"href":"https:\/\/fishfromcroatia.com\/en\/wp-json\/wp\/v2\/types\/page"}],"author":[{"embeddable":true,"href":"https:\/\/fishfromcroatia.com\/en\/wp-json\/wp\/v2\/users\/1"}],"replies":[{"embeddable":true,"href":"https:\/\/fishfromcroatia.com\/en\/wp-json\/wp\/v2\/comments?post=2240"}],"version-history":[{"count":31,"href":"https:\/\/fishfromcroatia.com\/en\/wp-json\/wp\/v2\/pages\/2240\/revisions"}],"predecessor-version":[{"id":4247,"href":"https:\/\/fishfromcroatia.com\/en\/wp-json\/wp\/v2\/pages\/2240\/revisions\/4247"}],"wp:attachment":[{"href":"https:\/\/fishfromcroatia.com\/en\/wp-json\/wp\/v2\/media?parent=2240"}],"curies":[{"name":"wp","href":"https:\/\/api.w.org\/{rel}","templated":true}]}}