{"id":2265,"date":"2023-05-26T11:00:08","date_gmt":"2023-05-26T11:00:08","guid":{"rendered":"https:\/\/fishfromcroatia.com\/?page_id=2265"},"modified":"2023-12-06T12:46:31","modified_gmt":"2023-12-06T12:46:31","slug":"jedi-sto-vrijedi","status":"publish","type":"page","link":"https:\/\/fishfromcroatia.com\/en\/jedi-sto-vrijedi\/","title":{"rendered":"Jedi \u0161to vrijedi"},"content":{"rendered":"<div data-elementor-type=\"wp-page\" data-elementor-id=\"2265\" class=\"elementor elementor-2265\" data-elementor-post-type=\"page\">\n\t\t\t\t\t\t<section class=\"has_ae_slider elementor-section elementor-top-section elementor-element elementor-element-ca532a6 elementor-section-boxed elementor-section-height-default elementor-section-height-default ae-bg-gallery-type-default\" data-id=\"ca532a6\" data-element_type=\"section\" data-settings=\"{&quot;background_background&quot;:&quot;gradient&quot;}\">\n\t\t\t\t\t\t<div class=\"elementor-container elementor-column-gap-default\">\n\t\t\t\t\t<div class=\"has_ae_slider elementor-column elementor-col-100 elementor-top-column elementor-element elementor-element-5838e7e ae-bg-gallery-type-default\" data-id=\"5838e7e\" data-element_type=\"column\">\n\t\t\t<div class=\"elementor-widget-wrap elementor-element-populated\">\n\t\t\t\t\t\t<div class=\"elementor-element elementor-element-125b810 elementor-widget elementor-widget-text-editor\" data-id=\"125b810\" data-element_type=\"widget\" data-widget_type=\"text-editor.default\">\n\t\t\t\t<div class=\"elementor-widget-container\">\n\t\t\t<style>\/*! elementor - v3.19.0 - 28-02-2024 *\/\n.elementor-widget-text-editor.elementor-drop-cap-view-stacked .elementor-drop-cap{background-color:#69727d;color:#fff}.elementor-widget-text-editor.elementor-drop-cap-view-framed .elementor-drop-cap{color:#69727d;border:3px solid;background-color:transparent}.elementor-widget-text-editor:not(.elementor-drop-cap-view-default) .elementor-drop-cap{margin-top:8px}.elementor-widget-text-editor:not(.elementor-drop-cap-view-default) .elementor-drop-cap-letter{width:1em;height:1em}.elementor-widget-text-editor .elementor-drop-cap{float:left;text-align:center;line-height:1;font-size:50px}.elementor-widget-text-editor .elementor-drop-cap-letter{display:inline-block}<\/style>\t\t\t\t<p><span style=\"color: #231f20;\"><a style=\"color: #231f20;\" href=\"\/en\/\">Homepage<\/a> <\/span>\/ <strong>Eat what is worth eating<\/strong><\/p>\t\t\t\t\t\t<\/div>\n\t\t\t\t<\/div>\n\t\t\t\t<section class=\"has_ae_slider elementor-section elementor-inner-section elementor-element elementor-element-30dccaf elementor-section-boxed elementor-section-height-default elementor-section-height-default ae-bg-gallery-type-default\" data-id=\"30dccaf\" data-element_type=\"section\">\n\t\t\t\t\t\t<div class=\"elementor-container elementor-column-gap-default\">\n\t\t\t\t\t<div class=\"has_ae_slider elementor-column elementor-col-100 elementor-inner-column elementor-element elementor-element-c211a1c ae-bg-gallery-type-default\" data-id=\"c211a1c\" data-element_type=\"column\" data-settings=\"{&quot;background_background&quot;:&quot;classic&quot;}\">\n\t\t\t<div class=\"elementor-widget-wrap elementor-element-populated\">\n\t\t\t\t\t\t<div class=\"elementor-element elementor-element-b93e8c9 elementor-widget elementor-widget-heading\" data-id=\"b93e8c9\" data-element_type=\"widget\" data-widget_type=\"heading.default\">\n\t\t\t\t<div class=\"elementor-widget-container\">\n\t\t\t<style>\/*! elementor - v3.19.0 - 28-02-2024 *\/\n.elementor-heading-title{padding:0;margin:0;line-height:1}.elementor-widget-heading .elementor-heading-title[class*=elementor-size-]>a{color:inherit;font-size:inherit;line-height:inherit}.elementor-widget-heading .elementor-heading-title.elementor-size-small{font-size:15px}.elementor-widget-heading .elementor-heading-title.elementor-size-medium{font-size:19px}.elementor-widget-heading .elementor-heading-title.elementor-size-large{font-size:29px}.elementor-widget-heading .elementor-heading-title.elementor-size-xl{font-size:39px}.elementor-widget-heading .elementor-heading-title.elementor-size-xxl{font-size:59px}<\/style><h2 class=\"elementor-heading-title elementor-size-default translation-block\">EAT WHAT IS WORTH EATING<\/h2>\t\t<\/div>\n\t\t\t\t<\/div>\n\t\t\t\t<div class=\"elementor-element elementor-element-e37c1f3 elementor-widget elementor-widget-image\" data-id=\"e37c1f3\" data-element_type=\"widget\" data-widget_type=\"image.default\">\n\t\t\t\t<div class=\"elementor-widget-container\">\n\t\t\t<style>\/*! elementor - v3.19.0 - 28-02-2024 *\/\n.elementor-widget-image{text-align:center}.elementor-widget-image a{display:inline-block}.elementor-widget-image a img[src$=\".svg\"]{width:48px}.elementor-widget-image img{vertical-align:middle;display:inline-block}<\/style>\t\t\t\t\t\t\t\t\t\t<img fetchpriority=\"high\" decoding=\"async\" width=\"660\" height=\"431\" src=\"https:\/\/fishfromcroatia.com\/wp-content\/uploads\/2023\/05\/Mask-group-24.svg\" class=\"attachment-full size-full wp-image-2267\" alt=\"\" \/>\t\t\t\t\t\t\t\t\t\t\t\t\t<\/div>\n\t\t\t\t<\/div>\n\t\t\t\t<div class=\"elementor-element elementor-element-bb0ec3c elementor-widget elementor-widget-text-editor\" data-id=\"bb0ec3c\" data-element_type=\"widget\" data-widget_type=\"text-editor.default\">\n\t\t\t\t<div class=\"elementor-widget-container\">\n\t\t\t\t\t\t\t<p>The Croatian Chamber of Commerce launched the project \"Fish of Croatia - Eat what is worth eating\" for the purpose of promoting fishery products of the Republic of Croatia, which includes products from catch, farming, and processing. The goal of the project was to boost the consumption of local fishery products, to achieve their appropriate valuation, and to build the culture of fish consumption in the Republic of Croatia.<\/p>\t\t\t\t\t\t<\/div>\n\t\t\t\t<\/div>\n\t\t\t\t<div class=\"elementor-element elementor-element-f7c4635 elementor-widget elementor-widget-text-editor\" data-id=\"f7c4635\" data-element_type=\"widget\" data-widget_type=\"text-editor.default\">\n\t\t\t\t<div class=\"elementor-widget-container\">\n\t\t\t\t\t\t\t<p class=\"translation-block\">The Croatian Chamber of Commerce launched the project \"<a href=\"http:\/\/www.ribahrvatske.hr\" target=\"_self\">Fish from Croatia - Eat what is worth eating<\/a>\" for the purpose of promoting fishery products of the Republic of Croatia, which includes products from catch, farming, and processing. The goal of the project was to boost the consumption of local fishery products, to achieve their appropriate valuation, and to build the culture of fish consumption in the Republic of Croatia.<\/p><p>This is to be achieved by raising consumer awareness of the importance of and investments in sustainable fisheries in the Republic of Croatia, of the high nutritional and health value of food originating from locally managed fisheries or farming, and of the importance that the product they consume comes from a food safety system of well-known, high standards.<\/p><p>By emphasising comparative advantages and achieving their greater recognition, the idea is to highlight all the efforts that have been invested in order to bring top-quality local products to the consumer's table and thereby enable their better economic valuation.<br \/>This would enable their better positioning on the market both in the Republic of Croatia and in the European Union.<\/p><p>The project is financed by the European Maritime and Fisheries Fund, and its content is close to similar projects launched by the European Commission: \"Enjoy, it's from Europe!\" \"MedFish4Ever\" \"Inseparable\" and \"Farmed in the EU\".<\/p>\t\t\t\t\t\t<\/div>\n\t\t\t\t<\/div>\n\t\t\t\t\t<\/div>\n\t\t<\/div>\n\t\t\t\t\t<\/div>\n\t\t<\/section>\n\t\t\t\t\t<\/div>\n\t\t<\/div>\n\t\t\t\t\t<\/div>\n\t\t<\/section>\n\t\t\t\t<section class=\"has_ae_slider elementor-section elementor-top-section elementor-element elementor-element-25a9106 elementor-section-boxed elementor-section-height-default elementor-section-height-default ae-bg-gallery-type-default\" data-id=\"25a9106\" data-element_type=\"section\" data-settings=\"{&quot;background_background&quot;:&quot;classic&quot;}\">\n\t\t\t\t\t\t<div class=\"elementor-container elementor-column-gap-default\">\n\t\t\t\t\t<div class=\"has_ae_slider elementor-column elementor-col-100 elementor-top-column elementor-element elementor-element-88358bb ae-bg-gallery-type-default\" data-id=\"88358bb\" data-element_type=\"column\">\n\t\t\t<div class=\"elementor-widget-wrap elementor-element-populated\">\n\t\t\t\t\t\t<div class=\"elementor-element elementor-element-2a7e430 elementor-widget elementor-widget-heading\" data-id=\"2a7e430\" data-element_type=\"widget\" data-widget_type=\"heading.default\">\n\t\t\t\t<div class=\"elementor-widget-container\">\n\t\t\t<h2 class=\"elementor-heading-title elementor-size-default\">Read more...<\/h2>\t\t<\/div>\n\t\t\t\t<\/div>\n\t\t\t\t<section class=\"has_ae_slider elementor-section elementor-inner-section elementor-element elementor-element-ba2c563 elementor-section-full_width elementor-section-height-default elementor-section-height-default ae-bg-gallery-type-default\" data-id=\"ba2c563\" data-element_type=\"section\">\n\t\t\t\t\t\t<div class=\"elementor-container elementor-column-gap-default\">\n\t\t\t\t\t<div class=\"has_ae_slider make-column-clickable-elementor elementor-column elementor-col-33 elementor-inner-column elementor-element elementor-element-b118984 ae-bg-gallery-type-default\" style=\"cursor: pointer;\" data-column-clickable=\"\/dugogodisnja-tradicija\" data-column-clickable-blank=\"_self\" data-id=\"b118984\" data-element_type=\"column\" data-settings=\"{&quot;background_background&quot;:&quot;classic&quot;}\">\n\t\t\t<div class=\"elementor-widget-wrap elementor-element-populated\">\n\t\t\t\t\t\t<div class=\"elementor-element elementor-element-8883230 elementor-widget elementor-widget-image\" data-id=\"8883230\" data-element_type=\"widget\" data-widget_type=\"image.default\">\n\t\t\t\t<div class=\"elementor-widget-container\">\n\t\t\t\t\t\t\t\t\t\t\t\t\t<img decoding=\"async\" width=\"271\" height=\"160\" src=\"https:\/\/fishfromcroatia.com\/wp-content\/uploads\/2023\/05\/Group-2384.svg\" class=\"attachment-full size-full wp-image-413\" alt=\"\" \/>\t\t\t\t\t\t\t\t\t\t\t\t\t<\/div>\n\t\t\t\t<\/div>\n\t\t\t\t<div class=\"elementor-element elementor-element-415744f elementor-widget elementor-widget-heading\" data-id=\"415744f\" data-element_type=\"widget\" data-widget_type=\"heading.default\">\n\t\t\t\t<div class=\"elementor-widget-container\">\n\t\t\t<h2 class=\"elementor-heading-title elementor-size-default translation-block\">LONG-STANDING TRADITION<\/h2>\t\t<\/div>\n\t\t\t\t<\/div>\n\t\t\t\t\t<\/div>\n\t\t<\/div>\n\t\t\t\t<div class=\"has_ae_slider make-column-clickable-elementor elementor-column elementor-col-33 elementor-inner-column elementor-element elementor-element-bd7feff ae-bg-gallery-type-default\" style=\"cursor: pointer;\" data-column-clickable=\"\/odrzivost\" data-column-clickable-blank=\"_self\" data-id=\"bd7feff\" data-element_type=\"column\" data-settings=\"{&quot;background_background&quot;:&quot;classic&quot;}\">\n\t\t\t<div class=\"elementor-widget-wrap elementor-element-populated\">\n\t\t\t\t\t\t<div class=\"elementor-element elementor-element-4f02311 elementor-widget elementor-widget-image\" data-id=\"4f02311\" data-element_type=\"widget\" data-widget_type=\"image.default\">\n\t\t\t\t<div class=\"elementor-widget-container\">\n\t\t\t\t\t\t\t\t\t\t\t\t\t<img decoding=\"async\" width=\"271\" height=\"160\" src=\"https:\/\/fishfromcroatia.com\/wp-content\/uploads\/2023\/05\/Group-2386-1.svg\" class=\"attachment-full size-full wp-image-417\" alt=\"\" \/>\t\t\t\t\t\t\t\t\t\t\t\t\t<\/div>\n\t\t\t\t<\/div>\n\t\t\t\t<div class=\"elementor-element elementor-element-c7b25a6 elementor-widget elementor-widget-heading\" data-id=\"c7b25a6\" data-element_type=\"widget\" data-widget_type=\"heading.default\">\n\t\t\t\t<div class=\"elementor-widget-container\">\n\t\t\t<h2 class=\"elementor-heading-title elementor-size-default\">HIGH NUTRITIONAL<br>VALUE<\/h2>\t\t<\/div>\n\t\t\t\t<\/div>\n\t\t\t\t\t<\/div>\n\t\t<\/div>\n\t\t\t\t<div class=\"has_ae_slider make-column-clickable-elementor elementor-column elementor-col-33 elementor-inner-column elementor-element elementor-element-5897e32 ae-bg-gallery-type-default\" style=\"cursor: pointer;\" data-column-clickable=\"\/en\/odrzivost\" data-column-clickable-blank=\"_self\" data-id=\"5897e32\" data-element_type=\"column\" data-settings=\"{&quot;background_background&quot;:&quot;classic&quot;}\">\n\t\t\t<div class=\"elementor-widget-wrap elementor-element-populated\">\n\t\t\t\t\t\t<div class=\"elementor-element elementor-element-ae48dd6 elementor-widget elementor-widget-image\" data-id=\"ae48dd6\" data-element_type=\"widget\" data-widget_type=\"image.default\">\n\t\t\t\t<div class=\"elementor-widget-container\">\n\t\t\t\t\t\t\t\t\t\t\t\t\t<img loading=\"lazy\" decoding=\"async\" width=\"271\" height=\"160\" src=\"https:\/\/fishfromcroatia.com\/wp-content\/uploads\/2023\/05\/Group-2383-1.svg\" class=\"attachment-full size-full wp-image-414\" alt=\"\" \/>\t\t\t\t\t\t\t\t\t\t\t\t\t<\/div>\n\t\t\t\t<\/div>\n\t\t\t\t<div class=\"elementor-element elementor-element-a223caa elementor-widget elementor-widget-heading\" data-id=\"a223caa\" data-element_type=\"widget\" data-widget_type=\"heading.default\">\n\t\t\t\t<div class=\"elementor-widget-container\">\n\t\t\t<h2 class=\"elementor-heading-title elementor-size-default\">SUSTAINABILITY<\/h2>\t\t<\/div>\n\t\t\t\t<\/div>\n\t\t\t\t\t<\/div>\n\t\t<\/div>\n\t\t\t\t\t<\/div>\n\t\t<\/section>\n\t\t\t\t\t<\/div>\n\t\t<\/div>\n\t\t\t\t\t<\/div>\n\t\t<\/section>\n\t\t\t\t<\/div>","protected":false},"excerpt":{"rendered":"<p>Po\u010detna \/ Jedi \u0161to vrijedi! Jedi \u0161to vrijedi! Projekt promovira lokalne proizvode ribarstva u Hrvatskoj, podi\u017ee svijest o odr\u017eivom ribarstvu, visokim standardima hrane i za\u0161titi okoli\u0161a. Cilj je potaknuti konzumaciju lokalnih ribljih proizvoda, stvoriti jedinstveni brend i pove\u0107ati ekonomsku vrijednost. Financira se Europskim fondom za pomorstvo i ribarstvo. Hrvatska gospodarska komora je pokrenula projekt \u201cRiba [&hellip;]<\/p>","protected":false},"author":1,"featured_media":0,"parent":0,"menu_order":0,"comment_status":"closed","ping_status":"closed","template":"","meta":{"_acf_changed":false,"inline_featured_image":false,"footnotes":""},"class_list":["post-2265","page","type-page","status-publish","hentry"],"acf":[],"yoast_head":"<!-- This site is optimized with the Yoast SEO plugin v25.3 - https:\/\/yoast.com\/wordpress\/plugins\/seo\/ -->\n<title>Jedi \u0161to vrijedi - Riba Hrvatske - Jedi \u0161to vrijedi<\/title>\n<meta name=\"robots\" content=\"index, follow, max-snippet:-1, max-image-preview:large, max-video-preview:-1\" \/>\n<link rel=\"canonical\" href=\"https:\/\/fishfromcroatia.com\/en\/jedi-sto-vrijedi\/\" \/>\n<meta property=\"og:locale\" content=\"en_GB\" \/>\n<meta property=\"og:type\" content=\"article\" \/>\n<meta property=\"og:title\" content=\"Jedi \u0161to vrijedi - Riba Hrvatske - Jedi \u0161to vrijedi\" \/>\n<meta property=\"og:description\" content=\"Po\u010detna \/ Jedi \u0161to vrijedi! Jedi \u0161to vrijedi! Projekt promovira lokalne proizvode ribarstva u Hrvatskoj, podi\u017ee svijest o odr\u017eivom ribarstvu, visokim standardima hrane i za\u0161titi okoli\u0161a. Cilj je potaknuti konzumaciju lokalnih ribljih proizvoda, stvoriti jedinstveni brend i pove\u0107ati ekonomsku vrijednost. Financira se Europskim fondom za pomorstvo i ribarstvo. Hrvatska gospodarska komora je pokrenula projekt \u201cRiba [&hellip;]\" \/>\n<meta property=\"og:url\" content=\"https:\/\/fishfromcroatia.com\/en\/jedi-sto-vrijedi\/\" \/>\n<meta property=\"og:site_name\" content=\"Riba Hrvatske - Jedi \u0161to vrijedi\" \/>\n<meta property=\"article:modified_time\" content=\"2023-12-06T12:46:31+00:00\" \/>\n<meta property=\"og:image\" content=\"https:\/\/fishfromcroatia.com\/wp-content\/uploads\/2023\/05\/Mask-group-24.svg\" \/>\n<meta name=\"twitter:card\" content=\"summary_large_image\" \/>\n<meta name=\"twitter:label1\" content=\"Estimated reading time\" \/>\n\t<meta name=\"twitter:data1\" content=\"3 minutes\" \/>\n<script type=\"application\/ld+json\" class=\"yoast-schema-graph\">{\"@context\":\"https:\/\/schema.org\",\"@graph\":[{\"@type\":\"WebPage\",\"@id\":\"https:\/\/fishfromcroatia.com\/jedi-sto-vrijedi\/\",\"url\":\"https:\/\/fishfromcroatia.com\/jedi-sto-vrijedi\/\",\"name\":\"Jedi \u0161to vrijedi - Riba Hrvatske - Jedi \u0161to vrijedi\",\"isPartOf\":{\"@id\":\"https:\/\/fishfromcroatia.com\/#website\"},\"primaryImageOfPage\":{\"@id\":\"https:\/\/fishfromcroatia.com\/jedi-sto-vrijedi\/#primaryimage\"},\"image\":{\"@id\":\"https:\/\/fishfromcroatia.com\/jedi-sto-vrijedi\/#primaryimage\"},\"thumbnailUrl\":\"https:\/\/fishfromcroatia.com\/wp-content\/uploads\/2023\/05\/Mask-group-24.svg\",\"datePublished\":\"2023-05-26T11:00:08+00:00\",\"dateModified\":\"2023-12-06T12:46:31+00:00\",\"inLanguage\":\"en-GB\",\"potentialAction\":[{\"@type\":\"ReadAction\",\"target\":[\"https:\/\/fishfromcroatia.com\/jedi-sto-vrijedi\/\"]}]},{\"@type\":\"ImageObject\",\"inLanguage\":\"en-GB\",\"@id\":\"https:\/\/fishfromcroatia.com\/jedi-sto-vrijedi\/#primaryimage\",\"url\":\"https:\/\/fishfromcroatia.com\/wp-content\/uploads\/2023\/05\/Mask-group-24.svg\",\"contentUrl\":\"https:\/\/fishfromcroatia.com\/wp-content\/uploads\/2023\/05\/Mask-group-24.svg\"},{\"@type\":\"WebSite\",\"@id\":\"https:\/\/fishfromcroatia.com\/#website\",\"url\":\"https:\/\/fishfromcroatia.com\/\",\"name\":\"Riba Hrvatske - Jedi \u0161to vrijedi\",\"description\":\"\",\"publisher\":{\"@id\":\"https:\/\/fishfromcroatia.com\/#organization\"},\"potentialAction\":[{\"@type\":\"SearchAction\",\"target\":{\"@type\":\"EntryPoint\",\"urlTemplate\":\"https:\/\/fishfromcroatia.com\/?s={search_term_string}\"},\"query-input\":{\"@type\":\"PropertyValueSpecification\",\"valueRequired\":true,\"valueName\":\"search_term_string\"}}],\"inLanguage\":\"en-GB\"},{\"@type\":\"Organization\",\"@id\":\"https:\/\/fishfromcroatia.com\/#organization\",\"name\":\"Riba Hrvatske - Jedi \u0161to vrijedi\",\"url\":\"https:\/\/fishfromcroatia.com\/\",\"logo\":{\"@type\":\"ImageObject\",\"inLanguage\":\"en-GB\",\"@id\":\"https:\/\/fishfromcroatia.com\/#\/schema\/logo\/image\/\",\"url\":\"https:\/\/fishfromcroatia.com\/wp-content\/uploads\/2023\/05\/logo-manji.svg\",\"contentUrl\":\"https:\/\/fishfromcroatia.com\/wp-content\/uploads\/2023\/05\/logo-manji.svg\",\"width\":95,\"height\":70,\"caption\":\"Riba Hrvatske - Jedi \u0161to vrijedi\"},\"image\":{\"@id\":\"https:\/\/fishfromcroatia.com\/#\/schema\/logo\/image\/\"}}]}<\/script>\n<!-- \/ Yoast SEO plugin. -->","yoast_head_json":{"title":"Jedi \u0161to vrijedi - Riba Hrvatske - Jedi \u0161to vrijedi","robots":{"index":"index","follow":"follow","max-snippet":"max-snippet:-1","max-image-preview":"max-image-preview:large","max-video-preview":"max-video-preview:-1"},"canonical":"https:\/\/fishfromcroatia.com\/en\/jedi-sto-vrijedi\/","og_locale":"en_GB","og_type":"article","og_title":"Jedi \u0161to vrijedi - Riba Hrvatske - Jedi \u0161to vrijedi","og_description":"Po\u010detna \/ Jedi \u0161to vrijedi! Jedi \u0161to vrijedi! Projekt promovira lokalne proizvode ribarstva u Hrvatskoj, podi\u017ee svijest o odr\u017eivom ribarstvu, visokim standardima hrane i za\u0161titi okoli\u0161a. Cilj je potaknuti konzumaciju lokalnih ribljih proizvoda, stvoriti jedinstveni brend i pove\u0107ati ekonomsku vrijednost. Financira se Europskim fondom za pomorstvo i ribarstvo. Hrvatska gospodarska komora je pokrenula projekt \u201cRiba [&hellip;]","og_url":"https:\/\/fishfromcroatia.com\/en\/jedi-sto-vrijedi\/","og_site_name":"Riba Hrvatske - Jedi \u0161to vrijedi","article_modified_time":"2023-12-06T12:46:31+00:00","og_image":[{"url":"https:\/\/fishfromcroatia.com\/wp-content\/uploads\/2023\/05\/Mask-group-24.svg","type":"","width":"","height":""}],"twitter_card":"summary_large_image","twitter_misc":{"Estimated reading time":"3 minutes"},"schema":{"@context":"https:\/\/schema.org","@graph":[{"@type":"WebPage","@id":"https:\/\/fishfromcroatia.com\/jedi-sto-vrijedi\/","url":"https:\/\/fishfromcroatia.com\/jedi-sto-vrijedi\/","name":"Jedi \u0161to vrijedi - Riba Hrvatske - Jedi \u0161to vrijedi","isPartOf":{"@id":"https:\/\/fishfromcroatia.com\/#website"},"primaryImageOfPage":{"@id":"https:\/\/fishfromcroatia.com\/jedi-sto-vrijedi\/#primaryimage"},"image":{"@id":"https:\/\/fishfromcroatia.com\/jedi-sto-vrijedi\/#primaryimage"},"thumbnailUrl":"https:\/\/fishfromcroatia.com\/wp-content\/uploads\/2023\/05\/Mask-group-24.svg","datePublished":"2023-05-26T11:00:08+00:00","dateModified":"2023-12-06T12:46:31+00:00","inLanguage":"en-GB","potentialAction":[{"@type":"ReadAction","target":["https:\/\/fishfromcroatia.com\/jedi-sto-vrijedi\/"]}]},{"@type":"ImageObject","inLanguage":"en-GB","@id":"https:\/\/fishfromcroatia.com\/jedi-sto-vrijedi\/#primaryimage","url":"https:\/\/fishfromcroatia.com\/wp-content\/uploads\/2023\/05\/Mask-group-24.svg","contentUrl":"https:\/\/fishfromcroatia.com\/wp-content\/uploads\/2023\/05\/Mask-group-24.svg"},{"@type":"WebSite","@id":"https:\/\/fishfromcroatia.com\/#website","url":"https:\/\/fishfromcroatia.com\/","name":"Riba Hrvatske - Jedi \u0161to vrijedi","description":"","publisher":{"@id":"https:\/\/fishfromcroatia.com\/#organization"},"potentialAction":[{"@type":"SearchAction","target":{"@type":"EntryPoint","urlTemplate":"https:\/\/fishfromcroatia.com\/?s={search_term_string}"},"query-input":{"@type":"PropertyValueSpecification","valueRequired":true,"valueName":"search_term_string"}}],"inLanguage":"en-GB"},{"@type":"Organization","@id":"https:\/\/fishfromcroatia.com\/#organization","name":"Riba Hrvatske - Jedi \u0161to vrijedi","url":"https:\/\/fishfromcroatia.com\/","logo":{"@type":"ImageObject","inLanguage":"en-GB","@id":"https:\/\/fishfromcroatia.com\/#\/schema\/logo\/image\/","url":"https:\/\/fishfromcroatia.com\/wp-content\/uploads\/2023\/05\/logo-manji.svg","contentUrl":"https:\/\/fishfromcroatia.com\/wp-content\/uploads\/2023\/05\/logo-manji.svg","width":95,"height":70,"caption":"Riba Hrvatske - Jedi \u0161to vrijedi"},"image":{"@id":"https:\/\/fishfromcroatia.com\/#\/schema\/logo\/image\/"}}]}},"_links":{"self":[{"href":"https:\/\/fishfromcroatia.com\/en\/wp-json\/wp\/v2\/pages\/2265","targetHints":{"allow":["GET"]}}],"collection":[{"href":"https:\/\/fishfromcroatia.com\/en\/wp-json\/wp\/v2\/pages"}],"about":[{"href":"https:\/\/fishfromcroatia.com\/en\/wp-json\/wp\/v2\/types\/page"}],"author":[{"embeddable":true,"href":"https:\/\/fishfromcroatia.com\/en\/wp-json\/wp\/v2\/users\/1"}],"replies":[{"embeddable":true,"href":"https:\/\/fishfromcroatia.com\/en\/wp-json\/wp\/v2\/comments?post=2265"}],"version-history":[{"count":55,"href":"https:\/\/fishfromcroatia.com\/en\/wp-json\/wp\/v2\/pages\/2265\/revisions"}],"predecessor-version":[{"id":4459,"href":"https:\/\/fishfromcroatia.com\/en\/wp-json\/wp\/v2\/pages\/2265\/revisions\/4459"}],"wp:attachment":[{"href":"https:\/\/fishfromcroatia.com\/en\/wp-json\/wp\/v2\/media?parent=2265"}],"curies":[{"name":"wp","href":"https:\/\/api.w.org\/{rel}","templated":true}]}}