{"id":2272,"date":"2023-05-26T11:04:27","date_gmt":"2023-05-26T11:04:27","guid":{"rendered":"https:\/\/fishfromcroatia.com\/?page_id=2272"},"modified":"2023-05-26T11:08:08","modified_gmt":"2023-05-26T11:08:08","slug":"povijest-i-znacaj","status":"publish","type":"page","link":"https:\/\/fishfromcroatia.com\/en\/povijest-i-znacaj\/","title":{"rendered":"Povijest i zna\u010daj"},"content":{"rendered":"<div data-elementor-type=\"wp-page\" data-elementor-id=\"2272\" class=\"elementor elementor-2272\" data-elementor-post-type=\"page\">\n\t\t\t\t\t\t<section class=\"has_ae_slider elementor-section elementor-top-section elementor-element elementor-element-22257f5 elementor-section-boxed elementor-section-height-default elementor-section-height-default ae-bg-gallery-type-default\" data-id=\"22257f5\" data-element_type=\"section\" data-settings=\"{&quot;background_background&quot;:&quot;gradient&quot;}\">\n\t\t\t\t\t\t<div class=\"elementor-container elementor-column-gap-default\">\n\t\t\t\t\t<div class=\"has_ae_slider elementor-column elementor-col-100 elementor-top-column elementor-element elementor-element-682498a ae-bg-gallery-type-default\" data-id=\"682498a\" data-element_type=\"column\">\n\t\t\t<div class=\"elementor-widget-wrap elementor-element-populated\">\n\t\t\t\t\t\t<div class=\"elementor-element elementor-element-ca03cb0 elementor-widget elementor-widget-text-editor\" data-id=\"ca03cb0\" data-element_type=\"widget\" data-widget_type=\"text-editor.default\">\n\t\t\t\t<div class=\"elementor-widget-container\">\n\t\t\t<style>\/*! elementor - v3.19.0 - 28-02-2024 *\/\n.elementor-widget-text-editor.elementor-drop-cap-view-stacked .elementor-drop-cap{background-color:#69727d;color:#fff}.elementor-widget-text-editor.elementor-drop-cap-view-framed .elementor-drop-cap{color:#69727d;border:3px solid;background-color:transparent}.elementor-widget-text-editor:not(.elementor-drop-cap-view-default) .elementor-drop-cap{margin-top:8px}.elementor-widget-text-editor:not(.elementor-drop-cap-view-default) .elementor-drop-cap-letter{width:1em;height:1em}.elementor-widget-text-editor .elementor-drop-cap{float:left;text-align:center;line-height:1;font-size:50px}.elementor-widget-text-editor .elementor-drop-cap-letter{display:inline-block}<\/style>\t\t\t\t<p><span style=\"color: #000000;\"><a style=\"color: #000000;\" href=\"\/en\/\">Homepage<\/a> \/ <a style=\"color: #000000;\" href=\"\/en\/sitna-plava-riba\/\">Pelagic fish<\/a> \/\u00a0<strong>Povijest i zna\u010daj<\/strong><\/span><\/p>\t\t\t\t\t\t<\/div>\n\t\t\t\t<\/div>\n\t\t\t\t<section class=\"has_ae_slider elementor-section elementor-inner-section elementor-element elementor-element-7dfe5bb elementor-section-boxed elementor-section-height-default elementor-section-height-default ae-bg-gallery-type-default\" data-id=\"7dfe5bb\" data-element_type=\"section\">\n\t\t\t\t\t\t<div class=\"elementor-container elementor-column-gap-default\">\n\t\t\t\t\t<div class=\"has_ae_slider elementor-column elementor-col-100 elementor-inner-column elementor-element elementor-element-0992877 ae-bg-gallery-type-default\" data-id=\"0992877\" data-element_type=\"column\" data-settings=\"{&quot;background_background&quot;:&quot;classic&quot;}\">\n\t\t\t<div class=\"elementor-widget-wrap elementor-element-populated\">\n\t\t\t\t\t\t<div class=\"elementor-element elementor-element-18a61ed elementor-widget elementor-widget-heading\" data-id=\"18a61ed\" data-element_type=\"widget\" data-widget_type=\"heading.default\">\n\t\t\t\t<div class=\"elementor-widget-container\">\n\t\t\t<style>\/*! elementor - v3.19.0 - 28-02-2024 *\/\n.elementor-heading-title{padding:0;margin:0;line-height:1}.elementor-widget-heading .elementor-heading-title[class*=elementor-size-]>a{color:inherit;font-size:inherit;line-height:inherit}.elementor-widget-heading .elementor-heading-title.elementor-size-small{font-size:15px}.elementor-widget-heading .elementor-heading-title.elementor-size-medium{font-size:19px}.elementor-widget-heading .elementor-heading-title.elementor-size-large{font-size:29px}.elementor-widget-heading .elementor-heading-title.elementor-size-xl{font-size:39px}.elementor-widget-heading .elementor-heading-title.elementor-size-xxl{font-size:59px}<\/style><h2 class=\"elementor-heading-title elementor-size-default\">Povijest i zna\u010daj<\/h2>\t\t<\/div>\n\t\t\t\t<\/div>\n\t\t\t\t<div class=\"elementor-element elementor-element-4378a8a elementor-widget elementor-widget-image\" data-id=\"4378a8a\" data-element_type=\"widget\" data-widget_type=\"image.default\">\n\t\t\t\t<div class=\"elementor-widget-container\">\n\t\t\t<style>\/*! elementor - v3.19.0 - 28-02-2024 *\/\n.elementor-widget-image{text-align:center}.elementor-widget-image a{display:inline-block}.elementor-widget-image a img[src$=\".svg\"]{width:48px}.elementor-widget-image img{vertical-align:middle;display:inline-block}<\/style>\t\t\t\t\t\t\t\t\t\t<img fetchpriority=\"high\" decoding=\"async\" width=\"660\" height=\"431\" src=\"https:\/\/fishfromcroatia.com\/wp-content\/uploads\/2023\/05\/Mask-group-25.svg\" class=\"attachment-full size-full wp-image-2274\" alt=\"\" \/>\t\t\t\t\t\t\t\t\t\t\t\t\t<\/div>\n\t\t\t\t<\/div>\n\t\t\t\t<div class=\"elementor-element elementor-element-9abb2f8 elementor-widget elementor-widget-text-editor\" data-id=\"9abb2f8\" data-element_type=\"widget\" data-widget_type=\"text-editor.default\">\n\t\t\t\t<div class=\"elementor-widget-container\">\n\t\t\t\t\t\t\t<p>Srdela, &#8220;hraniteljica&#8221;, bila je klju\u010dna riba u hrvatskom ribarstvu. Prvi pisani tragovi ribarstva datiraju iz davnih vremena. Srdela je imala veliki utjecaj na ribarske ulove i lokalnu ekonomiju. Konzerviranje srdele ozna\u010dilo je po\u010detak industrije, a tehnike ribolova sitne plave ribe su se razvijale. Danas srdela \u010dini preko 90% hrvatskog ulova i igra va\u017enu ulogu u izvozu i uzgoju tune.<\/p>\t\t\t\t\t\t<\/div>\n\t\t\t\t<\/div>\n\t\t\t\t<div class=\"elementor-element elementor-element-3e9cfbc elementor-widget elementor-widget-text-editor\" data-id=\"3e9cfbc\" data-element_type=\"widget\" data-widget_type=\"text-editor.default\">\n\t\t\t\t<div class=\"elementor-widget-container\">\n\t\t\t\t\t\t\t<p>Ne bez razloga srdelu u hrvatskim priobalnim podru\u010djima \u010desto zovu \u201ehraniteljica\u201c. Svoju titulu srdela duguje \u010dinjenici da je od pamtivijeka jedna od najva\u017enijih, ako ne i najva\u017enija vrsta u ribarstvu na na\u0161im prostorima. Zbog u\u010destalosti i \u010dinjenice da se u moru kre\u0107e u velikim jatima, srdela je uvijek bila vrlo zastupljena u ribarskim ulovima, na ribarnicama, a i na stolovima priobalnog stanovni\u0161tva.<\/p><p>Prvi pisani spomeni ribarstva na ovim prostorima datiraju jo\u0161 iz razdoblja Ilirske i Rimske vladavine.<\/p><p>Uporaba svjetla u lovu na malu plavu ribu, uz uporabu mre\u017ee potega\u010de u Jadranu, spominje se u statutu Dubrovnika iz 1272. godine. Dubrova\u010dka Republika je jo\u0161 1434. godine donijela propise o na\u010dinu obavljanja ribolova te na\u010dinu proizvodnje i trgovini soljenom ribom, a zapisi o usoljavanju srdela se\u017eu jo\u0161 iz 15. stolje\u0107a i s podru\u010dja otoka Visa.<\/p><p>Osim \u0161to je othranila nebrojene generacije na obalama Jadrana zaslu\u017ena je i za razvoj brojnih mjesta na na\u0161im otocima i priobalju u kojima je lov i prerada srdele bila glavna gospodarska aktivnost kroz povijest.<\/p><p>Prerada ribe se prethodnih godina zasnivala na soljenju da bi sna\u017ean zamah industrije krenuo s po\u010decima konzerviranja ribe. Tvornice konzervi srdela ozna\u010dile su po\u010detak industrijalizacije u mnogim ruralnim sredinama, te su vrlo \u010desto bile prvo mjesto gdje \u017eene mogu samostalno raditi i zara\u0111ivati te stoga imaju zna\u010dajnu ulogu u razvoju ravnopravne uloge \u017eena u dru\u0161tvu.<br \/>Hrvatski su proizvo\u0111a\u010di i ribari dali znatan doprinos i u razvoju tehnika i tehnologija ribolova sitne plave ribe. Tako je ulov plave ribe na oceanima do\u017eivio procvat zahvaljuju\u0107i izumu koji i danas nosi ime svog konstruktora \u2013 Pureti\u0107 blok.<\/p><p>Svoju va\u017enost za ribarstvo srdela je zadr\u017eala do danas \u0161to potvr\u0111uje \u010dinjenica da na sitna plava riba, prvenstveno srdela i in\u0107un, \u010dini preko 90 % ukupnog ulova Republike Hrvatske, te predstavlja najvrjedniji dio izvoza bilo kao svje\u017ea i ili smrznuta, soljena ili marinirana ili konzervirana. Zna\u010dajna je uloga sitne plave ribe i u uzgoju tune kao jednog od klju\u010dnih stupova izvoza hrvatskog ribarstva.<\/p>\t\t\t\t\t\t<\/div>\n\t\t\t\t<\/div>\n\t\t\t\t\t<\/div>\n\t\t<\/div>\n\t\t\t\t\t<\/div>\n\t\t<\/section>\n\t\t\t\t\t<\/div>\n\t\t<\/div>\n\t\t\t\t\t<\/div>\n\t\t<\/section>\n\t\t\t\t<section class=\"has_ae_slider elementor-section elementor-top-section elementor-element elementor-element-765fce1 elementor-section-boxed elementor-section-height-default elementor-section-height-default ae-bg-gallery-type-default\" data-id=\"765fce1\" data-element_type=\"section\" data-settings=\"{&quot;background_background&quot;:&quot;classic&quot;}\">\n\t\t\t\t\t\t<div class=\"elementor-container elementor-column-gap-default\">\n\t\t\t\t\t<div class=\"has_ae_slider elementor-column elementor-col-100 elementor-top-column elementor-element elementor-element-c49fdc1 ae-bg-gallery-type-default\" data-id=\"c49fdc1\" data-element_type=\"column\">\n\t\t\t<div class=\"elementor-widget-wrap elementor-element-populated\">\n\t\t\t\t\t\t<div class=\"elementor-element elementor-element-d5d3a6c elementor-widget elementor-widget-heading\" data-id=\"d5d3a6c\" data-element_type=\"widget\" data-widget_type=\"heading.default\">\n\t\t\t\t<div class=\"elementor-widget-container\">\n\t\t\t<h2 class=\"elementor-heading-title elementor-size-default\">Read more...<\/h2>\t\t<\/div>\n\t\t\t\t<\/div>\n\t\t\t\t<section class=\"has_ae_slider elementor-section elementor-inner-section elementor-element elementor-element-df7fb99 elementor-section-full_width elementor-section-height-default elementor-section-height-default ae-bg-gallery-type-default\" data-id=\"df7fb99\" data-element_type=\"section\">\n\t\t\t\t\t\t<div class=\"elementor-container elementor-column-gap-default\">\n\t\t\t\t\t<div class=\"has_ae_slider make-column-clickable-elementor elementor-column elementor-col-33 elementor-inner-column elementor-element elementor-element-d90f87a ae-bg-gallery-type-default\" style=\"cursor: pointer;\" data-column-clickable=\"\/dugogodisnja-tradicija\" data-column-clickable-blank=\"_self\" data-id=\"d90f87a\" data-element_type=\"column\" data-settings=\"{&quot;background_background&quot;:&quot;classic&quot;}\">\n\t\t\t<div class=\"elementor-widget-wrap elementor-element-populated\">\n\t\t\t\t\t\t<div class=\"elementor-element elementor-element-6fc196d elementor-widget elementor-widget-image\" data-id=\"6fc196d\" data-element_type=\"widget\" data-widget_type=\"image.default\">\n\t\t\t\t<div class=\"elementor-widget-container\">\n\t\t\t\t\t\t\t\t\t\t\t\t\t<img decoding=\"async\" width=\"271\" height=\"160\" src=\"https:\/\/fishfromcroatia.com\/wp-content\/uploads\/2023\/05\/Group-2384.svg\" class=\"attachment-full size-full wp-image-413\" alt=\"\" \/>\t\t\t\t\t\t\t\t\t\t\t\t\t<\/div>\n\t\t\t\t<\/div>\n\t\t\t\t<div class=\"elementor-element elementor-element-f8c4cc9 elementor-widget elementor-widget-heading\" data-id=\"f8c4cc9\" data-element_type=\"widget\" data-widget_type=\"heading.default\">\n\t\t\t\t<div class=\"elementor-widget-container\">\n\t\t\t<h2 class=\"elementor-heading-title elementor-size-default translation-block\">LONG-STANDING TRADITION<\/h2>\t\t<\/div>\n\t\t\t\t<\/div>\n\t\t\t\t\t<\/div>\n\t\t<\/div>\n\t\t\t\t<div class=\"has_ae_slider make-column-clickable-elementor elementor-column elementor-col-33 elementor-inner-column elementor-element elementor-element-83c0554 ae-bg-gallery-type-default\" style=\"cursor: pointer;\" data-column-clickable=\"\/visoki-standardi-kvalitete-i-sigurnosti-hrane\" data-column-clickable-blank=\"_self\" data-id=\"83c0554\" data-element_type=\"column\" data-settings=\"{&quot;background_background&quot;:&quot;classic&quot;}\">\n\t\t\t<div class=\"elementor-widget-wrap elementor-element-populated\">\n\t\t\t\t\t\t<div class=\"elementor-element elementor-element-71d35dc elementor-widget elementor-widget-image\" data-id=\"71d35dc\" data-element_type=\"widget\" data-widget_type=\"image.default\">\n\t\t\t\t<div class=\"elementor-widget-container\">\n\t\t\t\t\t\t\t\t\t\t\t\t\t<img decoding=\"async\" width=\"271\" height=\"160\" src=\"https:\/\/fishfromcroatia.com\/wp-content\/uploads\/2023\/05\/Group-2386-1.svg\" class=\"attachment-full size-full wp-image-417\" alt=\"\" \/>\t\t\t\t\t\t\t\t\t\t\t\t\t<\/div>\n\t\t\t\t<\/div>\n\t\t\t\t<div class=\"elementor-element elementor-element-91ec80c elementor-widget elementor-widget-heading\" data-id=\"91ec80c\" data-element_type=\"widget\" data-widget_type=\"heading.default\">\n\t\t\t\t<div class=\"elementor-widget-container\">\n\t\t\t<h2 class=\"elementor-heading-title elementor-size-default\">HIGH NUTRITIONAL<br>VALUE<\/h2>\t\t<\/div>\n\t\t\t\t<\/div>\n\t\t\t\t\t<\/div>\n\t\t<\/div>\n\t\t\t\t<div class=\"has_ae_slider make-column-clickable-elementor elementor-column elementor-col-33 elementor-inner-column elementor-element elementor-element-67acd9e ae-bg-gallery-type-default\" style=\"cursor: pointer;\" data-column-clickable=\"\/odrzivost\" data-column-clickable-blank=\"_self\" data-id=\"67acd9e\" data-element_type=\"column\" data-settings=\"{&quot;background_background&quot;:&quot;classic&quot;}\">\n\t\t\t<div class=\"elementor-widget-wrap elementor-element-populated\">\n\t\t\t\t\t\t<div class=\"elementor-element elementor-element-3a197b4 elementor-widget elementor-widget-image\" data-id=\"3a197b4\" data-element_type=\"widget\" data-widget_type=\"image.default\">\n\t\t\t\t<div class=\"elementor-widget-container\">\n\t\t\t\t\t\t\t\t\t\t\t\t\t<img loading=\"lazy\" decoding=\"async\" width=\"271\" height=\"160\" src=\"https:\/\/fishfromcroatia.com\/wp-content\/uploads\/2023\/05\/Group-2383-1.svg\" class=\"attachment-full size-full wp-image-414\" alt=\"\" \/>\t\t\t\t\t\t\t\t\t\t\t\t\t<\/div>\n\t\t\t\t<\/div>\n\t\t\t\t<div class=\"elementor-element elementor-element-ecaa556 elementor-widget elementor-widget-heading\" data-id=\"ecaa556\" data-element_type=\"widget\" data-widget_type=\"heading.default\">\n\t\t\t\t<div class=\"elementor-widget-container\">\n\t\t\t<h2 class=\"elementor-heading-title elementor-size-default\">SUSTAINABILITY<\/h2>\t\t<\/div>\n\t\t\t\t<\/div>\n\t\t\t\t\t<\/div>\n\t\t<\/div>\n\t\t\t\t\t<\/div>\n\t\t<\/section>\n\t\t\t\t\t<\/div>\n\t\t<\/div>\n\t\t\t\t\t<\/div>\n\t\t<\/section>\n\t\t\t\t<\/div>","protected":false},"excerpt":{"rendered":"<p>Po\u010detna \/ Sitna plava riba \/\u00a0Povijest i zna\u010daj Povijest i zna\u010daj Srdela, &#8220;hraniteljica&#8221;, bila je klju\u010dna riba u hrvatskom ribarstvu. Prvi pisani tragovi ribarstva datiraju iz davnih vremena. Srdela je imala veliki utjecaj na ribarske ulove i lokalnu ekonomiju. Konzerviranje srdele ozna\u010dilo je po\u010detak industrije, a tehnike ribolova sitne plave ribe su se razvijale. Danas [&hellip;]<\/p>","protected":false},"author":1,"featured_media":0,"parent":0,"menu_order":0,"comment_status":"closed","ping_status":"closed","template":"","meta":{"_acf_changed":false,"inline_featured_image":false,"footnotes":""},"class_list":["post-2272","page","type-page","status-publish","hentry"],"acf":[],"yoast_head":"<!-- This site is optimized with the Yoast SEO plugin v25.3 - https:\/\/yoast.com\/wordpress\/plugins\/seo\/ -->\n<title>Povijest i zna\u010daj - Riba Hrvatske - Jedi \u0161to vrijedi<\/title>\n<meta name=\"robots\" content=\"index, follow, max-snippet:-1, max-image-preview:large, max-video-preview:-1\" \/>\n<link rel=\"canonical\" href=\"https:\/\/fishfromcroatia.com\/en\/povijest-i-znacaj\/\" \/>\n<meta property=\"og:locale\" content=\"en_GB\" \/>\n<meta property=\"og:type\" content=\"article\" \/>\n<meta property=\"og:title\" content=\"Povijest i zna\u010daj - Riba Hrvatske - Jedi \u0161to vrijedi\" \/>\n<meta property=\"og:description\" content=\"Po\u010detna \/ Sitna plava riba \/\u00a0Povijest i zna\u010daj Povijest i zna\u010daj Srdela, &#8220;hraniteljica&#8221;, bila je klju\u010dna riba u hrvatskom ribarstvu. Prvi pisani tragovi ribarstva datiraju iz davnih vremena. Srdela je imala veliki utjecaj na ribarske ulove i lokalnu ekonomiju. Konzerviranje srdele ozna\u010dilo je po\u010detak industrije, a tehnike ribolova sitne plave ribe su se razvijale. Danas [&hellip;]\" \/>\n<meta property=\"og:url\" content=\"https:\/\/fishfromcroatia.com\/en\/povijest-i-znacaj\/\" \/>\n<meta property=\"og:site_name\" content=\"Riba Hrvatske - Jedi \u0161to vrijedi\" \/>\n<meta property=\"article:modified_time\" content=\"2023-05-26T11:08:08+00:00\" \/>\n<meta property=\"og:image\" content=\"https:\/\/fishfromcroatia.com\/wp-content\/uploads\/2023\/05\/Mask-group-25.svg\" \/>\n<meta name=\"twitter:card\" content=\"summary_large_image\" \/>\n<meta name=\"twitter:label1\" content=\"Estimated reading time\" \/>\n\t<meta name=\"twitter:data1\" content=\"3 minutes\" \/>\n<script type=\"application\/ld+json\" class=\"yoast-schema-graph\">{\"@context\":\"https:\/\/schema.org\",\"@graph\":[{\"@type\":\"WebPage\",\"@id\":\"https:\/\/fishfromcroatia.com\/povijest-i-znacaj\/\",\"url\":\"https:\/\/fishfromcroatia.com\/povijest-i-znacaj\/\",\"name\":\"Povijest i zna\u010daj - Riba Hrvatske - Jedi \u0161to vrijedi\",\"isPartOf\":{\"@id\":\"https:\/\/fishfromcroatia.com\/#website\"},\"primaryImageOfPage\":{\"@id\":\"https:\/\/fishfromcroatia.com\/povijest-i-znacaj\/#primaryimage\"},\"image\":{\"@id\":\"https:\/\/fishfromcroatia.com\/povijest-i-znacaj\/#primaryimage\"},\"thumbnailUrl\":\"https:\/\/fishfromcroatia.com\/wp-content\/uploads\/2023\/05\/Mask-group-25.svg\",\"datePublished\":\"2023-05-26T11:04:27+00:00\",\"dateModified\":\"2023-05-26T11:08:08+00:00\",\"inLanguage\":\"en-GB\",\"potentialAction\":[{\"@type\":\"ReadAction\",\"target\":[\"https:\/\/fishfromcroatia.com\/povijest-i-znacaj\/\"]}]},{\"@type\":\"ImageObject\",\"inLanguage\":\"en-GB\",\"@id\":\"https:\/\/fishfromcroatia.com\/povijest-i-znacaj\/#primaryimage\",\"url\":\"https:\/\/fishfromcroatia.com\/wp-content\/uploads\/2023\/05\/Mask-group-25.svg\",\"contentUrl\":\"https:\/\/fishfromcroatia.com\/wp-content\/uploads\/2023\/05\/Mask-group-25.svg\"},{\"@type\":\"WebSite\",\"@id\":\"https:\/\/fishfromcroatia.com\/#website\",\"url\":\"https:\/\/fishfromcroatia.com\/\",\"name\":\"Riba Hrvatske - Jedi \u0161to vrijedi\",\"description\":\"\",\"publisher\":{\"@id\":\"https:\/\/fishfromcroatia.com\/#organization\"},\"potentialAction\":[{\"@type\":\"SearchAction\",\"target\":{\"@type\":\"EntryPoint\",\"urlTemplate\":\"https:\/\/fishfromcroatia.com\/?s={search_term_string}\"},\"query-input\":{\"@type\":\"PropertyValueSpecification\",\"valueRequired\":true,\"valueName\":\"search_term_string\"}}],\"inLanguage\":\"en-GB\"},{\"@type\":\"Organization\",\"@id\":\"https:\/\/fishfromcroatia.com\/#organization\",\"name\":\"Riba Hrvatske - Jedi \u0161to vrijedi\",\"url\":\"https:\/\/fishfromcroatia.com\/\",\"logo\":{\"@type\":\"ImageObject\",\"inLanguage\":\"en-GB\",\"@id\":\"https:\/\/fishfromcroatia.com\/#\/schema\/logo\/image\/\",\"url\":\"https:\/\/fishfromcroatia.com\/wp-content\/uploads\/2023\/05\/logo-manji.svg\",\"contentUrl\":\"https:\/\/fishfromcroatia.com\/wp-content\/uploads\/2023\/05\/logo-manji.svg\",\"width\":95,\"height\":70,\"caption\":\"Riba Hrvatske - Jedi \u0161to vrijedi\"},\"image\":{\"@id\":\"https:\/\/fishfromcroatia.com\/#\/schema\/logo\/image\/\"}}]}<\/script>\n<!-- \/ Yoast SEO plugin. -->","yoast_head_json":{"title":"Povijest i zna\u010daj - Riba Hrvatske - Jedi \u0161to vrijedi","robots":{"index":"index","follow":"follow","max-snippet":"max-snippet:-1","max-image-preview":"max-image-preview:large","max-video-preview":"max-video-preview:-1"},"canonical":"https:\/\/fishfromcroatia.com\/en\/povijest-i-znacaj\/","og_locale":"en_GB","og_type":"article","og_title":"Povijest i zna\u010daj - Riba Hrvatske - Jedi \u0161to vrijedi","og_description":"Po\u010detna \/ Sitna plava riba \/\u00a0Povijest i zna\u010daj Povijest i zna\u010daj Srdela, &#8220;hraniteljica&#8221;, bila je klju\u010dna riba u hrvatskom ribarstvu. Prvi pisani tragovi ribarstva datiraju iz davnih vremena. Srdela je imala veliki utjecaj na ribarske ulove i lokalnu ekonomiju. Konzerviranje srdele ozna\u010dilo je po\u010detak industrije, a tehnike ribolova sitne plave ribe su se razvijale. Danas [&hellip;]","og_url":"https:\/\/fishfromcroatia.com\/en\/povijest-i-znacaj\/","og_site_name":"Riba Hrvatske - Jedi \u0161to vrijedi","article_modified_time":"2023-05-26T11:08:08+00:00","og_image":[{"url":"https:\/\/fishfromcroatia.com\/wp-content\/uploads\/2023\/05\/Mask-group-25.svg","type":"","width":"","height":""}],"twitter_card":"summary_large_image","twitter_misc":{"Estimated reading time":"3 minutes"},"schema":{"@context":"https:\/\/schema.org","@graph":[{"@type":"WebPage","@id":"https:\/\/fishfromcroatia.com\/povijest-i-znacaj\/","url":"https:\/\/fishfromcroatia.com\/povijest-i-znacaj\/","name":"Povijest i zna\u010daj - Riba Hrvatske - Jedi \u0161to vrijedi","isPartOf":{"@id":"https:\/\/fishfromcroatia.com\/#website"},"primaryImageOfPage":{"@id":"https:\/\/fishfromcroatia.com\/povijest-i-znacaj\/#primaryimage"},"image":{"@id":"https:\/\/fishfromcroatia.com\/povijest-i-znacaj\/#primaryimage"},"thumbnailUrl":"https:\/\/fishfromcroatia.com\/wp-content\/uploads\/2023\/05\/Mask-group-25.svg","datePublished":"2023-05-26T11:04:27+00:00","dateModified":"2023-05-26T11:08:08+00:00","inLanguage":"en-GB","potentialAction":[{"@type":"ReadAction","target":["https:\/\/fishfromcroatia.com\/povijest-i-znacaj\/"]}]},{"@type":"ImageObject","inLanguage":"en-GB","@id":"https:\/\/fishfromcroatia.com\/povijest-i-znacaj\/#primaryimage","url":"https:\/\/fishfromcroatia.com\/wp-content\/uploads\/2023\/05\/Mask-group-25.svg","contentUrl":"https:\/\/fishfromcroatia.com\/wp-content\/uploads\/2023\/05\/Mask-group-25.svg"},{"@type":"WebSite","@id":"https:\/\/fishfromcroatia.com\/#website","url":"https:\/\/fishfromcroatia.com\/","name":"Riba Hrvatske - Jedi \u0161to vrijedi","description":"","publisher":{"@id":"https:\/\/fishfromcroatia.com\/#organization"},"potentialAction":[{"@type":"SearchAction","target":{"@type":"EntryPoint","urlTemplate":"https:\/\/fishfromcroatia.com\/?s={search_term_string}"},"query-input":{"@type":"PropertyValueSpecification","valueRequired":true,"valueName":"search_term_string"}}],"inLanguage":"en-GB"},{"@type":"Organization","@id":"https:\/\/fishfromcroatia.com\/#organization","name":"Riba Hrvatske - Jedi \u0161to vrijedi","url":"https:\/\/fishfromcroatia.com\/","logo":{"@type":"ImageObject","inLanguage":"en-GB","@id":"https:\/\/fishfromcroatia.com\/#\/schema\/logo\/image\/","url":"https:\/\/fishfromcroatia.com\/wp-content\/uploads\/2023\/05\/logo-manji.svg","contentUrl":"https:\/\/fishfromcroatia.com\/wp-content\/uploads\/2023\/05\/logo-manji.svg","width":95,"height":70,"caption":"Riba Hrvatske - Jedi \u0161to vrijedi"},"image":{"@id":"https:\/\/fishfromcroatia.com\/#\/schema\/logo\/image\/"}}]}},"_links":{"self":[{"href":"https:\/\/fishfromcroatia.com\/en\/wp-json\/wp\/v2\/pages\/2272","targetHints":{"allow":["GET"]}}],"collection":[{"href":"https:\/\/fishfromcroatia.com\/en\/wp-json\/wp\/v2\/pages"}],"about":[{"href":"https:\/\/fishfromcroatia.com\/en\/wp-json\/wp\/v2\/types\/page"}],"author":[{"embeddable":true,"href":"https:\/\/fishfromcroatia.com\/en\/wp-json\/wp\/v2\/users\/1"}],"replies":[{"embeddable":true,"href":"https:\/\/fishfromcroatia.com\/en\/wp-json\/wp\/v2\/comments?post=2272"}],"version-history":[{"count":13,"href":"https:\/\/fishfromcroatia.com\/en\/wp-json\/wp\/v2\/pages\/2272\/revisions"}],"predecessor-version":[{"id":2292,"href":"https:\/\/fishfromcroatia.com\/en\/wp-json\/wp\/v2\/pages\/2272\/revisions\/2292"}],"wp:attachment":[{"href":"https:\/\/fishfromcroatia.com\/en\/wp-json\/wp\/v2\/media?parent=2272"}],"curies":[{"name":"wp","href":"https:\/\/api.w.org\/{rel}","templated":true}]}}