{"id":2302,"date":"2023-05-26T11:10:16","date_gmt":"2023-05-26T11:10:16","guid":{"rendered":"https:\/\/fishfromcroatia.com\/?page_id=2302"},"modified":"2023-07-03T10:21:42","modified_gmt":"2023-07-03T10:21:42","slug":"smrznuto-i-svjeze","status":"publish","type":"page","link":"https:\/\/fishfromcroatia.com\/en\/smrznuto-i-svjeze\/","title":{"rendered":"Frozen and fresh"},"content":{"rendered":"<div data-elementor-type=\"wp-page\" data-elementor-id=\"2302\" class=\"elementor elementor-2302\" data-elementor-post-type=\"page\">\n\t\t\t\t\t\t<section class=\"has_ae_slider elementor-section elementor-top-section elementor-element elementor-element-4b74ffa elementor-section-boxed elementor-section-height-default elementor-section-height-default ae-bg-gallery-type-default\" data-id=\"4b74ffa\" data-element_type=\"section\" data-settings=\"{&quot;background_background&quot;:&quot;gradient&quot;}\">\n\t\t\t\t\t\t<div class=\"elementor-container elementor-column-gap-default\">\n\t\t\t\t\t<div class=\"has_ae_slider elementor-column elementor-col-100 elementor-top-column elementor-element elementor-element-d77614f ae-bg-gallery-type-default\" data-id=\"d77614f\" data-element_type=\"column\">\n\t\t\t<div class=\"elementor-widget-wrap elementor-element-populated\">\n\t\t\t\t\t\t<div class=\"elementor-element elementor-element-31a7bbd elementor-widget elementor-widget-text-editor\" data-id=\"31a7bbd\" data-element_type=\"widget\" data-widget_type=\"text-editor.default\">\n\t\t\t\t<div class=\"elementor-widget-container\">\n\t\t\t<style>\/*! elementor - v3.19.0 - 28-02-2024 *\/\n.elementor-widget-text-editor.elementor-drop-cap-view-stacked .elementor-drop-cap{background-color:#69727d;color:#fff}.elementor-widget-text-editor.elementor-drop-cap-view-framed .elementor-drop-cap{color:#69727d;border:3px solid;background-color:transparent}.elementor-widget-text-editor:not(.elementor-drop-cap-view-default) .elementor-drop-cap{margin-top:8px}.elementor-widget-text-editor:not(.elementor-drop-cap-view-default) .elementor-drop-cap-letter{width:1em;height:1em}.elementor-widget-text-editor .elementor-drop-cap{float:left;text-align:center;line-height:1;font-size:50px}.elementor-widget-text-editor .elementor-drop-cap-letter{display:inline-block}<\/style>\t\t\t\t<p><span style=\"color: #000000;\"><a style=\"color: #000000;\" href=\"\/en\/\">Homepage<\/a> \/ <a style=\"color: #000000;\" href=\"\/en\/sitna-plava-riba\/\">Pelagic fish<\/a> \/<strong> Frozen and fresh<\/strong><\/span><\/p>\t\t\t\t\t\t<\/div>\n\t\t\t\t<\/div>\n\t\t\t\t<section class=\"has_ae_slider elementor-section elementor-inner-section elementor-element elementor-element-2843779 elementor-section-boxed elementor-section-height-default elementor-section-height-default ae-bg-gallery-type-default\" data-id=\"2843779\" data-element_type=\"section\">\n\t\t\t\t\t\t<div class=\"elementor-container elementor-column-gap-default\">\n\t\t\t\t\t<div class=\"has_ae_slider elementor-column elementor-col-100 elementor-inner-column elementor-element elementor-element-fa6b5bc ae-bg-gallery-type-default\" data-id=\"fa6b5bc\" data-element_type=\"column\" data-settings=\"{&quot;background_background&quot;:&quot;classic&quot;}\">\n\t\t\t<div class=\"elementor-widget-wrap elementor-element-populated\">\n\t\t\t\t\t\t<div class=\"elementor-element elementor-element-943ac28 elementor-widget elementor-widget-heading\" data-id=\"943ac28\" data-element_type=\"widget\" data-widget_type=\"heading.default\">\n\t\t\t\t<div class=\"elementor-widget-container\">\n\t\t\t<style>\/*! elementor - v3.19.0 - 28-02-2024 *\/\n.elementor-heading-title{padding:0;margin:0;line-height:1}.elementor-widget-heading .elementor-heading-title[class*=elementor-size-]>a{color:inherit;font-size:inherit;line-height:inherit}.elementor-widget-heading .elementor-heading-title.elementor-size-small{font-size:15px}.elementor-widget-heading .elementor-heading-title.elementor-size-medium{font-size:19px}.elementor-widget-heading .elementor-heading-title.elementor-size-large{font-size:29px}.elementor-widget-heading .elementor-heading-title.elementor-size-xl{font-size:39px}.elementor-widget-heading .elementor-heading-title.elementor-size-xxl{font-size:59px}<\/style><h2 class=\"elementor-heading-title elementor-size-default\">Frozen and fresh<\/h2>\t\t<\/div>\n\t\t\t\t<\/div>\n\t\t\t\t<div class=\"elementor-element elementor-element-f9957b2 elementor-widget elementor-widget-image\" data-id=\"f9957b2\" data-element_type=\"widget\" data-widget_type=\"image.default\">\n\t\t\t\t<div class=\"elementor-widget-container\">\n\t\t\t<style>\/*! elementor - v3.19.0 - 28-02-2024 *\/\n.elementor-widget-image{text-align:center}.elementor-widget-image a{display:inline-block}.elementor-widget-image a img[src$=\".svg\"]{width:48px}.elementor-widget-image img{vertical-align:middle;display:inline-block}<\/style>\t\t\t\t\t\t\t\t\t\t<img fetchpriority=\"high\" decoding=\"async\" width=\"660\" height=\"431\" src=\"https:\/\/fishfromcroatia.com\/wp-content\/uploads\/2023\/07\/Mask-group-50.png\" class=\"attachment-full size-full wp-image-3944\" alt=\"\" srcset=\"https:\/\/fishfromcroatia.com\/wp-content\/uploads\/2023\/07\/Mask-group-50.png 660w, https:\/\/fishfromcroatia.com\/wp-content\/uploads\/2023\/07\/Mask-group-50-300x196.png 300w, https:\/\/fishfromcroatia.com\/wp-content\/uploads\/2023\/07\/Mask-group-50-18x12.png 18w\" sizes=\"(max-width: 660px) 100vw, 660px\" \/>\t\t\t\t\t\t\t\t\t\t\t\t\t<\/div>\n\t\t\t\t<\/div>\n\t\t\t\t<div class=\"elementor-element elementor-element-f2aed6f elementor-widget elementor-widget-text-editor\" data-id=\"f2aed6f\" data-element_type=\"widget\" data-widget_type=\"text-editor.default\">\n\t\t\t\t<div class=\"elementor-widget-container\">\n\t\t\t\t\t\t\t<p>In the last few decades in the Republic of Croatia, a whole series of new modern production facilities were designed to receive fresh fish, anchovies and sardines from fishing boats. These are then either processed or immediately exported fresh while maintaining an uninterrupted cold chain.<\/p><p>Small pelagic fish in the Republic of Croatia is frozen either in blocks or by IQF. The most common, individual quick freezing (IQF) takes place on modern high capacity IQF machines, which ensures that the temperature is lowered sharply in a very short time. Unlike conventional tunnels, this freezing system does not dry out the fish by using a stream of cold air. On the contrary, it retains all its natural properties. This ensures the high quality of the resulting frozen sardine and anchovy product. Thanks to this state-of-the-art technology, after defrosting, the fish retains all the characteristics of freshly caught fish. <br \/>Thanks to this state-of-the-art technology, after defrosting, the fish retains all the characteristics of freshly caught fish.<\/p><p>Frozen products are packaged in packages of various weights according to customer requests, either as larger packages or as retail packages that allow a tasty and healthy meal to be prepared without great effort.<\/p>\t\t\t\t\t\t<\/div>\n\t\t\t\t<\/div>\n\t\t\t\t\t<\/div>\n\t\t<\/div>\n\t\t\t\t\t<\/div>\n\t\t<\/section>\n\t\t\t\t\t<\/div>\n\t\t<\/div>\n\t\t\t\t\t<\/div>\n\t\t<\/section>\n\t\t\t\t<section class=\"has_ae_slider elementor-section elementor-top-section elementor-element elementor-element-190f859 elementor-section-boxed elementor-section-height-default elementor-section-height-default ae-bg-gallery-type-default\" data-id=\"190f859\" data-element_type=\"section\" data-settings=\"{&quot;background_background&quot;:&quot;classic&quot;}\">\n\t\t\t\t\t\t<div class=\"elementor-container elementor-column-gap-default\">\n\t\t\t\t\t<div class=\"has_ae_slider elementor-column elementor-col-100 elementor-top-column elementor-element elementor-element-79bc048 ae-bg-gallery-type-default\" data-id=\"79bc048\" data-element_type=\"column\">\n\t\t\t<div class=\"elementor-widget-wrap elementor-element-populated\">\n\t\t\t\t\t\t<div class=\"elementor-element elementor-element-9623a7e elementor-widget elementor-widget-heading\" data-id=\"9623a7e\" data-element_type=\"widget\" data-widget_type=\"heading.default\">\n\t\t\t\t<div class=\"elementor-widget-container\">\n\t\t\t<h2 class=\"elementor-heading-title elementor-size-default\">Read more...<\/h2>\t\t<\/div>\n\t\t\t\t<\/div>\n\t\t\t\t<section class=\"has_ae_slider elementor-section elementor-inner-section elementor-element elementor-element-242e059 elementor-section-full_width elementor-section-height-default elementor-section-height-default ae-bg-gallery-type-default\" data-id=\"242e059\" data-element_type=\"section\">\n\t\t\t\t\t\t<div class=\"elementor-container elementor-column-gap-default\">\n\t\t\t\t\t<div class=\"has_ae_slider make-column-clickable-elementor elementor-column elementor-col-50 elementor-inner-column elementor-element elementor-element-f501982 ae-bg-gallery-type-default\" style=\"cursor: pointer;\" data-column-clickable=\"marinirano-i-slano\" data-column-clickable-blank=\"_self\" data-id=\"f501982\" data-element_type=\"column\" data-settings=\"{&quot;background_background&quot;:&quot;classic&quot;}\">\n\t\t\t<div class=\"elementor-widget-wrap elementor-element-populated\">\n\t\t\t\t\t\t<div class=\"elementor-element elementor-element-88441cc elementor-widget elementor-widget-image\" data-id=\"88441cc\" data-element_type=\"widget\" data-widget_type=\"image.default\">\n\t\t\t\t<div class=\"elementor-widget-container\">\n\t\t\t\t\t\t\t\t\t\t\t\t\t<img decoding=\"async\" width=\"271\" height=\"160\" src=\"https:\/\/fishfromcroatia.com\/wp-content\/uploads\/2023\/07\/Frame-130346.png\" class=\"attachment-full size-full wp-image-3939\" alt=\"\" srcset=\"https:\/\/fishfromcroatia.com\/wp-content\/uploads\/2023\/07\/Frame-130346.png 271w, https:\/\/fishfromcroatia.com\/wp-content\/uploads\/2023\/07\/Frame-130346-18x12.png 18w\" sizes=\"(max-width: 271px) 100vw, 271px\" \/>\t\t\t\t\t\t\t\t\t\t\t\t\t<\/div>\n\t\t\t\t<\/div>\n\t\t\t\t<div class=\"elementor-element elementor-element-cf90e36 elementor-widget elementor-widget-heading\" data-id=\"cf90e36\" data-element_type=\"widget\" data-widget_type=\"heading.default\">\n\t\t\t\t<div class=\"elementor-widget-container\">\n\t\t\t<h2 class=\"elementor-heading-title elementor-size-default\">MARINED AND SALTED<\/h2>\t\t<\/div>\n\t\t\t\t<\/div>\n\t\t\t\t\t<\/div>\n\t\t<\/div>\n\t\t\t\t<div class=\"has_ae_slider make-column-clickable-elementor elementor-column elementor-col-50 elementor-inner-column elementor-element elementor-element-c2b5e88 ae-bg-gallery-type-default\" style=\"cursor: pointer;\" data-column-clickable=\"konzerve\" data-column-clickable-blank=\"_self\" data-id=\"c2b5e88\" data-element_type=\"column\" data-settings=\"{&quot;background_background&quot;:&quot;classic&quot;}\">\n\t\t\t<div class=\"elementor-widget-wrap elementor-element-populated\">\n\t\t\t\t\t\t<div class=\"elementor-element elementor-element-a10204f elementor-widget elementor-widget-image\" data-id=\"a10204f\" data-element_type=\"widget\" data-widget_type=\"image.default\">\n\t\t\t\t<div class=\"elementor-widget-container\">\n\t\t\t\t\t\t\t\t\t\t\t\t\t<img decoding=\"async\" width=\"271\" height=\"160\" src=\"https:\/\/fishfromcroatia.com\/wp-content\/uploads\/2023\/05\/Group-2383.svg\" class=\"attachment-full size-full wp-image-86\" alt=\"\" \/>\t\t\t\t\t\t\t\t\t\t\t\t\t<\/div>\n\t\t\t\t<\/div>\n\t\t\t\t<div class=\"elementor-element elementor-element-28be609 elementor-widget elementor-widget-heading\" data-id=\"28be609\" data-element_type=\"widget\" data-widget_type=\"heading.default\">\n\t\t\t\t<div class=\"elementor-widget-container\">\n\t\t\t<h2 class=\"elementor-heading-title elementor-size-default\">CANS<\/h2>\t\t<\/div>\n\t\t\t\t<\/div>\n\t\t\t\t\t<\/div>\n\t\t<\/div>\n\t\t\t\t\t<\/div>\n\t\t<\/section>\n\t\t\t\t\t<\/div>\n\t\t<\/div>\n\t\t\t\t\t<\/div>\n\t\t<\/section>\n\t\t\t\t<\/div>","protected":false},"excerpt":{"rendered":"<p>Po\u010detna \/ Sitna plava riba \/ Smrznuto i svje\u017ee Smrznuto i svje\u017ee U Republici Hrvatskoj u posljednjih nekoliko desetlje\u0107a izgra\u0111en je cijeli niz novih modernih proizvodnih pogona koji prihva\u0107aju svje\u017eu ribu, in\u0107un i srdelu s ribarskih brodova. Ta riba se zatim obra\u0111uje ili izvozi svje\u017ea, zadr\u017eavaju\u0107i neprekinuti hladni lanac. Sitna plava riba se u Republici [&hellip;]<\/p>","protected":false},"author":1,"featured_media":0,"parent":0,"menu_order":0,"comment_status":"closed","ping_status":"closed","template":"","meta":{"_acf_changed":false,"inline_featured_image":false,"footnotes":""},"class_list":["post-2302","page","type-page","status-publish","hentry"],"acf":[],"yoast_head":"<!-- This site is optimized with the Yoast SEO plugin v25.3 - https:\/\/yoast.com\/wordpress\/plugins\/seo\/ -->\n<title>Smrznuto i svje\u017ee - Riba Hrvatske - Jedi \u0161to vrijedi<\/title>\n<meta name=\"robots\" content=\"index, follow, max-snippet:-1, max-image-preview:large, max-video-preview:-1\" \/>\n<link rel=\"canonical\" href=\"https:\/\/fishfromcroatia.com\/en\/smrznuto-i-svjeze\/\" \/>\n<meta property=\"og:locale\" content=\"en_GB\" \/>\n<meta property=\"og:type\" content=\"article\" \/>\n<meta property=\"og:title\" content=\"Smrznuto i svje\u017ee - Riba Hrvatske - Jedi \u0161to vrijedi\" \/>\n<meta property=\"og:description\" content=\"Po\u010detna \/ Sitna plava riba \/ Smrznuto i svje\u017ee Smrznuto i svje\u017ee U Republici Hrvatskoj u posljednjih nekoliko desetlje\u0107a izgra\u0111en je cijeli niz novih modernih proizvodnih pogona koji prihva\u0107aju svje\u017eu ribu, in\u0107un i srdelu s ribarskih brodova. Ta riba se zatim obra\u0111uje ili izvozi svje\u017ea, zadr\u017eavaju\u0107i neprekinuti hladni lanac. Sitna plava riba se u Republici [&hellip;]\" \/>\n<meta property=\"og:url\" content=\"https:\/\/fishfromcroatia.com\/en\/smrznuto-i-svjeze\/\" \/>\n<meta property=\"og:site_name\" content=\"Riba Hrvatske - Jedi \u0161to vrijedi\" \/>\n<meta property=\"article:modified_time\" content=\"2023-07-03T10:21:42+00:00\" \/>\n<meta property=\"og:image\" content=\"https:\/\/fishfromcroatia.com\/wp-content\/uploads\/2023\/07\/Mask-group-50.png\" \/>\n<meta name=\"twitter:card\" content=\"summary_large_image\" \/>\n<meta name=\"twitter:label1\" content=\"Estimated reading time\" \/>\n\t<meta name=\"twitter:data1\" content=\"2 minutes\" \/>\n<script type=\"application\/ld+json\" class=\"yoast-schema-graph\">{\"@context\":\"https:\/\/schema.org\",\"@graph\":[{\"@type\":\"WebPage\",\"@id\":\"https:\/\/fishfromcroatia.com\/smrznuto-i-svjeze\/\",\"url\":\"https:\/\/fishfromcroatia.com\/smrznuto-i-svjeze\/\",\"name\":\"Smrznuto i svje\u017ee - Riba Hrvatske - Jedi \u0161to vrijedi\",\"isPartOf\":{\"@id\":\"https:\/\/fishfromcroatia.com\/#website\"},\"primaryImageOfPage\":{\"@id\":\"https:\/\/fishfromcroatia.com\/smrznuto-i-svjeze\/#primaryimage\"},\"image\":{\"@id\":\"https:\/\/fishfromcroatia.com\/smrznuto-i-svjeze\/#primaryimage\"},\"thumbnailUrl\":\"https:\/\/fishfromcroatia.com\/wp-content\/uploads\/2023\/07\/Mask-group-50.png\",\"datePublished\":\"2023-05-26T11:10:16+00:00\",\"dateModified\":\"2023-07-03T10:21:42+00:00\",\"inLanguage\":\"en-GB\",\"potentialAction\":[{\"@type\":\"ReadAction\",\"target\":[\"https:\/\/fishfromcroatia.com\/smrznuto-i-svjeze\/\"]}]},{\"@type\":\"ImageObject\",\"inLanguage\":\"en-GB\",\"@id\":\"https:\/\/fishfromcroatia.com\/smrznuto-i-svjeze\/#primaryimage\",\"url\":\"https:\/\/fishfromcroatia.com\/wp-content\/uploads\/2023\/07\/Mask-group-50.png\",\"contentUrl\":\"https:\/\/fishfromcroatia.com\/wp-content\/uploads\/2023\/07\/Mask-group-50.png\"},{\"@type\":\"WebSite\",\"@id\":\"https:\/\/fishfromcroatia.com\/#website\",\"url\":\"https:\/\/fishfromcroatia.com\/\",\"name\":\"Riba Hrvatske - Jedi \u0161to vrijedi\",\"description\":\"\",\"publisher\":{\"@id\":\"https:\/\/fishfromcroatia.com\/#organization\"},\"potentialAction\":[{\"@type\":\"SearchAction\",\"target\":{\"@type\":\"EntryPoint\",\"urlTemplate\":\"https:\/\/fishfromcroatia.com\/?s={search_term_string}\"},\"query-input\":{\"@type\":\"PropertyValueSpecification\",\"valueRequired\":true,\"valueName\":\"search_term_string\"}}],\"inLanguage\":\"en-GB\"},{\"@type\":\"Organization\",\"@id\":\"https:\/\/fishfromcroatia.com\/#organization\",\"name\":\"Riba Hrvatske - Jedi \u0161to vrijedi\",\"url\":\"https:\/\/fishfromcroatia.com\/\",\"logo\":{\"@type\":\"ImageObject\",\"inLanguage\":\"en-GB\",\"@id\":\"https:\/\/fishfromcroatia.com\/#\/schema\/logo\/image\/\",\"url\":\"https:\/\/fishfromcroatia.com\/wp-content\/uploads\/2023\/05\/logo-manji.svg\",\"contentUrl\":\"https:\/\/fishfromcroatia.com\/wp-content\/uploads\/2023\/05\/logo-manji.svg\",\"width\":95,\"height\":70,\"caption\":\"Riba Hrvatske - Jedi \u0161to vrijedi\"},\"image\":{\"@id\":\"https:\/\/fishfromcroatia.com\/#\/schema\/logo\/image\/\"}}]}<\/script>\n<!-- \/ Yoast SEO plugin. -->","yoast_head_json":{"title":"Smrznuto i svje\u017ee - Riba Hrvatske - Jedi \u0161to vrijedi","robots":{"index":"index","follow":"follow","max-snippet":"max-snippet:-1","max-image-preview":"max-image-preview:large","max-video-preview":"max-video-preview:-1"},"canonical":"https:\/\/fishfromcroatia.com\/en\/smrznuto-i-svjeze\/","og_locale":"en_GB","og_type":"article","og_title":"Smrznuto i svje\u017ee - Riba Hrvatske - Jedi \u0161to vrijedi","og_description":"Po\u010detna \/ Sitna plava riba \/ Smrznuto i svje\u017ee Smrznuto i svje\u017ee U Republici Hrvatskoj u posljednjih nekoliko desetlje\u0107a izgra\u0111en je cijeli niz novih modernih proizvodnih pogona koji prihva\u0107aju svje\u017eu ribu, in\u0107un i srdelu s ribarskih brodova. Ta riba se zatim obra\u0111uje ili izvozi svje\u017ea, zadr\u017eavaju\u0107i neprekinuti hladni lanac. Sitna plava riba se u Republici [&hellip;]","og_url":"https:\/\/fishfromcroatia.com\/en\/smrznuto-i-svjeze\/","og_site_name":"Riba Hrvatske - Jedi \u0161to vrijedi","article_modified_time":"2023-07-03T10:21:42+00:00","og_image":[{"url":"https:\/\/fishfromcroatia.com\/wp-content\/uploads\/2023\/07\/Mask-group-50.png","type":"","width":"","height":""}],"twitter_card":"summary_large_image","twitter_misc":{"Estimated reading time":"2 minutes"},"schema":{"@context":"https:\/\/schema.org","@graph":[{"@type":"WebPage","@id":"https:\/\/fishfromcroatia.com\/smrznuto-i-svjeze\/","url":"https:\/\/fishfromcroatia.com\/smrznuto-i-svjeze\/","name":"Smrznuto i svje\u017ee - Riba Hrvatske - Jedi \u0161to vrijedi","isPartOf":{"@id":"https:\/\/fishfromcroatia.com\/#website"},"primaryImageOfPage":{"@id":"https:\/\/fishfromcroatia.com\/smrznuto-i-svjeze\/#primaryimage"},"image":{"@id":"https:\/\/fishfromcroatia.com\/smrznuto-i-svjeze\/#primaryimage"},"thumbnailUrl":"https:\/\/fishfromcroatia.com\/wp-content\/uploads\/2023\/07\/Mask-group-50.png","datePublished":"2023-05-26T11:10:16+00:00","dateModified":"2023-07-03T10:21:42+00:00","inLanguage":"en-GB","potentialAction":[{"@type":"ReadAction","target":["https:\/\/fishfromcroatia.com\/smrznuto-i-svjeze\/"]}]},{"@type":"ImageObject","inLanguage":"en-GB","@id":"https:\/\/fishfromcroatia.com\/smrznuto-i-svjeze\/#primaryimage","url":"https:\/\/fishfromcroatia.com\/wp-content\/uploads\/2023\/07\/Mask-group-50.png","contentUrl":"https:\/\/fishfromcroatia.com\/wp-content\/uploads\/2023\/07\/Mask-group-50.png"},{"@type":"WebSite","@id":"https:\/\/fishfromcroatia.com\/#website","url":"https:\/\/fishfromcroatia.com\/","name":"Riba Hrvatske - Jedi \u0161to vrijedi","description":"","publisher":{"@id":"https:\/\/fishfromcroatia.com\/#organization"},"potentialAction":[{"@type":"SearchAction","target":{"@type":"EntryPoint","urlTemplate":"https:\/\/fishfromcroatia.com\/?s={search_term_string}"},"query-input":{"@type":"PropertyValueSpecification","valueRequired":true,"valueName":"search_term_string"}}],"inLanguage":"en-GB"},{"@type":"Organization","@id":"https:\/\/fishfromcroatia.com\/#organization","name":"Riba Hrvatske - Jedi \u0161to vrijedi","url":"https:\/\/fishfromcroatia.com\/","logo":{"@type":"ImageObject","inLanguage":"en-GB","@id":"https:\/\/fishfromcroatia.com\/#\/schema\/logo\/image\/","url":"https:\/\/fishfromcroatia.com\/wp-content\/uploads\/2023\/05\/logo-manji.svg","contentUrl":"https:\/\/fishfromcroatia.com\/wp-content\/uploads\/2023\/05\/logo-manji.svg","width":95,"height":70,"caption":"Riba Hrvatske - Jedi \u0161to vrijedi"},"image":{"@id":"https:\/\/fishfromcroatia.com\/#\/schema\/logo\/image\/"}}]}},"_links":{"self":[{"href":"https:\/\/fishfromcroatia.com\/en\/wp-json\/wp\/v2\/pages\/2302","targetHints":{"allow":["GET"]}}],"collection":[{"href":"https:\/\/fishfromcroatia.com\/en\/wp-json\/wp\/v2\/pages"}],"about":[{"href":"https:\/\/fishfromcroatia.com\/en\/wp-json\/wp\/v2\/types\/page"}],"author":[{"embeddable":true,"href":"https:\/\/fishfromcroatia.com\/en\/wp-json\/wp\/v2\/users\/1"}],"replies":[{"embeddable":true,"href":"https:\/\/fishfromcroatia.com\/en\/wp-json\/wp\/v2\/comments?post=2302"}],"version-history":[{"count":37,"href":"https:\/\/fishfromcroatia.com\/en\/wp-json\/wp\/v2\/pages\/2302\/revisions"}],"predecessor-version":[{"id":3949,"href":"https:\/\/fishfromcroatia.com\/en\/wp-json\/wp\/v2\/pages\/2302\/revisions\/3949"}],"wp:attachment":[{"href":"https:\/\/fishfromcroatia.com\/en\/wp-json\/wp\/v2\/media?parent=2302"}],"curies":[{"name":"wp","href":"https:\/\/api.w.org\/{rel}","templated":true}]}}