{"id":2240,"date":"2023-05-26T10:48:15","date_gmt":"2023-05-26T10:48:15","guid":{"rendered":"https:\/\/fishfromcroatia.com\/?page_id=2240"},"modified":"2023-07-10T09:03:21","modified_gmt":"2023-07-10T09:03:21","slug":"visoki-standardi-kvalitete-i-sigurnosti-hrane","status":"publish","type":"page","link":"https:\/\/fishfromcroatia.com\/es\/visoki-standardi-kvalitete-i-sigurnosti-hrane\/","title":{"rendered":"Los altos est\u00e1ndares de calidad y seguridad"},"content":{"rendered":"<div data-elementor-type=\"wp-page\" data-elementor-id=\"2240\" class=\"elementor elementor-2240\" data-elementor-post-type=\"page\">\n\t\t\t\t\t\t<section class=\"has_ae_slider elementor-section elementor-top-section elementor-element elementor-element-49083c2 elementor-section-boxed elementor-section-height-default elementor-section-height-default ae-bg-gallery-type-default\" data-id=\"49083c2\" data-element_type=\"section\" data-settings=\"{&quot;background_background&quot;:&quot;gradient&quot;}\">\n\t\t\t\t\t\t<div class=\"elementor-container elementor-column-gap-default\">\n\t\t\t\t\t<div class=\"has_ae_slider elementor-column elementor-col-100 elementor-top-column elementor-element elementor-element-5982bba ae-bg-gallery-type-default\" data-id=\"5982bba\" data-element_type=\"column\">\n\t\t\t<div class=\"elementor-widget-wrap elementor-element-populated\">\n\t\t\t\t\t\t<div class=\"elementor-element elementor-element-bda4bd5 elementor-widget elementor-widget-text-editor\" data-id=\"bda4bd5\" data-element_type=\"widget\" data-widget_type=\"text-editor.default\">\n\t\t\t\t<div class=\"elementor-widget-container\">\n\t\t\t<style>\/*! elementor - v3.19.0 - 28-02-2024 *\/\n.elementor-widget-text-editor.elementor-drop-cap-view-stacked .elementor-drop-cap{background-color:#69727d;color:#fff}.elementor-widget-text-editor.elementor-drop-cap-view-framed .elementor-drop-cap{color:#69727d;border:3px solid;background-color:transparent}.elementor-widget-text-editor:not(.elementor-drop-cap-view-default) .elementor-drop-cap{margin-top:8px}.elementor-widget-text-editor:not(.elementor-drop-cap-view-default) .elementor-drop-cap-letter{width:1em;height:1em}.elementor-widget-text-editor .elementor-drop-cap{float:left;text-align:center;line-height:1;font-size:50px}.elementor-widget-text-editor .elementor-drop-cap-letter{display:inline-block}<\/style>\t\t\t\t<p><span style=\"color: #231f20;\"><a style=\"color: #231f20;\" href=\"\/es\/\">P\u00e1gina principal<\/a> <\/span>\/ <strong>Los altos est\u00e1ndares de calidad y seguridad<\/strong><\/p>\t\t\t\t\t\t<\/div>\n\t\t\t\t<\/div>\n\t\t\t\t<section class=\"has_ae_slider elementor-section elementor-inner-section elementor-element elementor-element-831728c elementor-section-boxed elementor-section-height-default elementor-section-height-default ae-bg-gallery-type-default\" data-id=\"831728c\" data-element_type=\"section\">\n\t\t\t\t\t\t<div class=\"elementor-container elementor-column-gap-default\">\n\t\t\t\t\t<div class=\"has_ae_slider elementor-column elementor-col-100 elementor-inner-column elementor-element elementor-element-20077a3 ae-bg-gallery-type-default\" data-id=\"20077a3\" data-element_type=\"column\" data-settings=\"{&quot;background_background&quot;:&quot;classic&quot;}\">\n\t\t\t<div class=\"elementor-widget-wrap elementor-element-populated\">\n\t\t\t\t\t\t<div class=\"elementor-element elementor-element-b7469c2 elementor-widget elementor-widget-heading\" data-id=\"b7469c2\" data-element_type=\"widget\" data-widget_type=\"heading.default\">\n\t\t\t\t<div class=\"elementor-widget-container\">\n\t\t\t<style>\/*! elementor - v3.19.0 - 28-02-2024 *\/\n.elementor-heading-title{padding:0;margin:0;line-height:1}.elementor-widget-heading .elementor-heading-title[class*=elementor-size-]>a{color:inherit;font-size:inherit;line-height:inherit}.elementor-widget-heading .elementor-heading-title.elementor-size-small{font-size:15px}.elementor-widget-heading .elementor-heading-title.elementor-size-medium{font-size:19px}.elementor-widget-heading .elementor-heading-title.elementor-size-large{font-size:29px}.elementor-widget-heading .elementor-heading-title.elementor-size-xl{font-size:39px}.elementor-widget-heading .elementor-heading-title.elementor-size-xxl{font-size:59px}<\/style><h2 class=\"elementor-heading-title elementor-size-default\">Los altos est\u00e1ndares<br> de calidad y seguridad<\/h2>\t\t<\/div>\n\t\t\t\t<\/div>\n\t\t\t\t<div class=\"elementor-element elementor-element-4424f7a elementor-widget elementor-widget-image\" data-id=\"4424f7a\" data-element_type=\"widget\" data-widget_type=\"image.default\">\n\t\t\t\t<div class=\"elementor-widget-container\">\n\t\t\t<style>\/*! elementor - v3.19.0 - 28-02-2024 *\/\n.elementor-widget-image{text-align:center}.elementor-widget-image a{display:inline-block}.elementor-widget-image a img[src$=\".svg\"]{width:48px}.elementor-widget-image img{vertical-align:middle;display:inline-block}<\/style>\t\t\t\t\t\t\t\t\t\t<img fetchpriority=\"high\" decoding=\"async\" width=\"660\" height=\"431\" src=\"https:\/\/fishfromcroatia.com\/wp-content\/uploads\/2023\/07\/Mask-group-53.png\" class=\"attachment-full size-full wp-image-4244\" alt=\"\" srcset=\"https:\/\/fishfromcroatia.com\/wp-content\/uploads\/2023\/07\/Mask-group-53.png 660w, https:\/\/fishfromcroatia.com\/wp-content\/uploads\/2023\/07\/Mask-group-53-300x196.png 300w, https:\/\/fishfromcroatia.com\/wp-content\/uploads\/2023\/07\/Mask-group-53-18x12.png 18w\" sizes=\"(max-width: 660px) 100vw, 660px\" \/>\t\t\t\t\t\t\t\t\t\t\t\t\t<\/div>\n\t\t\t\t<\/div>\n\t\t\t\t<div class=\"elementor-element elementor-element-e01ec22 elementor-widget elementor-widget-text-editor\" data-id=\"e01ec22\" data-element_type=\"widget\" data-widget_type=\"text-editor.default\">\n\t\t\t\t<div class=\"elementor-widget-container\">\n\t\t\t\t\t\t\t<p>Los altos est\u00e1ndares de calidad y seguridad de los alimentos est\u00e1n garantizados principalmente por el estricto marco jur\u00eddico nacional y de la UE.<\/p>\t\t\t\t\t\t<\/div>\n\t\t\t\t<\/div>\n\t\t\t\t<div class=\"elementor-element elementor-element-ef731c9 elementor-widget elementor-widget-text-editor\" data-id=\"ef731c9\" data-element_type=\"widget\" data-widget_type=\"text-editor.default\">\n\t\t\t\t<div class=\"elementor-widget-container\">\n\t\t\t\t\t\t\t<p>Dado que el pescado es un producto extremadamente perecedero, la clave para preservar la calidad y la seguridad radica en que, inmediatamente despu\u00e9s de la captura, su temperatura corporal se reduzca lo m\u00e1s cerca posible a la temperatura de la fusi\u00f3n de hielo y se mantiene a esa temperatura hasta su consumo o procesamiento. Mantener una temperatura tan baja desde la captura, durante el transporte y la distribuci\u00f3n hasta el consumo \/ procesamiento se denomina cadena de fr\u00edo y es una obligaci\u00f3n legal de todos los participantes en el comercio de los productos pesqueros en la Rep\u00fablica de Croacia. En la pr\u00e1ctica, es una temperatura de pescado de 0-2 \u00b0 C, que se logra ya en el barco pesquero mediante el proceso de r\u00e1pida refrigeraci\u00f3n. Le sigue m\u00e1s refrigeraci\u00f3n con hielo y el almacenamiento del pescado en c\u00e1maras frigor\u00edficas (o camiones frigor\u00edficos durante el transporte) y la venta del pescado en vitrinas refrigeradas donde se mantiene en hielo hasta su venta al cliente final.<\/p><p>Adem\u00e1s de la temperatura, el m\u00e9todo de manejo del pescado tambi\u00e9n es importante. Por lo tanto, los pescadores enfr\u00edan peque\u00f1as especies pel\u00e1gicas (anchoas, sardinas, etc.), las colocan en cajas de pl\u00e1stico en el barco y las congelan. Despu\u00e9s de la clasificaci\u00f3n, los peces de arrastre (merluza, salmonete, rape, gambas, etc.) se envasan en cajas desechables de poliestireno y se congelan. En este caso, hay una pel\u00edcula protectora entre el pescado y el hielo que asegura la protecci\u00f3n de los peces del impacto directo del hielo. A medida que el hielo se derrite durante el transporte, almacenamiento y distribuci\u00f3n, el pescado se congela a\u00fan m\u00e1s. Los contenedores isot\u00e9rmicos, contenedores especiales en los que se envasa pescado reci\u00e9n capturado y enfriado, tambi\u00e9n son ampliamente utilizados. Los contenedores isot\u00e9rmicos contienen una mezcla de hielo y agua, el llamado hielo h\u00famedo, que tiene un mejor efecto de enfriamiento y conservaci\u00f3n de la calidad del pescado que el hielo en escamas cl\u00e1sico.<\/p><p>A bajas temperaturas, las enzimas (responsables de la p\u00e9rdida de frescura) y las bacterias (responsables del deterioro) tambi\u00e9n se enfr\u00edan y necesitar\u00e1n un tiempo para reanudar su actividad. Durante este per\u00edodo de su latencia, el pescado es de una calidad nutricional excepcional, podemos decir calidad extra, y tiene una calificaci\u00f3n de 10. Esta calidad de pescado se conserva hasta 48 horas despu\u00e9s de la captura. Si el pescado se consume o procesa durante este per\u00edodo (Fase 1), podemos determinar con certeza que es un alimento de alta calidad.<br \/>Despu\u00e9s de 48 horas, el pescado comienza a perder su frescura, no es deteriorado, pero tampoco es de calidad extra, estamos hablando de pescado de buena calidad (Fase 2). La siguiente etapa se conoce como pescado viejo con signos tempranos de deterioro (Fase 3) y pescado deteriorado (p\u00fatrido) (Fase 4). La vida \u00fatil de los peces a bajas temperaturas var\u00eda de una especie a otra, pero se puede decir que el rango es de 8 a 14 d\u00edas.<br \/>La entrada en la UE y la eliminaci\u00f3n de las barreras aduaneras y de otro tipo abrieron la posibilidad de que el pescado de Croacia entrara en algunos de los principales mercados de exportaci\u00f3n (Italia, Eslovenia...) mientras a\u00fan se encuentra en la Fase 1. Lo mismo vale, por supuesto, tambi\u00e9n para el mercado interno.<br \/>En t\u00e9rminos de calidad, el pescado importado de zonas distantes no puede competir con el pescado fresco capturado localmente y la corta cadena de distribuci\u00f3n que garantiza materias primas de alta calidad.<\/p><p>Cada pescado capturado por pescadores croatas se entrega al primer comprador con un documento de transporte, un documento que el transportista registrado que realiza el transporte de productos pesqueros desde el lugar de desembarque hasta la instalaci\u00f3n de destino rellena despu\u00e9s de hacerse cargo de los productos pesqueros en el lugar de desembarque y antes del inicio del transporte. El documento de transporte tiene un n\u00famero de serie \u00fanico y contiene toda la informaci\u00f3n sobre el pescado, incluida la informaci\u00f3n sobre el buque, la fecha de desembarque e informaci\u00f3n sobre el veh\u00edculo y el destino del pescado.<br \/>Con este documento, asignamos a los productos pesqueros un n\u00famero de lote que sigue al pescado en todas las etapas de transporte, procesamiento, distribuci\u00f3n y venta. Este procedimiento permite la trazabilidad del pescado, es decir, la posibilidad de rastrear el movimiento del pescado desde la captura en el barco pesquero hasta la mesa del consumidor final.<\/p><p>Sobre la base de las marcas y los datos de la etiqueta, el productor sabe exactamente qui\u00e9n captur\u00f3 el pescado, c\u00f3mo se entreg\u00f3 a las instalaciones para su venta o procesamiento, en qu\u00e9 instalaci\u00f3n y cu\u00e1ndo se proces\u00f3, qu\u00e9 trabajadores lo procesaron, qu\u00e9 materiales y materias primas se utilizaron en su producci\u00f3n, a qu\u00e9 cadena minorista se entreg\u00f3 y en qu\u00e9 condiciones se llev\u00f3 a cabo todo.<\/p>\t\t\t\t\t\t<\/div>\n\t\t\t\t<\/div>\n\t\t\t\t\t<\/div>\n\t\t<\/div>\n\t\t\t\t\t<\/div>\n\t\t<\/section>\n\t\t\t\t\t<\/div>\n\t\t<\/div>\n\t\t\t\t\t<\/div>\n\t\t<\/section>\n\t\t\t\t<section class=\"has_ae_slider elementor-section elementor-top-section elementor-element elementor-element-bd2e4d3 elementor-section-boxed elementor-section-height-default elementor-section-height-default ae-bg-gallery-type-default\" data-id=\"bd2e4d3\" data-element_type=\"section\" data-settings=\"{&quot;background_background&quot;:&quot;classic&quot;}\">\n\t\t\t\t\t\t<div class=\"elementor-container elementor-column-gap-default\">\n\t\t\t\t\t<div class=\"has_ae_slider elementor-column elementor-col-100 elementor-top-column elementor-element elementor-element-f92bbbf ae-bg-gallery-type-default\" data-id=\"f92bbbf\" data-element_type=\"column\">\n\t\t\t<div class=\"elementor-widget-wrap elementor-element-populated\">\n\t\t\t\t\t\t<div class=\"elementor-element elementor-element-b70b9f2 elementor-widget elementor-widget-heading\" data-id=\"b70b9f2\" data-element_type=\"widget\" data-widget_type=\"heading.default\">\n\t\t\t\t<div class=\"elementor-widget-container\">\n\t\t\t<h2 class=\"elementor-heading-title elementor-size-default\">Leer m\u00e1s...<\/h2>\t\t<\/div>\n\t\t\t\t<\/div>\n\t\t\t\t<section class=\"has_ae_slider elementor-section elementor-inner-section elementor-element elementor-element-d5a29ea elementor-section-full_width elementor-section-height-default elementor-section-height-default ae-bg-gallery-type-default\" data-id=\"d5a29ea\" data-element_type=\"section\">\n\t\t\t\t\t\t<div class=\"elementor-container elementor-column-gap-default\">\n\t\t\t\t\t<div class=\"has_ae_slider make-column-clickable-elementor elementor-column elementor-col-33 elementor-inner-column elementor-element elementor-element-b144f1a ae-bg-gallery-type-default\" style=\"cursor: pointer;\" data-column-clickable=\"dugogodisnja-tradicija\" data-column-clickable-blank=\"_self\" data-id=\"b144f1a\" data-element_type=\"column\" data-settings=\"{&quot;background_background&quot;:&quot;classic&quot;}\">\n\t\t\t<div class=\"elementor-widget-wrap elementor-element-populated\">\n\t\t\t\t\t\t<div class=\"elementor-element elementor-element-41e0ac4 elementor-widget elementor-widget-image\" data-id=\"41e0ac4\" data-element_type=\"widget\" data-widget_type=\"image.default\">\n\t\t\t\t<div class=\"elementor-widget-container\">\n\t\t\t\t\t\t\t\t\t\t\t\t\t<img decoding=\"async\" width=\"271\" height=\"160\" src=\"https:\/\/fishfromcroatia.com\/wp-content\/uploads\/2023\/05\/Group-2384.svg\" class=\"attachment-full size-full wp-image-413\" alt=\"\" \/>\t\t\t\t\t\t\t\t\t\t\t\t\t<\/div>\n\t\t\t\t<\/div>\n\t\t\t\t<div class=\"elementor-element elementor-element-4decbd7 elementor-widget elementor-widget-heading\" data-id=\"4decbd7\" data-element_type=\"widget\" data-widget_type=\"heading.default\">\n\t\t\t\t<div class=\"elementor-widget-container\">\n\t\t\t<h2 class=\"elementor-heading-title elementor-size-default translation-block\">LARGA TRADICI\u00d3N<\/h2>\t\t<\/div>\n\t\t\t\t<\/div>\n\t\t\t\t\t<\/div>\n\t\t<\/div>\n\t\t\t\t<div class=\"has_ae_slider make-column-clickable-elementor elementor-column elementor-col-33 elementor-inner-column elementor-element elementor-element-60636d5 ae-bg-gallery-type-default\" style=\"cursor: pointer;\" data-column-clickable=\"odrzivost\" data-column-clickable-blank=\"_self\" data-id=\"60636d5\" data-element_type=\"column\" data-settings=\"{&quot;background_background&quot;:&quot;classic&quot;}\">\n\t\t\t<div class=\"elementor-widget-wrap elementor-element-populated\">\n\t\t\t\t\t\t<div class=\"elementor-element elementor-element-fd3dde5 elementor-widget elementor-widget-image\" data-id=\"fd3dde5\" data-element_type=\"widget\" data-widget_type=\"image.default\">\n\t\t\t\t<div class=\"elementor-widget-container\">\n\t\t\t\t\t\t\t\t\t\t\t\t\t<img decoding=\"async\" width=\"271\" height=\"160\" src=\"https:\/\/fishfromcroatia.com\/wp-content\/uploads\/2023\/07\/Frame-130346-3.svg\" class=\"attachment-full size-full wp-image-3887\" alt=\"\" \/>\t\t\t\t\t\t\t\t\t\t\t\t\t<\/div>\n\t\t\t\t<\/div>\n\t\t\t\t<div class=\"elementor-element elementor-element-7a065dc elementor-widget elementor-widget-heading\" data-id=\"7a065dc\" data-element_type=\"widget\" data-widget_type=\"heading.default\">\n\t\t\t\t<div class=\"elementor-widget-container\">\n\t\t\t<h2 class=\"elementor-heading-title elementor-size-default\">SOSTENIBILIDAD<\/h2>\t\t<\/div>\n\t\t\t\t<\/div>\n\t\t\t\t\t<\/div>\n\t\t<\/div>\n\t\t\t\t<div class=\"has_ae_slider make-column-clickable-elementor elementor-column elementor-col-33 elementor-inner-column elementor-element elementor-element-00aa4ac ae-bg-gallery-type-default\" style=\"cursor: pointer;\" data-column-clickable=\"visoka-nutritivna-vrijednost\" data-column-clickable-blank=\"_self\" data-id=\"00aa4ac\" data-element_type=\"column\" data-settings=\"{&quot;background_background&quot;:&quot;classic&quot;}\">\n\t\t\t<div class=\"elementor-widget-wrap elementor-element-populated\">\n\t\t\t\t\t\t<div class=\"elementor-element elementor-element-7f982f5 elementor-widget elementor-widget-image\" data-id=\"7f982f5\" data-element_type=\"widget\" data-widget_type=\"image.default\">\n\t\t\t\t<div class=\"elementor-widget-container\">\n\t\t\t\t\t\t\t\t\t\t\t\t\t<img loading=\"lazy\" decoding=\"async\" width=\"271\" height=\"160\" src=\"https:\/\/fishfromcroatia.com\/wp-content\/uploads\/2023\/05\/Group-2386-1.svg\" class=\"attachment-full size-full wp-image-417\" alt=\"\" \/>\t\t\t\t\t\t\t\t\t\t\t\t\t<\/div>\n\t\t\t\t<\/div>\n\t\t\t\t<div class=\"elementor-element elementor-element-b417319 elementor-widget elementor-widget-heading\" data-id=\"b417319\" data-element_type=\"widget\" data-widget_type=\"heading.default\">\n\t\t\t\t<div class=\"elementor-widget-container\">\n\t\t\t<h2 class=\"elementor-heading-title elementor-size-default\">ALTO VALOR<br>NUTRICIONAL<\/h2>\t\t<\/div>\n\t\t\t\t<\/div>\n\t\t\t\t\t<\/div>\n\t\t<\/div>\n\t\t\t\t\t<\/div>\n\t\t<\/section>\n\t\t\t\t\t<\/div>\n\t\t<\/div>\n\t\t\t\t\t<\/div>\n\t\t<\/section>\n\t\t\t\t<\/div>","protected":false},"excerpt":{"rendered":"<p>Po\u010detna \/ Visoki standardi kvalitete i sigurnosti hrane Visoki standardi kvalitete i sigurnosti hrane Visoki standardi kvalitete i sigurnosti hrane osigurani su strojim propisima EU i nacionalnim zakonima. Riba se \u010duva na niskim temperaturama od ulova do konzumacije, koriste\u0107i hladni lanac i specijalne spremnike s mokrim ledom. Riba zadr\u017eava visoku nutritivnu kvalitetu do 48 sati [&hellip;]<\/p>","protected":false},"author":1,"featured_media":0,"parent":0,"menu_order":0,"comment_status":"closed","ping_status":"closed","template":"","meta":{"_acf_changed":false,"inline_featured_image":false,"footnotes":""},"class_list":["post-2240","page","type-page","status-publish","hentry"],"acf":[],"yoast_head":"<!-- This site is optimized with the Yoast SEO plugin v25.3 - https:\/\/yoast.com\/wordpress\/plugins\/seo\/ -->\n<title>Visoki standardi kvalitete i sigurnosti hrane - Riba Hrvatske - Jedi \u0161to vrijedi<\/title>\n<meta name=\"robots\" content=\"index, follow, max-snippet:-1, max-image-preview:large, max-video-preview:-1\" \/>\n<link rel=\"canonical\" href=\"https:\/\/fishfromcroatia.com\/es\/visoki-standardi-kvalitete-i-sigurnosti-hrane\/\" \/>\n<meta property=\"og:locale\" content=\"es_ES\" \/>\n<meta property=\"og:type\" content=\"article\" \/>\n<meta property=\"og:title\" content=\"Visoki standardi kvalitete i sigurnosti hrane - Riba Hrvatske - Jedi \u0161to vrijedi\" \/>\n<meta property=\"og:description\" content=\"Po\u010detna \/ Visoki standardi kvalitete i sigurnosti hrane Visoki standardi kvalitete i sigurnosti hrane Visoki standardi kvalitete i sigurnosti hrane osigurani su strojim propisima EU i nacionalnim zakonima. Riba se \u010duva na niskim temperaturama od ulova do konzumacije, koriste\u0107i hladni lanac i specijalne spremnike s mokrim ledom. Riba zadr\u017eava visoku nutritivnu kvalitetu do 48 sati [&hellip;]\" \/>\n<meta property=\"og:url\" content=\"https:\/\/fishfromcroatia.com\/es\/visoki-standardi-kvalitete-i-sigurnosti-hrane\/\" \/>\n<meta property=\"og:site_name\" content=\"Riba Hrvatske - Jedi \u0161to vrijedi\" \/>\n<meta property=\"article:modified_time\" content=\"2023-07-10T09:03:21+00:00\" \/>\n<meta property=\"og:image\" content=\"https:\/\/fishfromcroatia.com\/wp-content\/uploads\/2023\/07\/Mask-group-53.png\" \/>\n<meta name=\"twitter:card\" content=\"summary_large_image\" \/>\n<meta name=\"twitter:label1\" content=\"Tiempo de lectura\" \/>\n\t<meta name=\"twitter:data1\" content=\"5 minutos\" \/>\n<script type=\"application\/ld+json\" class=\"yoast-schema-graph\">{\"@context\":\"https:\/\/schema.org\",\"@graph\":[{\"@type\":\"WebPage\",\"@id\":\"https:\/\/fishfromcroatia.com\/visoki-standardi-kvalitete-i-sigurnosti-hrane\/\",\"url\":\"https:\/\/fishfromcroatia.com\/visoki-standardi-kvalitete-i-sigurnosti-hrane\/\",\"name\":\"Visoki standardi kvalitete i sigurnosti hrane - Riba Hrvatske - Jedi \u0161to vrijedi\",\"isPartOf\":{\"@id\":\"https:\/\/fishfromcroatia.com\/#website\"},\"primaryImageOfPage\":{\"@id\":\"https:\/\/fishfromcroatia.com\/visoki-standardi-kvalitete-i-sigurnosti-hrane\/#primaryimage\"},\"image\":{\"@id\":\"https:\/\/fishfromcroatia.com\/visoki-standardi-kvalitete-i-sigurnosti-hrane\/#primaryimage\"},\"thumbnailUrl\":\"https:\/\/fishfromcroatia.com\/wp-content\/uploads\/2023\/07\/Mask-group-53.png\",\"datePublished\":\"2023-05-26T10:48:15+00:00\",\"dateModified\":\"2023-07-10T09:03:21+00:00\",\"inLanguage\":\"es\",\"potentialAction\":[{\"@type\":\"ReadAction\",\"target\":[\"https:\/\/fishfromcroatia.com\/visoki-standardi-kvalitete-i-sigurnosti-hrane\/\"]}]},{\"@type\":\"ImageObject\",\"inLanguage\":\"es\",\"@id\":\"https:\/\/fishfromcroatia.com\/visoki-standardi-kvalitete-i-sigurnosti-hrane\/#primaryimage\",\"url\":\"https:\/\/fishfromcroatia.com\/wp-content\/uploads\/2023\/07\/Mask-group-53.png\",\"contentUrl\":\"https:\/\/fishfromcroatia.com\/wp-content\/uploads\/2023\/07\/Mask-group-53.png\"},{\"@type\":\"WebSite\",\"@id\":\"https:\/\/fishfromcroatia.com\/#website\",\"url\":\"https:\/\/fishfromcroatia.com\/\",\"name\":\"Riba Hrvatske - Jedi \u0161to vrijedi\",\"description\":\"\",\"publisher\":{\"@id\":\"https:\/\/fishfromcroatia.com\/#organization\"},\"potentialAction\":[{\"@type\":\"SearchAction\",\"target\":{\"@type\":\"EntryPoint\",\"urlTemplate\":\"https:\/\/fishfromcroatia.com\/?s={search_term_string}\"},\"query-input\":{\"@type\":\"PropertyValueSpecification\",\"valueRequired\":true,\"valueName\":\"search_term_string\"}}],\"inLanguage\":\"es\"},{\"@type\":\"Organization\",\"@id\":\"https:\/\/fishfromcroatia.com\/#organization\",\"name\":\"Riba Hrvatske - Jedi \u0161to vrijedi\",\"url\":\"https:\/\/fishfromcroatia.com\/\",\"logo\":{\"@type\":\"ImageObject\",\"inLanguage\":\"es\",\"@id\":\"https:\/\/fishfromcroatia.com\/#\/schema\/logo\/image\/\",\"url\":\"https:\/\/fishfromcroatia.com\/wp-content\/uploads\/2023\/05\/logo-manji.svg\",\"contentUrl\":\"https:\/\/fishfromcroatia.com\/wp-content\/uploads\/2023\/05\/logo-manji.svg\",\"width\":95,\"height\":70,\"caption\":\"Riba Hrvatske - Jedi \u0161to vrijedi\"},\"image\":{\"@id\":\"https:\/\/fishfromcroatia.com\/#\/schema\/logo\/image\/\"}}]}<\/script>\n<!-- \/ Yoast SEO plugin. -->","yoast_head_json":{"title":"Visoki standardi kvalitete i sigurnosti hrane - Riba Hrvatske - Jedi \u0161to vrijedi","robots":{"index":"index","follow":"follow","max-snippet":"max-snippet:-1","max-image-preview":"max-image-preview:large","max-video-preview":"max-video-preview:-1"},"canonical":"https:\/\/fishfromcroatia.com\/es\/visoki-standardi-kvalitete-i-sigurnosti-hrane\/","og_locale":"es_ES","og_type":"article","og_title":"Visoki standardi kvalitete i sigurnosti hrane - Riba Hrvatske - Jedi \u0161to vrijedi","og_description":"Po\u010detna \/ Visoki standardi kvalitete i sigurnosti hrane Visoki standardi kvalitete i sigurnosti hrane Visoki standardi kvalitete i sigurnosti hrane osigurani su strojim propisima EU i nacionalnim zakonima. Riba se \u010duva na niskim temperaturama od ulova do konzumacije, koriste\u0107i hladni lanac i specijalne spremnike s mokrim ledom. Riba zadr\u017eava visoku nutritivnu kvalitetu do 48 sati [&hellip;]","og_url":"https:\/\/fishfromcroatia.com\/es\/visoki-standardi-kvalitete-i-sigurnosti-hrane\/","og_site_name":"Riba Hrvatske - Jedi \u0161to vrijedi","article_modified_time":"2023-07-10T09:03:21+00:00","og_image":[{"url":"https:\/\/fishfromcroatia.com\/wp-content\/uploads\/2023\/07\/Mask-group-53.png","type":"","width":"","height":""}],"twitter_card":"summary_large_image","twitter_misc":{"Tiempo de lectura":"5 minutos"},"schema":{"@context":"https:\/\/schema.org","@graph":[{"@type":"WebPage","@id":"https:\/\/fishfromcroatia.com\/visoki-standardi-kvalitete-i-sigurnosti-hrane\/","url":"https:\/\/fishfromcroatia.com\/visoki-standardi-kvalitete-i-sigurnosti-hrane\/","name":"Visoki standardi kvalitete i sigurnosti hrane - Riba Hrvatske - Jedi \u0161to vrijedi","isPartOf":{"@id":"https:\/\/fishfromcroatia.com\/#website"},"primaryImageOfPage":{"@id":"https:\/\/fishfromcroatia.com\/visoki-standardi-kvalitete-i-sigurnosti-hrane\/#primaryimage"},"image":{"@id":"https:\/\/fishfromcroatia.com\/visoki-standardi-kvalitete-i-sigurnosti-hrane\/#primaryimage"},"thumbnailUrl":"https:\/\/fishfromcroatia.com\/wp-content\/uploads\/2023\/07\/Mask-group-53.png","datePublished":"2023-05-26T10:48:15+00:00","dateModified":"2023-07-10T09:03:21+00:00","inLanguage":"es","potentialAction":[{"@type":"ReadAction","target":["https:\/\/fishfromcroatia.com\/visoki-standardi-kvalitete-i-sigurnosti-hrane\/"]}]},{"@type":"ImageObject","inLanguage":"es","@id":"https:\/\/fishfromcroatia.com\/visoki-standardi-kvalitete-i-sigurnosti-hrane\/#primaryimage","url":"https:\/\/fishfromcroatia.com\/wp-content\/uploads\/2023\/07\/Mask-group-53.png","contentUrl":"https:\/\/fishfromcroatia.com\/wp-content\/uploads\/2023\/07\/Mask-group-53.png"},{"@type":"WebSite","@id":"https:\/\/fishfromcroatia.com\/#website","url":"https:\/\/fishfromcroatia.com\/","name":"Riba Hrvatske - Jedi \u0161to vrijedi","description":"","publisher":{"@id":"https:\/\/fishfromcroatia.com\/#organization"},"potentialAction":[{"@type":"SearchAction","target":{"@type":"EntryPoint","urlTemplate":"https:\/\/fishfromcroatia.com\/?s={search_term_string}"},"query-input":{"@type":"PropertyValueSpecification","valueRequired":true,"valueName":"search_term_string"}}],"inLanguage":"es"},{"@type":"Organization","@id":"https:\/\/fishfromcroatia.com\/#organization","name":"Riba Hrvatske - Jedi \u0161to vrijedi","url":"https:\/\/fishfromcroatia.com\/","logo":{"@type":"ImageObject","inLanguage":"es","@id":"https:\/\/fishfromcroatia.com\/#\/schema\/logo\/image\/","url":"https:\/\/fishfromcroatia.com\/wp-content\/uploads\/2023\/05\/logo-manji.svg","contentUrl":"https:\/\/fishfromcroatia.com\/wp-content\/uploads\/2023\/05\/logo-manji.svg","width":95,"height":70,"caption":"Riba Hrvatske - Jedi \u0161to vrijedi"},"image":{"@id":"https:\/\/fishfromcroatia.com\/#\/schema\/logo\/image\/"}}]}},"_links":{"self":[{"href":"https:\/\/fishfromcroatia.com\/es\/wp-json\/wp\/v2\/pages\/2240","targetHints":{"allow":["GET"]}}],"collection":[{"href":"https:\/\/fishfromcroatia.com\/es\/wp-json\/wp\/v2\/pages"}],"about":[{"href":"https:\/\/fishfromcroatia.com\/es\/wp-json\/wp\/v2\/types\/page"}],"author":[{"embeddable":true,"href":"https:\/\/fishfromcroatia.com\/es\/wp-json\/wp\/v2\/users\/1"}],"replies":[{"embeddable":true,"href":"https:\/\/fishfromcroatia.com\/es\/wp-json\/wp\/v2\/comments?post=2240"}],"version-history":[{"count":31,"href":"https:\/\/fishfromcroatia.com\/es\/wp-json\/wp\/v2\/pages\/2240\/revisions"}],"predecessor-version":[{"id":4247,"href":"https:\/\/fishfromcroatia.com\/es\/wp-json\/wp\/v2\/pages\/2240\/revisions\/4247"}],"wp:attachment":[{"href":"https:\/\/fishfromcroatia.com\/es\/wp-json\/wp\/v2\/media?parent=2240"}],"curies":[{"name":"wp","href":"https:\/\/api.w.org\/{rel}","templated":true}]}}