{"id":2265,"date":"2023-05-26T11:00:08","date_gmt":"2023-05-26T11:00:08","guid":{"rendered":"https:\/\/fishfromcroatia.com\/?page_id=2265"},"modified":"2023-12-06T12:46:31","modified_gmt":"2023-12-06T12:46:31","slug":"jedi-sto-vrijedi","status":"publish","type":"page","link":"https:\/\/fishfromcroatia.com\/es\/jedi-sto-vrijedi\/","title":{"rendered":"Jedi \u0161to vrijedi"},"content":{"rendered":"<div data-elementor-type=\"wp-page\" data-elementor-id=\"2265\" class=\"elementor elementor-2265\" data-elementor-post-type=\"page\">\n\t\t\t\t\t\t<section class=\"has_ae_slider elementor-section elementor-top-section elementor-element elementor-element-ca532a6 elementor-section-boxed elementor-section-height-default elementor-section-height-default ae-bg-gallery-type-default\" data-id=\"ca532a6\" data-element_type=\"section\" data-settings=\"{&quot;background_background&quot;:&quot;gradient&quot;}\">\n\t\t\t\t\t\t<div class=\"elementor-container elementor-column-gap-default\">\n\t\t\t\t\t<div class=\"has_ae_slider elementor-column elementor-col-100 elementor-top-column elementor-element elementor-element-5838e7e ae-bg-gallery-type-default\" data-id=\"5838e7e\" data-element_type=\"column\">\n\t\t\t<div class=\"elementor-widget-wrap elementor-element-populated\">\n\t\t\t\t\t\t<div class=\"elementor-element elementor-element-125b810 elementor-widget elementor-widget-text-editor\" data-id=\"125b810\" data-element_type=\"widget\" data-widget_type=\"text-editor.default\">\n\t\t\t\t<div class=\"elementor-widget-container\">\n\t\t\t<style>\/*! elementor - v3.19.0 - 28-02-2024 *\/\n.elementor-widget-text-editor.elementor-drop-cap-view-stacked .elementor-drop-cap{background-color:#69727d;color:#fff}.elementor-widget-text-editor.elementor-drop-cap-view-framed .elementor-drop-cap{color:#69727d;border:3px solid;background-color:transparent}.elementor-widget-text-editor:not(.elementor-drop-cap-view-default) .elementor-drop-cap{margin-top:8px}.elementor-widget-text-editor:not(.elementor-drop-cap-view-default) .elementor-drop-cap-letter{width:1em;height:1em}.elementor-widget-text-editor .elementor-drop-cap{float:left;text-align:center;line-height:1;font-size:50px}.elementor-widget-text-editor .elementor-drop-cap-letter{display:inline-block}<\/style>\t\t\t\t<p><span style=\"color: #231f20;\"><a style=\"color: #231f20;\" href=\"\/es\/\">P\u00e1gina principal<\/a> <\/span>\/ <strong>COME LO QUE VALE LA PENA COMER<\/strong><\/p>\t\t\t\t\t\t<\/div>\n\t\t\t\t<\/div>\n\t\t\t\t<section class=\"has_ae_slider elementor-section elementor-inner-section elementor-element elementor-element-30dccaf elementor-section-boxed elementor-section-height-default elementor-section-height-default ae-bg-gallery-type-default\" data-id=\"30dccaf\" data-element_type=\"section\">\n\t\t\t\t\t\t<div class=\"elementor-container elementor-column-gap-default\">\n\t\t\t\t\t<div class=\"has_ae_slider elementor-column elementor-col-100 elementor-inner-column elementor-element elementor-element-c211a1c ae-bg-gallery-type-default\" data-id=\"c211a1c\" data-element_type=\"column\" data-settings=\"{&quot;background_background&quot;:&quot;classic&quot;}\">\n\t\t\t<div class=\"elementor-widget-wrap elementor-element-populated\">\n\t\t\t\t\t\t<div class=\"elementor-element elementor-element-b93e8c9 elementor-widget elementor-widget-heading\" data-id=\"b93e8c9\" data-element_type=\"widget\" data-widget_type=\"heading.default\">\n\t\t\t\t<div class=\"elementor-widget-container\">\n\t\t\t<style>\/*! elementor - v3.19.0 - 28-02-2024 *\/\n.elementor-heading-title{padding:0;margin:0;line-height:1}.elementor-widget-heading .elementor-heading-title[class*=elementor-size-]>a{color:inherit;font-size:inherit;line-height:inherit}.elementor-widget-heading .elementor-heading-title.elementor-size-small{font-size:15px}.elementor-widget-heading .elementor-heading-title.elementor-size-medium{font-size:19px}.elementor-widget-heading .elementor-heading-title.elementor-size-large{font-size:29px}.elementor-widget-heading .elementor-heading-title.elementor-size-xl{font-size:39px}.elementor-widget-heading .elementor-heading-title.elementor-size-xxl{font-size:59px}<\/style><h2 class=\"elementor-heading-title elementor-size-default translation-block\">COME LO QUE VALE LA PENA COMER<\/h2>\t\t<\/div>\n\t\t\t\t<\/div>\n\t\t\t\t<div class=\"elementor-element elementor-element-e37c1f3 elementor-widget elementor-widget-image\" data-id=\"e37c1f3\" data-element_type=\"widget\" data-widget_type=\"image.default\">\n\t\t\t\t<div class=\"elementor-widget-container\">\n\t\t\t<style>\/*! elementor - v3.19.0 - 28-02-2024 *\/\n.elementor-widget-image{text-align:center}.elementor-widget-image a{display:inline-block}.elementor-widget-image a img[src$=\".svg\"]{width:48px}.elementor-widget-image img{vertical-align:middle;display:inline-block}<\/style>\t\t\t\t\t\t\t\t\t\t<img fetchpriority=\"high\" decoding=\"async\" width=\"660\" height=\"431\" src=\"https:\/\/fishfromcroatia.com\/wp-content\/uploads\/2023\/05\/Mask-group-24.svg\" class=\"attachment-full size-full wp-image-2267\" alt=\"\" \/>\t\t\t\t\t\t\t\t\t\t\t\t\t<\/div>\n\t\t\t\t<\/div>\n\t\t\t\t<div class=\"elementor-element elementor-element-bb0ec3c elementor-widget elementor-widget-text-editor\" data-id=\"bb0ec3c\" data-element_type=\"widget\" data-widget_type=\"text-editor.default\">\n\t\t\t\t<div class=\"elementor-widget-container\">\n\t\t\t\t\t\t\t<p>La C\u00e1mara de Comercio de Croacia ha puesto en marcha el proyecto \"Pescado de Croacia - Come lo que vale la pena comer\" con el fin de promover los productos pesqueros de la Rep\u00fablica de Croacia, que incluyen productos de captura, cr\u00eda y transformaci\u00f3n.<\/p>\t\t\t\t\t\t<\/div>\n\t\t\t\t<\/div>\n\t\t\t\t<div class=\"elementor-element elementor-element-f7c4635 elementor-widget elementor-widget-text-editor\" data-id=\"f7c4635\" data-element_type=\"widget\" data-widget_type=\"text-editor.default\">\n\t\t\t\t<div class=\"elementor-widget-container\">\n\t\t\t\t\t\t\t<p class=\"translation-block\">La C\u00e1mara de Comercio de Croacia ha puesto en marcha el proyecto \"<a href=\"http:\/\/www.ribahrvatske.hr\" target=\"_self\">Pescado de Croacia - Come lo que vale la pena comer<\/a>\" con el fin de promover los productos pesqueros de la Rep\u00fablica de Croacia, que incluyen productos de captura, cr\u00eda y transformaci\u00f3n. El objetivo del proyecto es contribuir al aumento del consumo de productos pesqueros locales, lograr su adecuada valoraci\u00f3n y promover y fomentar el consumo de pescado en la Rep\u00fablica de Croacia.<\/p><p>Esto se logra mediante la sensibilizaci\u00f3n de los consumidores sobre la importancia de la pesca sostenible en la Rep\u00fablica de Croacia y de las inversiones en ella, del alto valor nutricional y saludable de los alimentos procedentes de capturas o cultivos locales, y de la importancia de que el producto que consuman proceda de un sistema de seguridad alimentaria de normas elevadas y bien conocidas.<\/p><p>El proyecto tambi\u00e9n tiene como objetivo crear una marca paraguas \u00fanica para estos productos. La marca Pescado de Croacia - Come lo que vale la pena comer atestiguar\u00e1 a los consumidores exactamente eso: que el producto que lleva la marca procede de un sistema de seguridad alimentaria estrictamente controlado, que en la producci\u00f3n se cuida y se invierte mucho en estrictas condiciones de protecci\u00f3n del medio ambiente, que se respetan los derechos de los trabajadores y todas las dem\u00e1s normativas positivas de la Rep\u00fablica de Croacia y la UE y que dicha producci\u00f3n garantiza oportunidades de empleo local, especialmente en las zonas rurales.<br \/>Al destacar las ventajas comparativas y lograr su mayor reconocimiento, queremos enfatizar todos los esfuerzos que se han invertido para llevar a la mesa del consumidor productos locales de la m\u00e1xima calidad y permitir as\u00ed su mejor valoraci\u00f3n econ\u00f3mica. Esto permitir\u00eda su mejor posicionamiento en el mercado, tanto en la Rep\u00fablica de Croacia como en la Uni\u00f3n Europea.<\/p><p>El proyecto est\u00e1 financiado por el Fondo Europeo Mar\u00edtimo y de Pesca, y su contenido es cercano a proyectos similares lanzados por la Comisi\u00f3n Europea: \"\u00a1Disfr\u00fatalo, es de Europa!\" \"MedFish4Ever\" \"Inseparable\" y \"Cultivado en la UE\".<\/p>\t\t\t\t\t\t<\/div>\n\t\t\t\t<\/div>\n\t\t\t\t\t<\/div>\n\t\t<\/div>\n\t\t\t\t\t<\/div>\n\t\t<\/section>\n\t\t\t\t\t<\/div>\n\t\t<\/div>\n\t\t\t\t\t<\/div>\n\t\t<\/section>\n\t\t\t\t<section class=\"has_ae_slider elementor-section elementor-top-section elementor-element elementor-element-25a9106 elementor-section-boxed elementor-section-height-default elementor-section-height-default ae-bg-gallery-type-default\" data-id=\"25a9106\" data-element_type=\"section\" data-settings=\"{&quot;background_background&quot;:&quot;classic&quot;}\">\n\t\t\t\t\t\t<div class=\"elementor-container elementor-column-gap-default\">\n\t\t\t\t\t<div class=\"has_ae_slider elementor-column elementor-col-100 elementor-top-column elementor-element elementor-element-88358bb ae-bg-gallery-type-default\" data-id=\"88358bb\" data-element_type=\"column\">\n\t\t\t<div class=\"elementor-widget-wrap elementor-element-populated\">\n\t\t\t\t\t\t<div class=\"elementor-element elementor-element-2a7e430 elementor-widget elementor-widget-heading\" data-id=\"2a7e430\" data-element_type=\"widget\" data-widget_type=\"heading.default\">\n\t\t\t\t<div class=\"elementor-widget-container\">\n\t\t\t<h2 class=\"elementor-heading-title elementor-size-default\">Leer m\u00e1s...<\/h2>\t\t<\/div>\n\t\t\t\t<\/div>\n\t\t\t\t<section class=\"has_ae_slider elementor-section elementor-inner-section elementor-element elementor-element-ba2c563 elementor-section-full_width elementor-section-height-default elementor-section-height-default ae-bg-gallery-type-default\" data-id=\"ba2c563\" data-element_type=\"section\">\n\t\t\t\t\t\t<div class=\"elementor-container elementor-column-gap-default\">\n\t\t\t\t\t<div class=\"has_ae_slider make-column-clickable-elementor elementor-column elementor-col-33 elementor-inner-column elementor-element elementor-element-b118984 ae-bg-gallery-type-default\" style=\"cursor: pointer;\" data-column-clickable=\"\/dugogodisnja-tradicija\" data-column-clickable-blank=\"_self\" data-id=\"b118984\" data-element_type=\"column\" data-settings=\"{&quot;background_background&quot;:&quot;classic&quot;}\">\n\t\t\t<div class=\"elementor-widget-wrap elementor-element-populated\">\n\t\t\t\t\t\t<div class=\"elementor-element elementor-element-8883230 elementor-widget elementor-widget-image\" data-id=\"8883230\" data-element_type=\"widget\" data-widget_type=\"image.default\">\n\t\t\t\t<div class=\"elementor-widget-container\">\n\t\t\t\t\t\t\t\t\t\t\t\t\t<img decoding=\"async\" width=\"271\" height=\"160\" src=\"https:\/\/fishfromcroatia.com\/wp-content\/uploads\/2023\/05\/Group-2384.svg\" class=\"attachment-full size-full wp-image-413\" alt=\"\" \/>\t\t\t\t\t\t\t\t\t\t\t\t\t<\/div>\n\t\t\t\t<\/div>\n\t\t\t\t<div class=\"elementor-element elementor-element-415744f elementor-widget elementor-widget-heading\" data-id=\"415744f\" data-element_type=\"widget\" data-widget_type=\"heading.default\">\n\t\t\t\t<div class=\"elementor-widget-container\">\n\t\t\t<h2 class=\"elementor-heading-title elementor-size-default translation-block\">LARGA TRADICI\u00d3N<\/h2>\t\t<\/div>\n\t\t\t\t<\/div>\n\t\t\t\t\t<\/div>\n\t\t<\/div>\n\t\t\t\t<div class=\"has_ae_slider make-column-clickable-elementor elementor-column elementor-col-33 elementor-inner-column elementor-element elementor-element-bd7feff ae-bg-gallery-type-default\" style=\"cursor: pointer;\" data-column-clickable=\"\/odrzivost\" data-column-clickable-blank=\"_self\" data-id=\"bd7feff\" data-element_type=\"column\" data-settings=\"{&quot;background_background&quot;:&quot;classic&quot;}\">\n\t\t\t<div class=\"elementor-widget-wrap elementor-element-populated\">\n\t\t\t\t\t\t<div class=\"elementor-element elementor-element-4f02311 elementor-widget elementor-widget-image\" data-id=\"4f02311\" data-element_type=\"widget\" data-widget_type=\"image.default\">\n\t\t\t\t<div class=\"elementor-widget-container\">\n\t\t\t\t\t\t\t\t\t\t\t\t\t<img decoding=\"async\" width=\"271\" height=\"160\" src=\"https:\/\/fishfromcroatia.com\/wp-content\/uploads\/2023\/05\/Group-2386-1.svg\" class=\"attachment-full size-full wp-image-417\" alt=\"\" \/>\t\t\t\t\t\t\t\t\t\t\t\t\t<\/div>\n\t\t\t\t<\/div>\n\t\t\t\t<div class=\"elementor-element elementor-element-c7b25a6 elementor-widget elementor-widget-heading\" data-id=\"c7b25a6\" data-element_type=\"widget\" data-widget_type=\"heading.default\">\n\t\t\t\t<div class=\"elementor-widget-container\">\n\t\t\t<h2 class=\"elementor-heading-title elementor-size-default\">ALTO VALOR<br>NUTRICIONAL<\/h2>\t\t<\/div>\n\t\t\t\t<\/div>\n\t\t\t\t\t<\/div>\n\t\t<\/div>\n\t\t\t\t<div class=\"has_ae_slider make-column-clickable-elementor elementor-column elementor-col-33 elementor-inner-column elementor-element elementor-element-5897e32 ae-bg-gallery-type-default\" style=\"cursor: pointer;\" data-column-clickable=\"\/en\/odrzivost\" data-column-clickable-blank=\"_self\" data-id=\"5897e32\" data-element_type=\"column\" data-settings=\"{&quot;background_background&quot;:&quot;classic&quot;}\">\n\t\t\t<div class=\"elementor-widget-wrap elementor-element-populated\">\n\t\t\t\t\t\t<div class=\"elementor-element elementor-element-ae48dd6 elementor-widget elementor-widget-image\" data-id=\"ae48dd6\" data-element_type=\"widget\" data-widget_type=\"image.default\">\n\t\t\t\t<div class=\"elementor-widget-container\">\n\t\t\t\t\t\t\t\t\t\t\t\t\t<img loading=\"lazy\" decoding=\"async\" width=\"271\" height=\"160\" src=\"https:\/\/fishfromcroatia.com\/wp-content\/uploads\/2023\/05\/Group-2383-1.svg\" class=\"attachment-full size-full wp-image-414\" alt=\"\" \/>\t\t\t\t\t\t\t\t\t\t\t\t\t<\/div>\n\t\t\t\t<\/div>\n\t\t\t\t<div class=\"elementor-element elementor-element-a223caa elementor-widget elementor-widget-heading\" data-id=\"a223caa\" data-element_type=\"widget\" data-widget_type=\"heading.default\">\n\t\t\t\t<div class=\"elementor-widget-container\">\n\t\t\t<h2 class=\"elementor-heading-title elementor-size-default\">SOSTENIBILIDAD<\/h2>\t\t<\/div>\n\t\t\t\t<\/div>\n\t\t\t\t\t<\/div>\n\t\t<\/div>\n\t\t\t\t\t<\/div>\n\t\t<\/section>\n\t\t\t\t\t<\/div>\n\t\t<\/div>\n\t\t\t\t\t<\/div>\n\t\t<\/section>\n\t\t\t\t<\/div>","protected":false},"excerpt":{"rendered":"<p>Po\u010detna \/ Jedi \u0161to vrijedi! Jedi \u0161to vrijedi! Projekt promovira lokalne proizvode ribarstva u Hrvatskoj, podi\u017ee svijest o odr\u017eivom ribarstvu, visokim standardima hrane i za\u0161titi okoli\u0161a. Cilj je potaknuti konzumaciju lokalnih ribljih proizvoda, stvoriti jedinstveni brend i pove\u0107ati ekonomsku vrijednost. Financira se Europskim fondom za pomorstvo i ribarstvo. Hrvatska gospodarska komora je pokrenula projekt \u201cRiba [&hellip;]<\/p>","protected":false},"author":1,"featured_media":0,"parent":0,"menu_order":0,"comment_status":"closed","ping_status":"closed","template":"","meta":{"_acf_changed":false,"inline_featured_image":false,"footnotes":""},"class_list":["post-2265","page","type-page","status-publish","hentry"],"acf":[],"yoast_head":"<!-- This site is optimized with the Yoast SEO plugin v25.3 - https:\/\/yoast.com\/wordpress\/plugins\/seo\/ -->\n<title>Jedi \u0161to vrijedi - Riba Hrvatske - Jedi \u0161to vrijedi<\/title>\n<meta name=\"robots\" content=\"index, follow, max-snippet:-1, max-image-preview:large, max-video-preview:-1\" \/>\n<link rel=\"canonical\" href=\"https:\/\/fishfromcroatia.com\/es\/jedi-sto-vrijedi\/\" \/>\n<meta property=\"og:locale\" content=\"es_ES\" \/>\n<meta property=\"og:type\" content=\"article\" \/>\n<meta property=\"og:title\" content=\"Jedi \u0161to vrijedi - Riba Hrvatske - Jedi \u0161to vrijedi\" \/>\n<meta property=\"og:description\" content=\"Po\u010detna \/ Jedi \u0161to vrijedi! Jedi \u0161to vrijedi! Projekt promovira lokalne proizvode ribarstva u Hrvatskoj, podi\u017ee svijest o odr\u017eivom ribarstvu, visokim standardima hrane i za\u0161titi okoli\u0161a. Cilj je potaknuti konzumaciju lokalnih ribljih proizvoda, stvoriti jedinstveni brend i pove\u0107ati ekonomsku vrijednost. Financira se Europskim fondom za pomorstvo i ribarstvo. Hrvatska gospodarska komora je pokrenula projekt \u201cRiba [&hellip;]\" \/>\n<meta property=\"og:url\" content=\"https:\/\/fishfromcroatia.com\/es\/jedi-sto-vrijedi\/\" \/>\n<meta property=\"og:site_name\" content=\"Riba Hrvatske - Jedi \u0161to vrijedi\" \/>\n<meta property=\"article:modified_time\" content=\"2023-12-06T12:46:31+00:00\" \/>\n<meta property=\"og:image\" content=\"https:\/\/fishfromcroatia.com\/wp-content\/uploads\/2023\/05\/Mask-group-24.svg\" \/>\n<meta name=\"twitter:card\" content=\"summary_large_image\" \/>\n<meta name=\"twitter:label1\" content=\"Tiempo de lectura\" \/>\n\t<meta name=\"twitter:data1\" content=\"3 minutos\" \/>\n<script type=\"application\/ld+json\" class=\"yoast-schema-graph\">{\"@context\":\"https:\/\/schema.org\",\"@graph\":[{\"@type\":\"WebPage\",\"@id\":\"https:\/\/fishfromcroatia.com\/jedi-sto-vrijedi\/\",\"url\":\"https:\/\/fishfromcroatia.com\/jedi-sto-vrijedi\/\",\"name\":\"Jedi \u0161to vrijedi - Riba Hrvatske - Jedi \u0161to vrijedi\",\"isPartOf\":{\"@id\":\"https:\/\/fishfromcroatia.com\/#website\"},\"primaryImageOfPage\":{\"@id\":\"https:\/\/fishfromcroatia.com\/jedi-sto-vrijedi\/#primaryimage\"},\"image\":{\"@id\":\"https:\/\/fishfromcroatia.com\/jedi-sto-vrijedi\/#primaryimage\"},\"thumbnailUrl\":\"https:\/\/fishfromcroatia.com\/wp-content\/uploads\/2023\/05\/Mask-group-24.svg\",\"datePublished\":\"2023-05-26T11:00:08+00:00\",\"dateModified\":\"2023-12-06T12:46:31+00:00\",\"inLanguage\":\"es\",\"potentialAction\":[{\"@type\":\"ReadAction\",\"target\":[\"https:\/\/fishfromcroatia.com\/jedi-sto-vrijedi\/\"]}]},{\"@type\":\"ImageObject\",\"inLanguage\":\"es\",\"@id\":\"https:\/\/fishfromcroatia.com\/jedi-sto-vrijedi\/#primaryimage\",\"url\":\"https:\/\/fishfromcroatia.com\/wp-content\/uploads\/2023\/05\/Mask-group-24.svg\",\"contentUrl\":\"https:\/\/fishfromcroatia.com\/wp-content\/uploads\/2023\/05\/Mask-group-24.svg\"},{\"@type\":\"WebSite\",\"@id\":\"https:\/\/fishfromcroatia.com\/#website\",\"url\":\"https:\/\/fishfromcroatia.com\/\",\"name\":\"Riba Hrvatske - Jedi \u0161to vrijedi\",\"description\":\"\",\"publisher\":{\"@id\":\"https:\/\/fishfromcroatia.com\/#organization\"},\"potentialAction\":[{\"@type\":\"SearchAction\",\"target\":{\"@type\":\"EntryPoint\",\"urlTemplate\":\"https:\/\/fishfromcroatia.com\/?s={search_term_string}\"},\"query-input\":{\"@type\":\"PropertyValueSpecification\",\"valueRequired\":true,\"valueName\":\"search_term_string\"}}],\"inLanguage\":\"es\"},{\"@type\":\"Organization\",\"@id\":\"https:\/\/fishfromcroatia.com\/#organization\",\"name\":\"Riba Hrvatske - Jedi \u0161to vrijedi\",\"url\":\"https:\/\/fishfromcroatia.com\/\",\"logo\":{\"@type\":\"ImageObject\",\"inLanguage\":\"es\",\"@id\":\"https:\/\/fishfromcroatia.com\/#\/schema\/logo\/image\/\",\"url\":\"https:\/\/fishfromcroatia.com\/wp-content\/uploads\/2023\/05\/logo-manji.svg\",\"contentUrl\":\"https:\/\/fishfromcroatia.com\/wp-content\/uploads\/2023\/05\/logo-manji.svg\",\"width\":95,\"height\":70,\"caption\":\"Riba Hrvatske - Jedi \u0161to vrijedi\"},\"image\":{\"@id\":\"https:\/\/fishfromcroatia.com\/#\/schema\/logo\/image\/\"}}]}<\/script>\n<!-- \/ Yoast SEO plugin. -->","yoast_head_json":{"title":"Jedi \u0161to vrijedi - Riba Hrvatske - Jedi \u0161to vrijedi","robots":{"index":"index","follow":"follow","max-snippet":"max-snippet:-1","max-image-preview":"max-image-preview:large","max-video-preview":"max-video-preview:-1"},"canonical":"https:\/\/fishfromcroatia.com\/es\/jedi-sto-vrijedi\/","og_locale":"es_ES","og_type":"article","og_title":"Jedi \u0161to vrijedi - Riba Hrvatske - Jedi \u0161to vrijedi","og_description":"Po\u010detna \/ Jedi \u0161to vrijedi! Jedi \u0161to vrijedi! Projekt promovira lokalne proizvode ribarstva u Hrvatskoj, podi\u017ee svijest o odr\u017eivom ribarstvu, visokim standardima hrane i za\u0161titi okoli\u0161a. Cilj je potaknuti konzumaciju lokalnih ribljih proizvoda, stvoriti jedinstveni brend i pove\u0107ati ekonomsku vrijednost. Financira se Europskim fondom za pomorstvo i ribarstvo. Hrvatska gospodarska komora je pokrenula projekt \u201cRiba [&hellip;]","og_url":"https:\/\/fishfromcroatia.com\/es\/jedi-sto-vrijedi\/","og_site_name":"Riba Hrvatske - Jedi \u0161to vrijedi","article_modified_time":"2023-12-06T12:46:31+00:00","og_image":[{"url":"https:\/\/fishfromcroatia.com\/wp-content\/uploads\/2023\/05\/Mask-group-24.svg","type":"","width":"","height":""}],"twitter_card":"summary_large_image","twitter_misc":{"Tiempo de lectura":"3 minutos"},"schema":{"@context":"https:\/\/schema.org","@graph":[{"@type":"WebPage","@id":"https:\/\/fishfromcroatia.com\/jedi-sto-vrijedi\/","url":"https:\/\/fishfromcroatia.com\/jedi-sto-vrijedi\/","name":"Jedi \u0161to vrijedi - Riba Hrvatske - Jedi \u0161to vrijedi","isPartOf":{"@id":"https:\/\/fishfromcroatia.com\/#website"},"primaryImageOfPage":{"@id":"https:\/\/fishfromcroatia.com\/jedi-sto-vrijedi\/#primaryimage"},"image":{"@id":"https:\/\/fishfromcroatia.com\/jedi-sto-vrijedi\/#primaryimage"},"thumbnailUrl":"https:\/\/fishfromcroatia.com\/wp-content\/uploads\/2023\/05\/Mask-group-24.svg","datePublished":"2023-05-26T11:00:08+00:00","dateModified":"2023-12-06T12:46:31+00:00","inLanguage":"es","potentialAction":[{"@type":"ReadAction","target":["https:\/\/fishfromcroatia.com\/jedi-sto-vrijedi\/"]}]},{"@type":"ImageObject","inLanguage":"es","@id":"https:\/\/fishfromcroatia.com\/jedi-sto-vrijedi\/#primaryimage","url":"https:\/\/fishfromcroatia.com\/wp-content\/uploads\/2023\/05\/Mask-group-24.svg","contentUrl":"https:\/\/fishfromcroatia.com\/wp-content\/uploads\/2023\/05\/Mask-group-24.svg"},{"@type":"WebSite","@id":"https:\/\/fishfromcroatia.com\/#website","url":"https:\/\/fishfromcroatia.com\/","name":"Riba Hrvatske - Jedi \u0161to vrijedi","description":"","publisher":{"@id":"https:\/\/fishfromcroatia.com\/#organization"},"potentialAction":[{"@type":"SearchAction","target":{"@type":"EntryPoint","urlTemplate":"https:\/\/fishfromcroatia.com\/?s={search_term_string}"},"query-input":{"@type":"PropertyValueSpecification","valueRequired":true,"valueName":"search_term_string"}}],"inLanguage":"es"},{"@type":"Organization","@id":"https:\/\/fishfromcroatia.com\/#organization","name":"Riba Hrvatske - Jedi \u0161to vrijedi","url":"https:\/\/fishfromcroatia.com\/","logo":{"@type":"ImageObject","inLanguage":"es","@id":"https:\/\/fishfromcroatia.com\/#\/schema\/logo\/image\/","url":"https:\/\/fishfromcroatia.com\/wp-content\/uploads\/2023\/05\/logo-manji.svg","contentUrl":"https:\/\/fishfromcroatia.com\/wp-content\/uploads\/2023\/05\/logo-manji.svg","width":95,"height":70,"caption":"Riba Hrvatske - Jedi \u0161to vrijedi"},"image":{"@id":"https:\/\/fishfromcroatia.com\/#\/schema\/logo\/image\/"}}]}},"_links":{"self":[{"href":"https:\/\/fishfromcroatia.com\/es\/wp-json\/wp\/v2\/pages\/2265","targetHints":{"allow":["GET"]}}],"collection":[{"href":"https:\/\/fishfromcroatia.com\/es\/wp-json\/wp\/v2\/pages"}],"about":[{"href":"https:\/\/fishfromcroatia.com\/es\/wp-json\/wp\/v2\/types\/page"}],"author":[{"embeddable":true,"href":"https:\/\/fishfromcroatia.com\/es\/wp-json\/wp\/v2\/users\/1"}],"replies":[{"embeddable":true,"href":"https:\/\/fishfromcroatia.com\/es\/wp-json\/wp\/v2\/comments?post=2265"}],"version-history":[{"count":55,"href":"https:\/\/fishfromcroatia.com\/es\/wp-json\/wp\/v2\/pages\/2265\/revisions"}],"predecessor-version":[{"id":4459,"href":"https:\/\/fishfromcroatia.com\/es\/wp-json\/wp\/v2\/pages\/2265\/revisions\/4459"}],"wp:attachment":[{"href":"https:\/\/fishfromcroatia.com\/es\/wp-json\/wp\/v2\/media?parent=2265"}],"curies":[{"name":"wp","href":"https:\/\/api.w.org\/{rel}","templated":true}]}}