{"id":2304,"date":"2023-05-26T11:10:26","date_gmt":"2023-05-26T11:10:26","guid":{"rendered":"https:\/\/fishfromcroatia.com\/?page_id=2304"},"modified":"2023-07-03T10:22:15","modified_gmt":"2023-07-03T10:22:15","slug":"marinirano-i-slano","status":"publish","type":"page","link":"https:\/\/fishfromcroatia.com\/es\/marinirano-i-slano\/","title":{"rendered":"Marinado y salado"},"content":{"rendered":"<div data-elementor-type=\"wp-page\" data-elementor-id=\"2304\" class=\"elementor elementor-2304\" data-elementor-post-type=\"page\">\n\t\t\t\t\t\t<section class=\"has_ae_slider elementor-section elementor-top-section elementor-element elementor-element-d605f4f elementor-section-boxed elementor-section-height-default elementor-section-height-default ae-bg-gallery-type-default\" data-id=\"d605f4f\" data-element_type=\"section\" data-settings=\"{&quot;background_background&quot;:&quot;gradient&quot;}\">\n\t\t\t\t\t\t<div class=\"elementor-container elementor-column-gap-default\">\n\t\t\t\t\t<div class=\"has_ae_slider elementor-column elementor-col-100 elementor-top-column elementor-element elementor-element-e8adb4d ae-bg-gallery-type-default\" data-id=\"e8adb4d\" data-element_type=\"column\">\n\t\t\t<div class=\"elementor-widget-wrap elementor-element-populated\">\n\t\t\t\t\t\t<div class=\"elementor-element elementor-element-e99c47a elementor-widget elementor-widget-text-editor\" data-id=\"e99c47a\" data-element_type=\"widget\" data-widget_type=\"text-editor.default\">\n\t\t\t\t<div class=\"elementor-widget-container\">\n\t\t\t<style>\/*! elementor - v3.19.0 - 28-02-2024 *\/\n.elementor-widget-text-editor.elementor-drop-cap-view-stacked .elementor-drop-cap{background-color:#69727d;color:#fff}.elementor-widget-text-editor.elementor-drop-cap-view-framed .elementor-drop-cap{color:#69727d;border:3px solid;background-color:transparent}.elementor-widget-text-editor:not(.elementor-drop-cap-view-default) .elementor-drop-cap{margin-top:8px}.elementor-widget-text-editor:not(.elementor-drop-cap-view-default) .elementor-drop-cap-letter{width:1em;height:1em}.elementor-widget-text-editor .elementor-drop-cap{float:left;text-align:center;line-height:1;font-size:50px}.elementor-widget-text-editor .elementor-drop-cap-letter{display:inline-block}<\/style>\t\t\t\t<p><span style=\"color: #000000;\"><a style=\"color: #000000;\" href=\"\/es\/\">P\u00e1gina principal<\/a> \/ <a style=\"color: #000000;\" href=\"\/es\/sitna-plava-riba\/\">Peces pel\u00e1gicos<\/a> \/ <strong>Marinado y salado<\/strong><\/span><\/p>\t\t\t\t\t\t<\/div>\n\t\t\t\t<\/div>\n\t\t\t\t<section class=\"has_ae_slider elementor-section elementor-inner-section elementor-element elementor-element-fb2985f elementor-section-boxed elementor-section-height-default elementor-section-height-default ae-bg-gallery-type-default\" data-id=\"fb2985f\" data-element_type=\"section\">\n\t\t\t\t\t\t<div class=\"elementor-container elementor-column-gap-default\">\n\t\t\t\t\t<div class=\"has_ae_slider elementor-column elementor-col-100 elementor-inner-column elementor-element elementor-element-7c8b9ad ae-bg-gallery-type-default\" data-id=\"7c8b9ad\" data-element_type=\"column\" data-settings=\"{&quot;background_background&quot;:&quot;classic&quot;}\">\n\t\t\t<div class=\"elementor-widget-wrap elementor-element-populated\">\n\t\t\t\t\t\t<div class=\"elementor-element elementor-element-732e31e elementor-widget elementor-widget-heading\" data-id=\"732e31e\" data-element_type=\"widget\" data-widget_type=\"heading.default\">\n\t\t\t\t<div class=\"elementor-widget-container\">\n\t\t\t<style>\/*! elementor - v3.19.0 - 28-02-2024 *\/\n.elementor-heading-title{padding:0;margin:0;line-height:1}.elementor-widget-heading .elementor-heading-title[class*=elementor-size-]>a{color:inherit;font-size:inherit;line-height:inherit}.elementor-widget-heading .elementor-heading-title.elementor-size-small{font-size:15px}.elementor-widget-heading .elementor-heading-title.elementor-size-medium{font-size:19px}.elementor-widget-heading .elementor-heading-title.elementor-size-large{font-size:29px}.elementor-widget-heading .elementor-heading-title.elementor-size-xl{font-size:39px}.elementor-widget-heading .elementor-heading-title.elementor-size-xxl{font-size:59px}<\/style><h2 class=\"elementor-heading-title elementor-size-default\">Marinado y salado<\/h2>\t\t<\/div>\n\t\t\t\t<\/div>\n\t\t\t\t<div class=\"elementor-element elementor-element-751028f elementor-widget elementor-widget-image\" data-id=\"751028f\" data-element_type=\"widget\" data-widget_type=\"image.default\">\n\t\t\t\t<div class=\"elementor-widget-container\">\n\t\t\t<style>\/*! elementor - v3.19.0 - 28-02-2024 *\/\n.elementor-widget-image{text-align:center}.elementor-widget-image a{display:inline-block}.elementor-widget-image a img[src$=\".svg\"]{width:48px}.elementor-widget-image img{vertical-align:middle;display:inline-block}<\/style>\t\t\t\t\t\t\t\t\t\t<img fetchpriority=\"high\" decoding=\"async\" width=\"660\" height=\"431\" src=\"https:\/\/fishfromcroatia.com\/wp-content\/uploads\/2023\/07\/Mask-group-35.svg\" class=\"attachment-full size-full wp-image-3945\" alt=\"\" \/>\t\t\t\t\t\t\t\t\t\t\t\t\t<\/div>\n\t\t\t\t<\/div>\n\t\t\t\t<div class=\"elementor-element elementor-element-0c64a37 elementor-widget elementor-widget-text-editor\" data-id=\"0c64a37\" data-element_type=\"widget\" data-widget_type=\"text-editor.default\">\n\t\t\t\t<div class=\"elementor-widget-container\">\n\t\t\t\t\t\t\t<p>SALADO<\/p><p class=\"translation-block\">SALADO\nLa salaz\u00f3n es probablemente la forma m\u00e1s antigua conocida de conservar las peque\u00f1as especies pel\u00e1gicas para los per\u00edodos del a\u00f1o en los que no est\u00e1n disponibles frescos. Los registros de salaz\u00f3n de sardinas se remontan al siglo XV en la zona de la isla de Vis. De esta elaboraci\u00f3n tradicional naci\u00f3 un aut\u00e9ntico manjar muy valorado.\nEl proceso de salaz\u00f3n y maduraci\u00f3n se lleva a cabo en condiciones cuidadosamente controladas y dura meses. La primera fase de salaz\u00f3n dura unos 10 d\u00edas y finaliza cuando se alcanza una concentraci\u00f3n equilibrada de sal en el m\u00fasculo. Posteriormente, comienza la fase de maduraci\u00f3n del producto, durante la cual se realizan procesos sobre prote\u00ednas y grasas durante varios meses dando como resultado el aroma y la textura caracter\u00edsticos del pescado. La salaz\u00f3n es un proceso en el que generalmente no hay ayuda de m\u00e1quinas y todo el procesamiento, es decir, la limpieza, la salaz\u00f3n y todas las actividades durante la maduraci\u00f3n se realizan de forma manual.<\/p><p>De esta forma se obtiene un producto semielaborado en grandes envases destinados a f\u00e1bricas y canales de venta HORECA<\/p><p>Tambi\u00e9n se ofrecen productos al por menor. El fileteado y envasado final de estos productos tambi\u00e9n se realiza de forma manual. Estos productos se preparan cuidando cada detalle; el pescado se lava cuidadosamente y se limpia de sal, se seca y se envasa en envases para la venta al por menor.<\/p><p>\u00a0<\/p><p>MARINADO<\/p><p class=\"translation-block\">En la Rep\u00fablica de Croacia, el marinado es una forma de conservar los filetes de anchoa utilizando principalmente vinagre blanco, u ocasionalmente se utilizan otros \u00e1cidos y hierbas. Despu\u00e9s de completar este proceso relativamente corto, el filete se limpia mediante un proceso especial y se sumerge en la marinada. A continuaci\u00f3n, el producto final de anchoa se envasa en grandes envases para su posterior procesamiento y el canal HORECA o se prepara para envases de venta al por menor.<\/p>\t\t\t\t\t\t<\/div>\n\t\t\t\t<\/div>\n\t\t\t\t\t<\/div>\n\t\t<\/div>\n\t\t\t\t\t<\/div>\n\t\t<\/section>\n\t\t\t\t\t<\/div>\n\t\t<\/div>\n\t\t\t\t\t<\/div>\n\t\t<\/section>\n\t\t\t\t<section class=\"has_ae_slider elementor-section elementor-top-section elementor-element elementor-element-e7daf5b elementor-section-boxed elementor-section-height-default elementor-section-height-default ae-bg-gallery-type-default\" data-id=\"e7daf5b\" data-element_type=\"section\" data-settings=\"{&quot;background_background&quot;:&quot;classic&quot;}\">\n\t\t\t\t\t\t<div class=\"elementor-container elementor-column-gap-default\">\n\t\t\t\t\t<div class=\"has_ae_slider elementor-column elementor-col-100 elementor-top-column elementor-element elementor-element-68f65e3 ae-bg-gallery-type-default\" data-id=\"68f65e3\" data-element_type=\"column\">\n\t\t\t<div class=\"elementor-widget-wrap elementor-element-populated\">\n\t\t\t\t\t\t<div class=\"elementor-element elementor-element-9b0e2a2 elementor-widget elementor-widget-heading\" data-id=\"9b0e2a2\" data-element_type=\"widget\" data-widget_type=\"heading.default\">\n\t\t\t\t<div class=\"elementor-widget-container\">\n\t\t\t<h2 class=\"elementor-heading-title elementor-size-default\">Leer m\u00e1s...<\/h2>\t\t<\/div>\n\t\t\t\t<\/div>\n\t\t\t\t<section class=\"has_ae_slider elementor-section elementor-inner-section elementor-element elementor-element-3763207 elementor-section-full_width elementor-section-height-default elementor-section-height-default ae-bg-gallery-type-default\" data-id=\"3763207\" data-element_type=\"section\">\n\t\t\t\t\t\t<div class=\"elementor-container elementor-column-gap-default\">\n\t\t\t\t\t<div class=\"has_ae_slider make-column-clickable-elementor elementor-column elementor-col-50 elementor-inner-column elementor-element elementor-element-dca0696 ae-bg-gallery-type-default\" style=\"cursor: pointer;\" data-column-clickable=\"smrznuto-i-svjeze\" data-column-clickable-blank=\"_self\" data-id=\"dca0696\" data-element_type=\"column\" data-settings=\"{&quot;background_background&quot;:&quot;classic&quot;}\">\n\t\t\t<div class=\"elementor-widget-wrap elementor-element-populated\">\n\t\t\t\t\t\t<div class=\"elementor-element elementor-element-6883810 elementor-widget elementor-widget-image\" data-id=\"6883810\" data-element_type=\"widget\" data-widget_type=\"image.default\">\n\t\t\t\t<div class=\"elementor-widget-container\">\n\t\t\t\t\t\t\t\t\t\t\t\t\t<img decoding=\"async\" width=\"271\" height=\"160\" src=\"https:\/\/fishfromcroatia.com\/wp-content\/uploads\/2023\/07\/Frame-130346.jpg\" class=\"attachment-full size-full wp-image-3940\" alt=\"\" srcset=\"https:\/\/fishfromcroatia.com\/wp-content\/uploads\/2023\/07\/Frame-130346.jpg 271w, https:\/\/fishfromcroatia.com\/wp-content\/uploads\/2023\/07\/Frame-130346-18x12.jpg 18w\" sizes=\"(max-width: 271px) 100vw, 271px\" \/>\t\t\t\t\t\t\t\t\t\t\t\t\t<\/div>\n\t\t\t\t<\/div>\n\t\t\t\t<div class=\"elementor-element elementor-element-1009c74 elementor-widget elementor-widget-heading\" data-id=\"1009c74\" data-element_type=\"widget\" data-widget_type=\"heading.default\">\n\t\t\t\t<div class=\"elementor-widget-container\">\n\t\t\t<h2 class=\"elementor-heading-title elementor-size-default\">CONGELADO Y FRESCO<\/h2>\t\t<\/div>\n\t\t\t\t<\/div>\n\t\t\t\t\t<\/div>\n\t\t<\/div>\n\t\t\t\t<div class=\"has_ae_slider make-column-clickable-elementor elementor-column elementor-col-50 elementor-inner-column elementor-element elementor-element-cd4ac4d ae-bg-gallery-type-default\" style=\"cursor: pointer;\" data-column-clickable=\"konzerve\" data-column-clickable-blank=\"_self\" data-id=\"cd4ac4d\" data-element_type=\"column\" data-settings=\"{&quot;background_background&quot;:&quot;classic&quot;}\">\n\t\t\t<div class=\"elementor-widget-wrap elementor-element-populated\">\n\t\t\t\t\t\t<div class=\"elementor-element elementor-element-24e4cef elementor-widget elementor-widget-image\" data-id=\"24e4cef\" data-element_type=\"widget\" data-widget_type=\"image.default\">\n\t\t\t\t<div class=\"elementor-widget-container\">\n\t\t\t\t\t\t\t\t\t\t\t\t\t<img decoding=\"async\" width=\"271\" height=\"160\" src=\"https:\/\/fishfromcroatia.com\/wp-content\/uploads\/2023\/05\/Group-2383.svg\" class=\"attachment-full size-full wp-image-86\" alt=\"\" \/>\t\t\t\t\t\t\t\t\t\t\t\t\t<\/div>\n\t\t\t\t<\/div>\n\t\t\t\t<div class=\"elementor-element elementor-element-01d335d elementor-widget elementor-widget-heading\" data-id=\"01d335d\" data-element_type=\"widget\" data-widget_type=\"heading.default\">\n\t\t\t\t<div class=\"elementor-widget-container\">\n\t\t\t<h2 class=\"elementor-heading-title elementor-size-default\">CONSERVAS<\/h2>\t\t<\/div>\n\t\t\t\t<\/div>\n\t\t\t\t\t<\/div>\n\t\t<\/div>\n\t\t\t\t\t<\/div>\n\t\t<\/section>\n\t\t\t\t\t<\/div>\n\t\t<\/div>\n\t\t\t\t\t<\/div>\n\t\t<\/section>\n\t\t\t\t<\/div>","protected":false},"excerpt":{"rendered":"<p>Po\u010detna \/ Sitna plava riba \/ Marinirano i slano Marinirano i slano SLANO Soljenje je vjerojatno najstariji poznati na\u010din \u010duvanja sitne plave ribe za razdoblja u godini kada kao svje\u017ea nije dostupna. Zapisi o usoljavanju srdela se\u017eu jo\u0161 iz 15. stolje\u0107a s podru\u010dja otoka Visa. Iz te tradicijske prerade izrodila se prava, visoko cijenjena delikatesa.Proces [&hellip;]<\/p>","protected":false},"author":1,"featured_media":0,"parent":0,"menu_order":0,"comment_status":"closed","ping_status":"closed","template":"","meta":{"_acf_changed":false,"inline_featured_image":false,"footnotes":""},"class_list":["post-2304","page","type-page","status-publish","hentry"],"acf":[],"yoast_head":"<!-- This site is optimized with the Yoast SEO plugin v25.3 - https:\/\/yoast.com\/wordpress\/plugins\/seo\/ -->\n<title>Marinirano i slano - Riba Hrvatske - Jedi \u0161to vrijedi<\/title>\n<meta name=\"robots\" content=\"index, follow, max-snippet:-1, max-image-preview:large, max-video-preview:-1\" \/>\n<link rel=\"canonical\" href=\"https:\/\/fishfromcroatia.com\/es\/marinirano-i-slano\/\" \/>\n<meta property=\"og:locale\" content=\"es_ES\" \/>\n<meta property=\"og:type\" content=\"article\" \/>\n<meta property=\"og:title\" content=\"Marinirano i slano - Riba Hrvatske - Jedi \u0161to vrijedi\" \/>\n<meta property=\"og:description\" content=\"Po\u010detna \/ Sitna plava riba \/ Marinirano i slano Marinirano i slano SLANO Soljenje je vjerojatno najstariji poznati na\u010din \u010duvanja sitne plave ribe za razdoblja u godini kada kao svje\u017ea nije dostupna. Zapisi o usoljavanju srdela se\u017eu jo\u0161 iz 15. stolje\u0107a s podru\u010dja otoka Visa. Iz te tradicijske prerade izrodila se prava, visoko cijenjena delikatesa.Proces [&hellip;]\" \/>\n<meta property=\"og:url\" content=\"https:\/\/fishfromcroatia.com\/es\/marinirano-i-slano\/\" \/>\n<meta property=\"og:site_name\" content=\"Riba Hrvatske - Jedi \u0161to vrijedi\" \/>\n<meta property=\"article:modified_time\" content=\"2023-07-03T10:22:15+00:00\" \/>\n<meta property=\"og:image\" content=\"https:\/\/fishfromcroatia.com\/wp-content\/uploads\/2023\/07\/Mask-group-35.svg\" \/>\n<meta name=\"twitter:card\" content=\"summary_large_image\" \/>\n<meta name=\"twitter:label1\" content=\"Tiempo de lectura\" \/>\n\t<meta name=\"twitter:data1\" content=\"2 minutos\" \/>\n<script type=\"application\/ld+json\" class=\"yoast-schema-graph\">{\"@context\":\"https:\/\/schema.org\",\"@graph\":[{\"@type\":\"WebPage\",\"@id\":\"https:\/\/fishfromcroatia.com\/marinirano-i-slano\/\",\"url\":\"https:\/\/fishfromcroatia.com\/marinirano-i-slano\/\",\"name\":\"Marinirano i slano - Riba Hrvatske - Jedi \u0161to vrijedi\",\"isPartOf\":{\"@id\":\"https:\/\/fishfromcroatia.com\/#website\"},\"primaryImageOfPage\":{\"@id\":\"https:\/\/fishfromcroatia.com\/marinirano-i-slano\/#primaryimage\"},\"image\":{\"@id\":\"https:\/\/fishfromcroatia.com\/marinirano-i-slano\/#primaryimage\"},\"thumbnailUrl\":\"https:\/\/fishfromcroatia.com\/wp-content\/uploads\/2023\/07\/Mask-group-35.svg\",\"datePublished\":\"2023-05-26T11:10:26+00:00\",\"dateModified\":\"2023-07-03T10:22:15+00:00\",\"inLanguage\":\"es\",\"potentialAction\":[{\"@type\":\"ReadAction\",\"target\":[\"https:\/\/fishfromcroatia.com\/marinirano-i-slano\/\"]}]},{\"@type\":\"ImageObject\",\"inLanguage\":\"es\",\"@id\":\"https:\/\/fishfromcroatia.com\/marinirano-i-slano\/#primaryimage\",\"url\":\"https:\/\/fishfromcroatia.com\/wp-content\/uploads\/2023\/07\/Mask-group-35.svg\",\"contentUrl\":\"https:\/\/fishfromcroatia.com\/wp-content\/uploads\/2023\/07\/Mask-group-35.svg\"},{\"@type\":\"WebSite\",\"@id\":\"https:\/\/fishfromcroatia.com\/#website\",\"url\":\"https:\/\/fishfromcroatia.com\/\",\"name\":\"Riba Hrvatske - Jedi \u0161to vrijedi\",\"description\":\"\",\"publisher\":{\"@id\":\"https:\/\/fishfromcroatia.com\/#organization\"},\"potentialAction\":[{\"@type\":\"SearchAction\",\"target\":{\"@type\":\"EntryPoint\",\"urlTemplate\":\"https:\/\/fishfromcroatia.com\/?s={search_term_string}\"},\"query-input\":{\"@type\":\"PropertyValueSpecification\",\"valueRequired\":true,\"valueName\":\"search_term_string\"}}],\"inLanguage\":\"es\"},{\"@type\":\"Organization\",\"@id\":\"https:\/\/fishfromcroatia.com\/#organization\",\"name\":\"Riba Hrvatske - Jedi \u0161to vrijedi\",\"url\":\"https:\/\/fishfromcroatia.com\/\",\"logo\":{\"@type\":\"ImageObject\",\"inLanguage\":\"es\",\"@id\":\"https:\/\/fishfromcroatia.com\/#\/schema\/logo\/image\/\",\"url\":\"https:\/\/fishfromcroatia.com\/wp-content\/uploads\/2023\/05\/logo-manji.svg\",\"contentUrl\":\"https:\/\/fishfromcroatia.com\/wp-content\/uploads\/2023\/05\/logo-manji.svg\",\"width\":95,\"height\":70,\"caption\":\"Riba Hrvatske - Jedi \u0161to vrijedi\"},\"image\":{\"@id\":\"https:\/\/fishfromcroatia.com\/#\/schema\/logo\/image\/\"}}]}<\/script>\n<!-- \/ Yoast SEO plugin. -->","yoast_head_json":{"title":"Marinirano i slano - Riba Hrvatske - Jedi \u0161to vrijedi","robots":{"index":"index","follow":"follow","max-snippet":"max-snippet:-1","max-image-preview":"max-image-preview:large","max-video-preview":"max-video-preview:-1"},"canonical":"https:\/\/fishfromcroatia.com\/es\/marinirano-i-slano\/","og_locale":"es_ES","og_type":"article","og_title":"Marinirano i slano - Riba Hrvatske - Jedi \u0161to vrijedi","og_description":"Po\u010detna \/ Sitna plava riba \/ Marinirano i slano Marinirano i slano SLANO Soljenje je vjerojatno najstariji poznati na\u010din \u010duvanja sitne plave ribe za razdoblja u godini kada kao svje\u017ea nije dostupna. Zapisi o usoljavanju srdela se\u017eu jo\u0161 iz 15. stolje\u0107a s podru\u010dja otoka Visa. Iz te tradicijske prerade izrodila se prava, visoko cijenjena delikatesa.Proces [&hellip;]","og_url":"https:\/\/fishfromcroatia.com\/es\/marinirano-i-slano\/","og_site_name":"Riba Hrvatske - Jedi \u0161to vrijedi","article_modified_time":"2023-07-03T10:22:15+00:00","og_image":[{"url":"https:\/\/fishfromcroatia.com\/wp-content\/uploads\/2023\/07\/Mask-group-35.svg","type":"","width":"","height":""}],"twitter_card":"summary_large_image","twitter_misc":{"Tiempo de lectura":"2 minutos"},"schema":{"@context":"https:\/\/schema.org","@graph":[{"@type":"WebPage","@id":"https:\/\/fishfromcroatia.com\/marinirano-i-slano\/","url":"https:\/\/fishfromcroatia.com\/marinirano-i-slano\/","name":"Marinirano i slano - Riba Hrvatske - Jedi \u0161to vrijedi","isPartOf":{"@id":"https:\/\/fishfromcroatia.com\/#website"},"primaryImageOfPage":{"@id":"https:\/\/fishfromcroatia.com\/marinirano-i-slano\/#primaryimage"},"image":{"@id":"https:\/\/fishfromcroatia.com\/marinirano-i-slano\/#primaryimage"},"thumbnailUrl":"https:\/\/fishfromcroatia.com\/wp-content\/uploads\/2023\/07\/Mask-group-35.svg","datePublished":"2023-05-26T11:10:26+00:00","dateModified":"2023-07-03T10:22:15+00:00","inLanguage":"es","potentialAction":[{"@type":"ReadAction","target":["https:\/\/fishfromcroatia.com\/marinirano-i-slano\/"]}]},{"@type":"ImageObject","inLanguage":"es","@id":"https:\/\/fishfromcroatia.com\/marinirano-i-slano\/#primaryimage","url":"https:\/\/fishfromcroatia.com\/wp-content\/uploads\/2023\/07\/Mask-group-35.svg","contentUrl":"https:\/\/fishfromcroatia.com\/wp-content\/uploads\/2023\/07\/Mask-group-35.svg"},{"@type":"WebSite","@id":"https:\/\/fishfromcroatia.com\/#website","url":"https:\/\/fishfromcroatia.com\/","name":"Riba Hrvatske - Jedi \u0161to vrijedi","description":"","publisher":{"@id":"https:\/\/fishfromcroatia.com\/#organization"},"potentialAction":[{"@type":"SearchAction","target":{"@type":"EntryPoint","urlTemplate":"https:\/\/fishfromcroatia.com\/?s={search_term_string}"},"query-input":{"@type":"PropertyValueSpecification","valueRequired":true,"valueName":"search_term_string"}}],"inLanguage":"es"},{"@type":"Organization","@id":"https:\/\/fishfromcroatia.com\/#organization","name":"Riba Hrvatske - Jedi \u0161to vrijedi","url":"https:\/\/fishfromcroatia.com\/","logo":{"@type":"ImageObject","inLanguage":"es","@id":"https:\/\/fishfromcroatia.com\/#\/schema\/logo\/image\/","url":"https:\/\/fishfromcroatia.com\/wp-content\/uploads\/2023\/05\/logo-manji.svg","contentUrl":"https:\/\/fishfromcroatia.com\/wp-content\/uploads\/2023\/05\/logo-manji.svg","width":95,"height":70,"caption":"Riba Hrvatske - Jedi \u0161to vrijedi"},"image":{"@id":"https:\/\/fishfromcroatia.com\/#\/schema\/logo\/image\/"}}]}},"_links":{"self":[{"href":"https:\/\/fishfromcroatia.com\/es\/wp-json\/wp\/v2\/pages\/2304","targetHints":{"allow":["GET"]}}],"collection":[{"href":"https:\/\/fishfromcroatia.com\/es\/wp-json\/wp\/v2\/pages"}],"about":[{"href":"https:\/\/fishfromcroatia.com\/es\/wp-json\/wp\/v2\/types\/page"}],"author":[{"embeddable":true,"href":"https:\/\/fishfromcroatia.com\/es\/wp-json\/wp\/v2\/users\/1"}],"replies":[{"embeddable":true,"href":"https:\/\/fishfromcroatia.com\/es\/wp-json\/wp\/v2\/comments?post=2304"}],"version-history":[{"count":40,"href":"https:\/\/fishfromcroatia.com\/es\/wp-json\/wp\/v2\/pages\/2304\/revisions"}],"predecessor-version":[{"id":3952,"href":"https:\/\/fishfromcroatia.com\/es\/wp-json\/wp\/v2\/pages\/2304\/revisions\/3952"}],"wp:attachment":[{"href":"https:\/\/fishfromcroatia.com\/es\/wp-json\/wp\/v2\/media?parent=2304"}],"curies":[{"name":"wp","href":"https:\/\/api.w.org\/{rel}","templated":true}]}}