{"id":3621,"date":"2023-06-26T12:41:15","date_gmt":"2023-06-26T12:41:15","guid":{"rendered":"https:\/\/fishfromcroatia.com\/?page_id=3621"},"modified":"2023-07-10T13:11:00","modified_gmt":"2023-07-10T13:11:00","slug":"kocarska-riba","status":"publish","type":"page","link":"https:\/\/fishfromcroatia.com\/es\/ostali-proizvodi\/kocarska-riba\/","title":{"rendered":"Ko\u010darska riba"},"content":{"rendered":"<div data-elementor-type=\"wp-page\" data-elementor-id=\"3621\" class=\"elementor elementor-3621\" data-elementor-post-type=\"page\">\n\t\t\t\t\t\t<section class=\"has_ae_slider elementor-section elementor-top-section elementor-element elementor-element-b706f08 elementor-section-boxed elementor-section-height-default elementor-section-height-default ae-bg-gallery-type-default\" data-id=\"b706f08\" data-element_type=\"section\" data-settings=\"{&quot;background_background&quot;:&quot;gradient&quot;}\">\n\t\t\t\t\t\t<div class=\"elementor-container elementor-column-gap-default\">\n\t\t\t\t\t<div class=\"has_ae_slider elementor-column elementor-col-100 elementor-top-column elementor-element elementor-element-ef5622d ae-bg-gallery-type-default\" data-id=\"ef5622d\" data-element_type=\"column\">\n\t\t\t<div class=\"elementor-widget-wrap elementor-element-populated\">\n\t\t\t\t\t\t<div class=\"elementor-element elementor-element-a31bbff elementor-widget elementor-widget-text-editor\" data-id=\"a31bbff\" data-element_type=\"widget\" data-widget_type=\"text-editor.default\">\n\t\t\t\t<div class=\"elementor-widget-container\">\n\t\t\t<style>\/*! elementor - v3.19.0 - 28-02-2024 *\/\n.elementor-widget-text-editor.elementor-drop-cap-view-stacked .elementor-drop-cap{background-color:#69727d;color:#fff}.elementor-widget-text-editor.elementor-drop-cap-view-framed .elementor-drop-cap{color:#69727d;border:3px solid;background-color:transparent}.elementor-widget-text-editor:not(.elementor-drop-cap-view-default) .elementor-drop-cap{margin-top:8px}.elementor-widget-text-editor:not(.elementor-drop-cap-view-default) .elementor-drop-cap-letter{width:1em;height:1em}.elementor-widget-text-editor .elementor-drop-cap{float:left;text-align:center;line-height:1;font-size:50px}.elementor-widget-text-editor .elementor-drop-cap-letter{display:inline-block}<\/style>\t\t\t\t<p><span style=\"color: #000000;\"><a style=\"color: #000000;\" href=\"\/es\/\">P\u00e1gina principal<\/a> \/ <a style=\"color: #000000;\" href=\"\/es\/ostali-proizvodi\/\">OTROS PRODUCTOS<\/a> \/<strong> Catch \u2013 Trawling Fish<\/strong><\/span><\/p>\t\t\t\t\t\t<\/div>\n\t\t\t\t<\/div>\n\t\t\t\t<section class=\"has_ae_slider elementor-section elementor-inner-section elementor-element elementor-element-cdd3110 elementor-section-boxed elementor-section-height-default elementor-section-height-default ae-bg-gallery-type-default\" data-id=\"cdd3110\" data-element_type=\"section\">\n\t\t\t\t\t\t<div class=\"elementor-container elementor-column-gap-default\">\n\t\t\t\t\t<div class=\"has_ae_slider elementor-column elementor-col-100 elementor-inner-column elementor-element elementor-element-3451b8b ae-bg-gallery-type-default\" data-id=\"3451b8b\" data-element_type=\"column\" data-settings=\"{&quot;background_background&quot;:&quot;classic&quot;}\">\n\t\t\t<div class=\"elementor-widget-wrap elementor-element-populated\">\n\t\t\t\t\t\t<div class=\"elementor-element elementor-element-1d6437c elementor-widget elementor-widget-heading\" data-id=\"1d6437c\" data-element_type=\"widget\" data-widget_type=\"heading.default\">\n\t\t\t\t<div class=\"elementor-widget-container\">\n\t\t\t<style>\/*! elementor - v3.19.0 - 28-02-2024 *\/\n.elementor-heading-title{padding:0;margin:0;line-height:1}.elementor-widget-heading .elementor-heading-title[class*=elementor-size-]>a{color:inherit;font-size:inherit;line-height:inherit}.elementor-widget-heading .elementor-heading-title.elementor-size-small{font-size:15px}.elementor-widget-heading .elementor-heading-title.elementor-size-medium{font-size:19px}.elementor-widget-heading .elementor-heading-title.elementor-size-large{font-size:29px}.elementor-widget-heading .elementor-heading-title.elementor-size-xl{font-size:39px}.elementor-widget-heading .elementor-heading-title.elementor-size-xxl{font-size:59px}<\/style><h2 class=\"elementor-heading-title elementor-size-default\">Catch \u2013 Trawling Fish<\/h2>\t\t<\/div>\n\t\t\t\t<\/div>\n\t\t\t\t<div class=\"elementor-element elementor-element-7691918 elementor-widget elementor-widget-image\" data-id=\"7691918\" data-element_type=\"widget\" data-widget_type=\"image.default\">\n\t\t\t\t<div class=\"elementor-widget-container\">\n\t\t\t<style>\/*! elementor - v3.19.0 - 28-02-2024 *\/\n.elementor-widget-image{text-align:center}.elementor-widget-image a{display:inline-block}.elementor-widget-image a img[src$=\".svg\"]{width:48px}.elementor-widget-image img{vertical-align:middle;display:inline-block}<\/style>\t\t\t\t\t\t\t\t\t\t<img fetchpriority=\"high\" decoding=\"async\" width=\"660\" height=\"431\" src=\"https:\/\/fishfromcroatia.com\/wp-content\/uploads\/2023\/07\/Mask-group-38.svg\" class=\"attachment-full size-full wp-image-4269\" alt=\"\" \/>\t\t\t\t\t\t\t\t\t\t\t\t\t<\/div>\n\t\t\t\t<\/div>\n\t\t\t\t<div class=\"elementor-element elementor-element-06a9ac8 elementor-widget elementor-widget-text-editor\" data-id=\"06a9ac8\" data-element_type=\"widget\" data-widget_type=\"text-editor.default\">\n\t\t\t\t<div class=\"elementor-widget-container\">\n\t\t\t\t\t\t\t<p>In addition to the most significant small pelagic fish, in terms of the value of the catch, the trawler catch is also significant, in which Norway lobster, hake, mullet and some cephalopods are represented as the most important economic species.<\/p><p class=\"translation-block\">In the structure of catches by unit value, Norway lobster (Nephros norvegicus) is particularly significant, and lately large quantities of prawns have been hunted.<\/p><p>More than 5,000 tons of trawling fish species, crabs and cephalopods are caught annually in Croatia. Although in recent years the demand for high-quality trawling fish on the Croatian market has been growing, it is a significant export, especially to the neighboring Italian market.<\/p>\t\t\t\t\t\t<\/div>\n\t\t\t\t<\/div>\n\t\t\t\t\t<\/div>\n\t\t<\/div>\n\t\t\t\t\t<\/div>\n\t\t<\/section>\n\t\t\t\t\t<\/div>\n\t\t<\/div>\n\t\t\t\t\t<\/div>\n\t\t<\/section>\n\t\t\t\t<section class=\"has_ae_slider elementor-section elementor-top-section elementor-element elementor-element-49762b6 elementor-section-boxed elementor-section-height-default elementor-section-height-default ae-bg-gallery-type-default\" data-id=\"49762b6\" data-element_type=\"section\" data-settings=\"{&quot;background_background&quot;:&quot;classic&quot;}\">\n\t\t\t\t\t\t<div class=\"elementor-container elementor-column-gap-default\">\n\t\t\t\t\t<div class=\"has_ae_slider elementor-column elementor-col-100 elementor-top-column elementor-element elementor-element-a786dea ae-bg-gallery-type-default\" data-id=\"a786dea\" data-element_type=\"column\">\n\t\t\t<div class=\"elementor-widget-wrap elementor-element-populated\">\n\t\t\t\t\t\t<div class=\"elementor-element elementor-element-6722c11 elementor-widget elementor-widget-heading\" data-id=\"6722c11\" data-element_type=\"widget\" data-widget_type=\"heading.default\">\n\t\t\t\t<div class=\"elementor-widget-container\">\n\t\t\t<h2 class=\"elementor-heading-title elementor-size-default\">Leer m\u00e1s...<\/h2>\t\t<\/div>\n\t\t\t\t<\/div>\n\t\t\t\t<section class=\"has_ae_slider elementor-section elementor-inner-section elementor-element elementor-element-05f3018 elementor-section-full_width elementor-section-height-default elementor-section-height-default ae-bg-gallery-type-default\" data-id=\"05f3018\" data-element_type=\"section\">\n\t\t\t\t\t\t<div class=\"elementor-container elementor-column-gap-default\">\n\t\t\t\t\t<div class=\"has_ae_slider make-column-clickable-elementor elementor-column elementor-col-50 elementor-inner-column elementor-element elementor-element-6fa0d01 ae-bg-gallery-type-default\" style=\"cursor: pointer;\" data-column-clickable=\"\/proizvodi-prerade\" data-column-clickable-blank=\"_self\" data-id=\"6fa0d01\" data-element_type=\"column\" data-settings=\"{&quot;background_background&quot;:&quot;classic&quot;}\">\n\t\t\t<div class=\"elementor-widget-wrap elementor-element-populated\">\n\t\t\t\t\t\t<div class=\"elementor-element elementor-element-b51b715 elementor-widget elementor-widget-image\" data-id=\"b51b715\" data-element_type=\"widget\" data-widget_type=\"image.default\">\n\t\t\t\t<div class=\"elementor-widget-container\">\n\t\t\t\t\t\t\t\t\t\t\t\t\t<img decoding=\"async\" width=\"271\" height=\"161\" src=\"https:\/\/fishfromcroatia.com\/wp-content\/uploads\/2023\/07\/Frame-130346-8.svg\" class=\"attachment-full size-full wp-image-4294\" alt=\"\" \/>\t\t\t\t\t\t\t\t\t\t\t\t\t<\/div>\n\t\t\t\t<\/div>\n\t\t\t\t<div class=\"elementor-element elementor-element-52d2890 elementor-widget elementor-widget-heading\" data-id=\"52d2890\" data-element_type=\"widget\" data-widget_type=\"heading.default\">\n\t\t\t\t<div class=\"elementor-widget-container\">\n\t\t\t<h2 class=\"elementor-heading-title elementor-size-default\">PROCESSING PRODUCTS<\/h2>\t\t<\/div>\n\t\t\t\t<\/div>\n\t\t\t\t\t<\/div>\n\t\t<\/div>\n\t\t\t\t<div class=\"has_ae_slider make-column-clickable-elementor elementor-column elementor-col-50 elementor-inner-column elementor-element elementor-element-a029689 ae-bg-gallery-type-default\" style=\"cursor: pointer;\" data-column-clickable=\"\/ostali-proizvodi\/akvakultura\" data-column-clickable-blank=\"_self\" data-id=\"a029689\" data-element_type=\"column\" data-settings=\"{&quot;background_background&quot;:&quot;classic&quot;}\">\n\t\t\t<div class=\"elementor-widget-wrap elementor-element-populated\">\n\t\t\t\t\t\t<div class=\"elementor-element elementor-element-4edbe40 elementor-widget elementor-widget-image\" data-id=\"4edbe40\" data-element_type=\"widget\" data-widget_type=\"image.default\">\n\t\t\t\t<div class=\"elementor-widget-container\">\n\t\t\t\t\t\t\t\t\t\t\t\t\t<img decoding=\"async\" width=\"271\" height=\"161\" src=\"https:\/\/fishfromcroatia.com\/wp-content\/uploads\/2023\/07\/Frame-130346-9.svg\" class=\"attachment-full size-full wp-image-4298\" alt=\"\" \/>\t\t\t\t\t\t\t\t\t\t\t\t\t<\/div>\n\t\t\t\t<\/div>\n\t\t\t\t<div class=\"elementor-element elementor-element-a2d4668 elementor-widget elementor-widget-heading\" data-id=\"a2d4668\" data-element_type=\"widget\" data-widget_type=\"heading.default\">\n\t\t\t\t<div class=\"elementor-widget-container\">\n\t\t\t<h2 class=\"elementor-heading-title elementor-size-default\">AQUACULTURE<\/h2>\t\t<\/div>\n\t\t\t\t<\/div>\n\t\t\t\t\t<\/div>\n\t\t<\/div>\n\t\t\t\t\t<\/div>\n\t\t<\/section>\n\t\t\t\t\t<\/div>\n\t\t<\/div>\n\t\t\t\t\t<\/div>\n\t\t<\/section>\n\t\t\t\t<\/div>","protected":false},"excerpt":{"rendered":"<p>Po\u010detna \/ Ostali proizvodi \/ Ulov &#8211; Ko\u010darska riba Ulov &#8211; Ko\u010darska riba Osim koli\u010dinski najzna\u010dajnije sitne plave ribe po vrijednosti ulova zna\u010dajan je I ko\u010darski ulov u kojemu su kao najzna\u010dajnije gospodarske vrste zastupljeni \u0161kamp, osli\u0107, trlja te neki glavono\u0161ci. U strukturi ulova po jedini\u010dnoj vrijednosti posebno je zna\u010dajan \u0161kamp (Nephros norvegicus), a u [&hellip;]<\/p>","protected":false},"author":1,"featured_media":0,"parent":17,"menu_order":0,"comment_status":"closed","ping_status":"closed","template":"","meta":{"_acf_changed":false,"inline_featured_image":false,"footnotes":""},"class_list":["post-3621","page","type-page","status-publish","hentry"],"acf":[],"yoast_head":"<!-- This site is optimized with the Yoast SEO plugin v25.3 - https:\/\/yoast.com\/wordpress\/plugins\/seo\/ -->\n<title>Ko\u010darska riba - Riba Hrvatske - Jedi \u0161to vrijedi<\/title>\n<meta name=\"robots\" content=\"index, follow, max-snippet:-1, max-image-preview:large, max-video-preview:-1\" \/>\n<link rel=\"canonical\" href=\"https:\/\/fishfromcroatia.com\/es\/ostali-proizvodi\/kocarska-riba\/\" \/>\n<meta property=\"og:locale\" content=\"es_ES\" \/>\n<meta property=\"og:type\" content=\"article\" \/>\n<meta property=\"og:title\" content=\"Ko\u010darska riba - Riba Hrvatske - Jedi \u0161to vrijedi\" \/>\n<meta property=\"og:description\" content=\"Po\u010detna \/ Ostali proizvodi \/ Ulov &#8211; Ko\u010darska riba Ulov &#8211; Ko\u010darska riba Osim koli\u010dinski najzna\u010dajnije sitne plave ribe po vrijednosti ulova zna\u010dajan je I ko\u010darski ulov u kojemu su kao najzna\u010dajnije gospodarske vrste zastupljeni \u0161kamp, osli\u0107, trlja te neki glavono\u0161ci. U strukturi ulova po jedini\u010dnoj vrijednosti posebno je zna\u010dajan \u0161kamp (Nephros norvegicus), a u [&hellip;]\" \/>\n<meta property=\"og:url\" content=\"https:\/\/fishfromcroatia.com\/es\/ostali-proizvodi\/kocarska-riba\/\" \/>\n<meta property=\"og:site_name\" content=\"Riba Hrvatske - Jedi \u0161to vrijedi\" \/>\n<meta property=\"article:modified_time\" content=\"2023-07-10T13:11:00+00:00\" \/>\n<meta property=\"og:image\" content=\"https:\/\/fishfromcroatia.com\/wp-content\/uploads\/2023\/07\/Mask-group-38.svg\" \/>\n<meta name=\"twitter:card\" content=\"summary_large_image\" \/>\n<meta name=\"twitter:label1\" content=\"Tiempo de lectura\" \/>\n\t<meta name=\"twitter:data1\" content=\"2 minutos\" \/>\n<script type=\"application\/ld+json\" class=\"yoast-schema-graph\">{\"@context\":\"https:\/\/schema.org\",\"@graph\":[{\"@type\":\"WebPage\",\"@id\":\"https:\/\/fishfromcroatia.com\/ostali-proizvodi\/kocarska-riba\/\",\"url\":\"https:\/\/fishfromcroatia.com\/ostali-proizvodi\/kocarska-riba\/\",\"name\":\"Ko\u010darska riba - Riba Hrvatske - Jedi \u0161to vrijedi\",\"isPartOf\":{\"@id\":\"https:\/\/fishfromcroatia.com\/#website\"},\"primaryImageOfPage\":{\"@id\":\"https:\/\/fishfromcroatia.com\/ostali-proizvodi\/kocarska-riba\/#primaryimage\"},\"image\":{\"@id\":\"https:\/\/fishfromcroatia.com\/ostali-proizvodi\/kocarska-riba\/#primaryimage\"},\"thumbnailUrl\":\"https:\/\/fishfromcroatia.com\/wp-content\/uploads\/2023\/07\/Mask-group-38.svg\",\"datePublished\":\"2023-06-26T12:41:15+00:00\",\"dateModified\":\"2023-07-10T13:11:00+00:00\",\"breadcrumb\":{\"@id\":\"https:\/\/fishfromcroatia.com\/ostali-proizvodi\/kocarska-riba\/#breadcrumb\"},\"inLanguage\":\"es\",\"potentialAction\":[{\"@type\":\"ReadAction\",\"target\":[\"https:\/\/fishfromcroatia.com\/ostali-proizvodi\/kocarska-riba\/\"]}]},{\"@type\":\"ImageObject\",\"inLanguage\":\"es\",\"@id\":\"https:\/\/fishfromcroatia.com\/ostali-proizvodi\/kocarska-riba\/#primaryimage\",\"url\":\"https:\/\/fishfromcroatia.com\/wp-content\/uploads\/2023\/07\/Mask-group-38.svg\",\"contentUrl\":\"https:\/\/fishfromcroatia.com\/wp-content\/uploads\/2023\/07\/Mask-group-38.svg\"},{\"@type\":\"BreadcrumbList\",\"@id\":\"https:\/\/fishfromcroatia.com\/ostali-proizvodi\/kocarska-riba\/#breadcrumb\",\"itemListElement\":[{\"@type\":\"ListItem\",\"position\":1,\"name\":\"Ostali proizvodi\",\"item\":\"https:\/\/fishfromcroatia.com\/ostali-proizvodi\/\"},{\"@type\":\"ListItem\",\"position\":2,\"name\":\"Ko\u010darska riba\"}]},{\"@type\":\"WebSite\",\"@id\":\"https:\/\/fishfromcroatia.com\/#website\",\"url\":\"https:\/\/fishfromcroatia.com\/\",\"name\":\"Riba Hrvatske - Jedi \u0161to vrijedi\",\"description\":\"\",\"publisher\":{\"@id\":\"https:\/\/fishfromcroatia.com\/#organization\"},\"potentialAction\":[{\"@type\":\"SearchAction\",\"target\":{\"@type\":\"EntryPoint\",\"urlTemplate\":\"https:\/\/fishfromcroatia.com\/?s={search_term_string}\"},\"query-input\":{\"@type\":\"PropertyValueSpecification\",\"valueRequired\":true,\"valueName\":\"search_term_string\"}}],\"inLanguage\":\"es\"},{\"@type\":\"Organization\",\"@id\":\"https:\/\/fishfromcroatia.com\/#organization\",\"name\":\"Riba Hrvatske - Jedi \u0161to vrijedi\",\"url\":\"https:\/\/fishfromcroatia.com\/\",\"logo\":{\"@type\":\"ImageObject\",\"inLanguage\":\"es\",\"@id\":\"https:\/\/fishfromcroatia.com\/#\/schema\/logo\/image\/\",\"url\":\"https:\/\/fishfromcroatia.com\/wp-content\/uploads\/2023\/05\/logo-manji.svg\",\"contentUrl\":\"https:\/\/fishfromcroatia.com\/wp-content\/uploads\/2023\/05\/logo-manji.svg\",\"width\":95,\"height\":70,\"caption\":\"Riba Hrvatske - Jedi \u0161to vrijedi\"},\"image\":{\"@id\":\"https:\/\/fishfromcroatia.com\/#\/schema\/logo\/image\/\"}}]}<\/script>\n<!-- \/ Yoast SEO plugin. -->","yoast_head_json":{"title":"Ko\u010darska riba - Riba Hrvatske - Jedi \u0161to vrijedi","robots":{"index":"index","follow":"follow","max-snippet":"max-snippet:-1","max-image-preview":"max-image-preview:large","max-video-preview":"max-video-preview:-1"},"canonical":"https:\/\/fishfromcroatia.com\/es\/ostali-proizvodi\/kocarska-riba\/","og_locale":"es_ES","og_type":"article","og_title":"Ko\u010darska riba - Riba Hrvatske - Jedi \u0161to vrijedi","og_description":"Po\u010detna \/ Ostali proizvodi \/ Ulov &#8211; Ko\u010darska riba Ulov &#8211; Ko\u010darska riba Osim koli\u010dinski najzna\u010dajnije sitne plave ribe po vrijednosti ulova zna\u010dajan je I ko\u010darski ulov u kojemu su kao najzna\u010dajnije gospodarske vrste zastupljeni \u0161kamp, osli\u0107, trlja te neki glavono\u0161ci. U strukturi ulova po jedini\u010dnoj vrijednosti posebno je zna\u010dajan \u0161kamp (Nephros norvegicus), a u [&hellip;]","og_url":"https:\/\/fishfromcroatia.com\/es\/ostali-proizvodi\/kocarska-riba\/","og_site_name":"Riba Hrvatske - Jedi \u0161to vrijedi","article_modified_time":"2023-07-10T13:11:00+00:00","og_image":[{"url":"https:\/\/fishfromcroatia.com\/wp-content\/uploads\/2023\/07\/Mask-group-38.svg","type":"","width":"","height":""}],"twitter_card":"summary_large_image","twitter_misc":{"Tiempo de lectura":"2 minutos"},"schema":{"@context":"https:\/\/schema.org","@graph":[{"@type":"WebPage","@id":"https:\/\/fishfromcroatia.com\/ostali-proizvodi\/kocarska-riba\/","url":"https:\/\/fishfromcroatia.com\/ostali-proizvodi\/kocarska-riba\/","name":"Ko\u010darska riba - Riba Hrvatske - Jedi \u0161to vrijedi","isPartOf":{"@id":"https:\/\/fishfromcroatia.com\/#website"},"primaryImageOfPage":{"@id":"https:\/\/fishfromcroatia.com\/ostali-proizvodi\/kocarska-riba\/#primaryimage"},"image":{"@id":"https:\/\/fishfromcroatia.com\/ostali-proizvodi\/kocarska-riba\/#primaryimage"},"thumbnailUrl":"https:\/\/fishfromcroatia.com\/wp-content\/uploads\/2023\/07\/Mask-group-38.svg","datePublished":"2023-06-26T12:41:15+00:00","dateModified":"2023-07-10T13:11:00+00:00","breadcrumb":{"@id":"https:\/\/fishfromcroatia.com\/ostali-proizvodi\/kocarska-riba\/#breadcrumb"},"inLanguage":"es","potentialAction":[{"@type":"ReadAction","target":["https:\/\/fishfromcroatia.com\/ostali-proizvodi\/kocarska-riba\/"]}]},{"@type":"ImageObject","inLanguage":"es","@id":"https:\/\/fishfromcroatia.com\/ostali-proizvodi\/kocarska-riba\/#primaryimage","url":"https:\/\/fishfromcroatia.com\/wp-content\/uploads\/2023\/07\/Mask-group-38.svg","contentUrl":"https:\/\/fishfromcroatia.com\/wp-content\/uploads\/2023\/07\/Mask-group-38.svg"},{"@type":"BreadcrumbList","@id":"https:\/\/fishfromcroatia.com\/ostali-proizvodi\/kocarska-riba\/#breadcrumb","itemListElement":[{"@type":"ListItem","position":1,"name":"Ostali proizvodi","item":"https:\/\/fishfromcroatia.com\/ostali-proizvodi\/"},{"@type":"ListItem","position":2,"name":"Ko\u010darska riba"}]},{"@type":"WebSite","@id":"https:\/\/fishfromcroatia.com\/#website","url":"https:\/\/fishfromcroatia.com\/","name":"Riba Hrvatske - Jedi \u0161to vrijedi","description":"","publisher":{"@id":"https:\/\/fishfromcroatia.com\/#organization"},"potentialAction":[{"@type":"SearchAction","target":{"@type":"EntryPoint","urlTemplate":"https:\/\/fishfromcroatia.com\/?s={search_term_string}"},"query-input":{"@type":"PropertyValueSpecification","valueRequired":true,"valueName":"search_term_string"}}],"inLanguage":"es"},{"@type":"Organization","@id":"https:\/\/fishfromcroatia.com\/#organization","name":"Riba Hrvatske - Jedi \u0161to vrijedi","url":"https:\/\/fishfromcroatia.com\/","logo":{"@type":"ImageObject","inLanguage":"es","@id":"https:\/\/fishfromcroatia.com\/#\/schema\/logo\/image\/","url":"https:\/\/fishfromcroatia.com\/wp-content\/uploads\/2023\/05\/logo-manji.svg","contentUrl":"https:\/\/fishfromcroatia.com\/wp-content\/uploads\/2023\/05\/logo-manji.svg","width":95,"height":70,"caption":"Riba Hrvatske - Jedi \u0161to vrijedi"},"image":{"@id":"https:\/\/fishfromcroatia.com\/#\/schema\/logo\/image\/"}}]}},"_links":{"self":[{"href":"https:\/\/fishfromcroatia.com\/es\/wp-json\/wp\/v2\/pages\/3621","targetHints":{"allow":["GET"]}}],"collection":[{"href":"https:\/\/fishfromcroatia.com\/es\/wp-json\/wp\/v2\/pages"}],"about":[{"href":"https:\/\/fishfromcroatia.com\/es\/wp-json\/wp\/v2\/types\/page"}],"author":[{"embeddable":true,"href":"https:\/\/fishfromcroatia.com\/es\/wp-json\/wp\/v2\/users\/1"}],"replies":[{"embeddable":true,"href":"https:\/\/fishfromcroatia.com\/es\/wp-json\/wp\/v2\/comments?post=3621"}],"version-history":[{"count":25,"href":"https:\/\/fishfromcroatia.com\/es\/wp-json\/wp\/v2\/pages\/3621\/revisions"}],"predecessor-version":[{"id":4304,"href":"https:\/\/fishfromcroatia.com\/es\/wp-json\/wp\/v2\/pages\/3621\/revisions\/4304"}],"up":[{"embeddable":true,"href":"https:\/\/fishfromcroatia.com\/es\/wp-json\/wp\/v2\/pages\/17"}],"wp:attachment":[{"href":"https:\/\/fishfromcroatia.com\/es\/wp-json\/wp\/v2\/media?parent=3621"}],"curies":[{"name":"wp","href":"https:\/\/api.w.org\/{rel}","templated":true}]}}