{"id":2205,"date":"2023-05-26T10:35:10","date_gmt":"2023-05-26T10:35:10","guid":{"rendered":"https:\/\/fishfromcroatia.com\/?page_id=2205"},"modified":"2023-07-03T10:07:50","modified_gmt":"2023-07-03T10:07:50","slug":"dugogodisnja-tradicija","status":"publish","type":"page","link":"https:\/\/fishfromcroatia.com\/it\/dugogodisnja-tradicija\/","title":{"rendered":"Una tradizione di lunga data"},"content":{"rendered":"<div data-elementor-type=\"wp-page\" data-elementor-id=\"2205\" class=\"elementor elementor-2205\" data-elementor-post-type=\"page\">\n\t\t\t\t\t\t<section class=\"has_ae_slider elementor-section elementor-top-section elementor-element elementor-element-08b916c elementor-section-boxed elementor-section-height-default elementor-section-height-default ae-bg-gallery-type-default\" data-id=\"08b916c\" data-element_type=\"section\" data-settings=\"{&quot;background_background&quot;:&quot;gradient&quot;}\">\n\t\t\t\t\t\t<div class=\"elementor-container elementor-column-gap-default\">\n\t\t\t\t\t<div class=\"has_ae_slider elementor-column elementor-col-100 elementor-top-column elementor-element elementor-element-a963095 ae-bg-gallery-type-default\" data-id=\"a963095\" data-element_type=\"column\">\n\t\t\t<div class=\"elementor-widget-wrap elementor-element-populated\">\n\t\t\t\t\t\t<div class=\"elementor-element elementor-element-80a1ac4 elementor-widget elementor-widget-text-editor\" data-id=\"80a1ac4\" data-element_type=\"widget\" data-widget_type=\"text-editor.default\">\n\t\t\t\t<div class=\"elementor-widget-container\">\n\t\t\t<style>\/*! elementor - v3.19.0 - 28-02-2024 *\/\n.elementor-widget-text-editor.elementor-drop-cap-view-stacked .elementor-drop-cap{background-color:#69727d;color:#fff}.elementor-widget-text-editor.elementor-drop-cap-view-framed .elementor-drop-cap{color:#69727d;border:3px solid;background-color:transparent}.elementor-widget-text-editor:not(.elementor-drop-cap-view-default) .elementor-drop-cap{margin-top:8px}.elementor-widget-text-editor:not(.elementor-drop-cap-view-default) .elementor-drop-cap-letter{width:1em;height:1em}.elementor-widget-text-editor .elementor-drop-cap{float:left;text-align:center;line-height:1;font-size:50px}.elementor-widget-text-editor .elementor-drop-cap-letter{display:inline-block}<\/style>\t\t\t\t<p><span style=\"color: #231f20;\"><a style=\"color: #231f20;\" href=\"\/it\/\">Pagina iniziale<\/a> <\/span>\/ <strong>Una tradizione di lunga data<\/strong><\/p>\t\t\t\t\t\t<\/div>\n\t\t\t\t<\/div>\n\t\t\t\t<section class=\"has_ae_slider elementor-section elementor-inner-section elementor-element elementor-element-e0d2f99 elementor-section-boxed elementor-section-height-default elementor-section-height-default ae-bg-gallery-type-default\" data-id=\"e0d2f99\" data-element_type=\"section\">\n\t\t\t\t\t\t<div class=\"elementor-container elementor-column-gap-default\">\n\t\t\t\t\t<div class=\"has_ae_slider elementor-column elementor-col-100 elementor-inner-column elementor-element elementor-element-963f65e ae-bg-gallery-type-default\" data-id=\"963f65e\" data-element_type=\"column\" data-settings=\"{&quot;background_background&quot;:&quot;classic&quot;}\">\n\t\t\t<div class=\"elementor-widget-wrap elementor-element-populated\">\n\t\t\t\t\t\t<div class=\"elementor-element elementor-element-3b90c89 elementor-widget elementor-widget-heading\" data-id=\"3b90c89\" data-element_type=\"widget\" data-widget_type=\"heading.default\">\n\t\t\t\t<div class=\"elementor-widget-container\">\n\t\t\t<style>\/*! elementor - v3.19.0 - 28-02-2024 *\/\n.elementor-heading-title{padding:0;margin:0;line-height:1}.elementor-widget-heading .elementor-heading-title[class*=elementor-size-]>a{color:inherit;font-size:inherit;line-height:inherit}.elementor-widget-heading .elementor-heading-title.elementor-size-small{font-size:15px}.elementor-widget-heading .elementor-heading-title.elementor-size-medium{font-size:19px}.elementor-widget-heading .elementor-heading-title.elementor-size-large{font-size:29px}.elementor-widget-heading .elementor-heading-title.elementor-size-xl{font-size:39px}.elementor-widget-heading .elementor-heading-title.elementor-size-xxl{font-size:59px}<\/style><h2 class=\"elementor-heading-title elementor-size-default\">Una tradizione di lunga data<\/h2>\t\t<\/div>\n\t\t\t\t<\/div>\n\t\t\t\t<div class=\"elementor-element elementor-element-d9b126e elementor-widget elementor-widget-image\" data-id=\"d9b126e\" data-element_type=\"widget\" data-widget_type=\"image.default\">\n\t\t\t\t<div class=\"elementor-widget-container\">\n\t\t\t<style>\/*! elementor - v3.19.0 - 28-02-2024 *\/\n.elementor-widget-image{text-align:center}.elementor-widget-image a{display:inline-block}.elementor-widget-image a img[src$=\".svg\"]{width:48px}.elementor-widget-image img{vertical-align:middle;display:inline-block}<\/style>\t\t\t\t\t\t\t\t\t\t<img fetchpriority=\"high\" decoding=\"async\" width=\"660\" height=\"431\" src=\"https:\/\/fishfromcroatia.com\/wp-content\/uploads\/2023\/05\/Mask-group-21.svg\" class=\"attachment-full size-full wp-image-2207\" alt=\"\" \/>\t\t\t\t\t\t\t\t\t\t\t\t\t<\/div>\n\t\t\t\t<\/div>\n\t\t\t\t<div class=\"elementor-element elementor-element-d22c9c6 elementor-widget elementor-widget-text-editor\" data-id=\"d22c9c6\" data-element_type=\"widget\" data-widget_type=\"text-editor.default\">\n\t\t\t\t<div class=\"elementor-widget-container\">\n\t\t\t\t\t\t\t<p>Nella Repubblica di Croazia l'acquacoltura marina ha una lunga tradizione. Gli inizi dell'allevamento di ostriche nel territorio della Repubblica di Croazia risalgono a diversi secoli fa, mentre lo slancio pi\u00f9 intenso dell'allevamento di molluschi si \u00e8 avuto nel secolo scorso.<\/p>\t\t\t\t\t\t<\/div>\n\t\t\t\t<\/div>\n\t\t\t\t<div class=\"elementor-element elementor-element-035dee1 elementor-widget elementor-widget-text-editor\" data-id=\"035dee1\" data-element_type=\"widget\" data-widget_type=\"text-editor.default\">\n\t\t\t\t<div class=\"elementor-widget-container\">\n\t\t\t\t\t\t\t<p>Le prime menzioni della pesca in queste aree risalgono al periodo della dominazione illirica e romana.<br \/>In tempi pi\u00f9 recenti, la pesca viene menzionata per la prima volta nel 995 in un documento di donazione in cui la nobilt\u00e0 di Zara ha donato dei posti di pesca vicino all'isola di Molat e nella baia di Tela\u0161\u0107ica a Dugi otok al monastero benedettino di San Kr\u0161evan a Zara.<\/p><p>La cattura e l\u2019allevamento di pesci e crostacei hanno reso famosa anche la Repubblica di Dubrovnik, che gi\u00e0 nel 1434 approv\u00f2 un regolamento sul metodo di pesca e sulle modalit\u00e0 di produzione e commercio di pesce e crostacei salati.<\/p><p>L'uso della luce nella pesca di piccole specie pelagiche, insieme all'uso di reti a strascico nell'Adriatico, \u00e8 menzionato nello statuto di Dubrovnik del 1272, mentre le pi\u00f9 antiche testimonianze (1331) sulla pesca del tonno nell'Adriatico provengono da Pola.<br \/>Le ostriche del Mali Ston facevano parte del menu delle corti reali europee. L'allevamento di carpe e trote \u00e8 comparso pi\u00f9 di 120 anni fa.<\/p><p>I produttori e i pescatori croati hanno dato un contributo significativo allo sviluppo delle tecniche e delle tecnologie di pesca e di allevamento. La pesca dei pesci pelagici negli oceani fior\u00ec grazie a un'invenzione che ancora oggi porta il nome del suo costruttore: il blocco di potenza Puretic<\/p><p>Alla fine degli anni '70, la Croazia \u00e8 stata uno dei pionieri nello sviluppo dell'allevamento di branzini e orate, e nel 1996 i produttori croati hanno fatto un altro grande passo avanti: sono stati i primi nel Mediterraneo a iniziare l'allevamento del tonno rosso atlantico a Kali, sull'isola di Ugljan (vicino a Zara).<\/p><p>\u00a0<\/p>\t\t\t\t\t\t<\/div>\n\t\t\t\t<\/div>\n\t\t\t\t\t<\/div>\n\t\t<\/div>\n\t\t\t\t\t<\/div>\n\t\t<\/section>\n\t\t\t\t\t<\/div>\n\t\t<\/div>\n\t\t\t\t\t<\/div>\n\t\t<\/section>\n\t\t\t\t<section class=\"has_ae_slider elementor-section elementor-top-section elementor-element elementor-element-08e2722 elementor-section-boxed elementor-section-height-default elementor-section-height-default ae-bg-gallery-type-default\" data-id=\"08e2722\" data-element_type=\"section\" data-settings=\"{&quot;background_background&quot;:&quot;classic&quot;}\">\n\t\t\t\t\t\t<div class=\"elementor-container elementor-column-gap-default\">\n\t\t\t\t\t<div class=\"has_ae_slider elementor-column elementor-col-100 elementor-top-column elementor-element elementor-element-6353bee ae-bg-gallery-type-default\" data-id=\"6353bee\" data-element_type=\"column\">\n\t\t\t<div class=\"elementor-widget-wrap elementor-element-populated\">\n\t\t\t\t\t\t<div class=\"elementor-element elementor-element-1b1bb0e elementor-widget elementor-widget-heading\" data-id=\"1b1bb0e\" data-element_type=\"widget\" data-widget_type=\"heading.default\">\n\t\t\t\t<div class=\"elementor-widget-container\">\n\t\t\t<h2 class=\"elementor-heading-title elementor-size-default\">Per saperne di pi\u00f9...<\/h2>\t\t<\/div>\n\t\t\t\t<\/div>\n\t\t\t\t<section class=\"has_ae_slider elementor-section elementor-inner-section elementor-element elementor-element-f4ecd51 elementor-section-full_width elementor-section-height-default elementor-section-height-default ae-bg-gallery-type-default\" data-id=\"f4ecd51\" data-element_type=\"section\">\n\t\t\t\t\t\t<div class=\"elementor-container elementor-column-gap-default\">\n\t\t\t\t\t<div class=\"has_ae_slider make-column-clickable-elementor elementor-column elementor-col-33 elementor-inner-column elementor-element elementor-element-1440d48 ae-bg-gallery-type-default\" style=\"cursor: pointer;\" data-column-clickable=\"visoka-nutritivna-vrijednost\" data-column-clickable-blank=\"_self\" data-id=\"1440d48\" data-element_type=\"column\" data-settings=\"{&quot;background_background&quot;:&quot;classic&quot;}\">\n\t\t\t<div class=\"elementor-widget-wrap elementor-element-populated\">\n\t\t\t\t\t\t<div class=\"elementor-element elementor-element-1655f9d elementor-widget elementor-widget-image\" data-id=\"1655f9d\" data-element_type=\"widget\" data-widget_type=\"image.default\">\n\t\t\t\t<div class=\"elementor-widget-container\">\n\t\t\t\t\t\t\t\t\t\t\t\t\t<img decoding=\"async\" width=\"271\" height=\"160\" src=\"https:\/\/fishfromcroatia.com\/wp-content\/uploads\/2023\/05\/Group-2386-1.svg\" class=\"attachment-full size-full wp-image-417\" alt=\"\" \/>\t\t\t\t\t\t\t\t\t\t\t\t\t<\/div>\n\t\t\t\t<\/div>\n\t\t\t\t<div class=\"elementor-element elementor-element-7187cee elementor-widget elementor-widget-heading\" data-id=\"7187cee\" data-element_type=\"widget\" data-widget_type=\"heading.default\">\n\t\t\t\t<div class=\"elementor-widget-container\">\n\t\t\t<h2 class=\"elementor-heading-title elementor-size-default\">ALTO VALORE<br>NUTRIZIONALE<\/h2>\t\t<\/div>\n\t\t\t\t<\/div>\n\t\t\t\t\t<\/div>\n\t\t<\/div>\n\t\t\t\t<div class=\"has_ae_slider make-column-clickable-elementor elementor-column elementor-col-33 elementor-inner-column elementor-element elementor-element-3ce628a ae-bg-gallery-type-default\" style=\"cursor: pointer;\" data-column-clickable=\"odrzivost\" data-column-clickable-blank=\"_self\" data-id=\"3ce628a\" data-element_type=\"column\" data-settings=\"{&quot;background_background&quot;:&quot;classic&quot;}\">\n\t\t\t<div class=\"elementor-widget-wrap elementor-element-populated\">\n\t\t\t\t\t\t<div class=\"elementor-element elementor-element-7ae01b4 elementor-widget elementor-widget-image\" data-id=\"7ae01b4\" data-element_type=\"widget\" data-widget_type=\"image.default\">\n\t\t\t\t<div class=\"elementor-widget-container\">\n\t\t\t\t\t\t\t\t\t\t\t\t\t<img decoding=\"async\" width=\"271\" height=\"160\" src=\"https:\/\/fishfromcroatia.com\/wp-content\/uploads\/2023\/07\/Frame-130346-3.svg\" class=\"attachment-full size-full wp-image-3887\" alt=\"\" \/>\t\t\t\t\t\t\t\t\t\t\t\t\t<\/div>\n\t\t\t\t<\/div>\n\t\t\t\t<div class=\"elementor-element elementor-element-b76f67e elementor-widget elementor-widget-heading\" data-id=\"b76f67e\" data-element_type=\"widget\" data-widget_type=\"heading.default\">\n\t\t\t\t<div class=\"elementor-widget-container\">\n\t\t\t<h2 class=\"elementor-heading-title elementor-size-default\">SOSTENIBILIT\u00c0<\/h2>\t\t<\/div>\n\t\t\t\t<\/div>\n\t\t\t\t\t<\/div>\n\t\t<\/div>\n\t\t\t\t<div class=\"has_ae_slider make-column-clickable-elementor elementor-column elementor-col-33 elementor-inner-column elementor-element elementor-element-455f6a4 ae-bg-gallery-type-default\" style=\"cursor: pointer;\" data-column-clickable=\"visoki-standardi-kvalitete-i-sigurnosti-hrane\" data-column-clickable-blank=\"_self\" data-id=\"455f6a4\" data-element_type=\"column\" data-settings=\"{&quot;background_background&quot;:&quot;classic&quot;}\">\n\t\t\t<div class=\"elementor-widget-wrap elementor-element-populated\">\n\t\t\t\t\t\t<div class=\"elementor-element elementor-element-0237a86 elementor-widget elementor-widget-image\" data-id=\"0237a86\" data-element_type=\"widget\" data-widget_type=\"image.default\">\n\t\t\t\t<div class=\"elementor-widget-container\">\n\t\t\t\t\t\t\t\t\t\t\t\t\t<img loading=\"lazy\" decoding=\"async\" width=\"271\" height=\"160\" src=\"https:\/\/fishfromcroatia.com\/wp-content\/uploads\/2023\/07\/Frame-130346-2.svg\" class=\"attachment-full size-full wp-image-3886\" alt=\"\" \/>\t\t\t\t\t\t\t\t\t\t\t\t\t<\/div>\n\t\t\t\t<\/div>\n\t\t\t\t<div class=\"elementor-element elementor-element-93e3cba elementor-widget__width-initial elementor-widget elementor-widget-heading\" data-id=\"93e3cba\" data-element_type=\"widget\" data-widget_type=\"heading.default\">\n\t\t\t\t<div class=\"elementor-widget-container\">\n\t\t\t<h2 class=\"elementor-heading-title elementor-size-default\">ELEVATI STANDARD QUALITATIVI E DI SICUREZZA ALIMENTARE<\/h2>\t\t<\/div>\n\t\t\t\t<\/div>\n\t\t\t\t\t<\/div>\n\t\t<\/div>\n\t\t\t\t\t<\/div>\n\t\t<\/section>\n\t\t\t\t\t<\/div>\n\t\t<\/div>\n\t\t\t\t\t<\/div>\n\t\t<\/section>\n\t\t\t\t<\/div>","protected":false},"excerpt":{"rendered":"<p>Po\u010detna \/ Dugogodi\u0161nja tradicija Dugogodi\u0161nja tradicija Ribarstvo na ovim prostorima ima dugu povijest, spominje se jo\u0161 u Ilirskom i Rimskom razdoblju. Dubrova\u010dka Republika je utjecala na razvoj ribarstva, a hrvatski su ribari inovirali s Pureti\u0107 blokom i uzgojem plavoperajne atlantske tune. Prvi spomeni ribarstva na ovim prostorima datiraju jo\u0161 iz razdoblja Ilirske i Rimske vladavine.U [&hellip;]<\/p>","protected":false},"author":1,"featured_media":0,"parent":0,"menu_order":0,"comment_status":"closed","ping_status":"closed","template":"","meta":{"_acf_changed":false,"inline_featured_image":false,"footnotes":""},"class_list":["post-2205","page","type-page","status-publish","hentry"],"acf":[],"yoast_head":"<!-- This site is optimized with the Yoast SEO plugin v25.3 - https:\/\/yoast.com\/wordpress\/plugins\/seo\/ -->\n<title>Dugogodi\u0161nja tradicija - Riba Hrvatske - Jedi \u0161to vrijedi<\/title>\n<meta name=\"robots\" content=\"index, follow, max-snippet:-1, max-image-preview:large, max-video-preview:-1\" \/>\n<link rel=\"canonical\" href=\"https:\/\/fishfromcroatia.com\/it\/dugogodisnja-tradicija\/\" \/>\n<meta property=\"og:locale\" content=\"it_IT\" \/>\n<meta property=\"og:type\" content=\"article\" \/>\n<meta property=\"og:title\" content=\"Dugogodi\u0161nja tradicija - Riba Hrvatske - Jedi \u0161to vrijedi\" \/>\n<meta property=\"og:description\" content=\"Po\u010detna \/ Dugogodi\u0161nja tradicija Dugogodi\u0161nja tradicija Ribarstvo na ovim prostorima ima dugu povijest, spominje se jo\u0161 u Ilirskom i Rimskom razdoblju. Dubrova\u010dka Republika je utjecala na razvoj ribarstva, a hrvatski su ribari inovirali s Pureti\u0107 blokom i uzgojem plavoperajne atlantske tune. Prvi spomeni ribarstva na ovim prostorima datiraju jo\u0161 iz razdoblja Ilirske i Rimske vladavine.U [&hellip;]\" \/>\n<meta property=\"og:url\" content=\"https:\/\/fishfromcroatia.com\/it\/dugogodisnja-tradicija\/\" \/>\n<meta property=\"og:site_name\" content=\"Riba Hrvatske - Jedi \u0161to vrijedi\" \/>\n<meta property=\"article:modified_time\" content=\"2023-07-03T10:07:50+00:00\" \/>\n<meta property=\"og:image\" content=\"https:\/\/fishfromcroatia.com\/wp-content\/uploads\/2023\/05\/Mask-group-21.svg\" \/>\n<meta name=\"twitter:card\" content=\"summary_large_image\" \/>\n<meta name=\"twitter:label1\" content=\"Tempo di lettura stimato\" \/>\n\t<meta name=\"twitter:data1\" content=\"3 minuti\" \/>\n<script type=\"application\/ld+json\" class=\"yoast-schema-graph\">{\"@context\":\"https:\/\/schema.org\",\"@graph\":[{\"@type\":\"WebPage\",\"@id\":\"https:\/\/fishfromcroatia.com\/dugogodisnja-tradicija\/\",\"url\":\"https:\/\/fishfromcroatia.com\/dugogodisnja-tradicija\/\",\"name\":\"Dugogodi\u0161nja tradicija - Riba Hrvatske - Jedi \u0161to vrijedi\",\"isPartOf\":{\"@id\":\"https:\/\/fishfromcroatia.com\/#website\"},\"primaryImageOfPage\":{\"@id\":\"https:\/\/fishfromcroatia.com\/dugogodisnja-tradicija\/#primaryimage\"},\"image\":{\"@id\":\"https:\/\/fishfromcroatia.com\/dugogodisnja-tradicija\/#primaryimage\"},\"thumbnailUrl\":\"https:\/\/fishfromcroatia.com\/wp-content\/uploads\/2023\/05\/Mask-group-21.svg\",\"datePublished\":\"2023-05-26T10:35:10+00:00\",\"dateModified\":\"2023-07-03T10:07:50+00:00\",\"inLanguage\":\"it-IT\",\"potentialAction\":[{\"@type\":\"ReadAction\",\"target\":[\"https:\/\/fishfromcroatia.com\/dugogodisnja-tradicija\/\"]}]},{\"@type\":\"ImageObject\",\"inLanguage\":\"it-IT\",\"@id\":\"https:\/\/fishfromcroatia.com\/dugogodisnja-tradicija\/#primaryimage\",\"url\":\"https:\/\/fishfromcroatia.com\/wp-content\/uploads\/2023\/05\/Mask-group-21.svg\",\"contentUrl\":\"https:\/\/fishfromcroatia.com\/wp-content\/uploads\/2023\/05\/Mask-group-21.svg\"},{\"@type\":\"WebSite\",\"@id\":\"https:\/\/fishfromcroatia.com\/#website\",\"url\":\"https:\/\/fishfromcroatia.com\/\",\"name\":\"Riba Hrvatske - Jedi \u0161to vrijedi\",\"description\":\"\",\"publisher\":{\"@id\":\"https:\/\/fishfromcroatia.com\/#organization\"},\"potentialAction\":[{\"@type\":\"SearchAction\",\"target\":{\"@type\":\"EntryPoint\",\"urlTemplate\":\"https:\/\/fishfromcroatia.com\/?s={search_term_string}\"},\"query-input\":{\"@type\":\"PropertyValueSpecification\",\"valueRequired\":true,\"valueName\":\"search_term_string\"}}],\"inLanguage\":\"it-IT\"},{\"@type\":\"Organization\",\"@id\":\"https:\/\/fishfromcroatia.com\/#organization\",\"name\":\"Riba Hrvatske - Jedi \u0161to vrijedi\",\"url\":\"https:\/\/fishfromcroatia.com\/\",\"logo\":{\"@type\":\"ImageObject\",\"inLanguage\":\"it-IT\",\"@id\":\"https:\/\/fishfromcroatia.com\/#\/schema\/logo\/image\/\",\"url\":\"https:\/\/fishfromcroatia.com\/wp-content\/uploads\/2023\/05\/logo-manji.svg\",\"contentUrl\":\"https:\/\/fishfromcroatia.com\/wp-content\/uploads\/2023\/05\/logo-manji.svg\",\"width\":95,\"height\":70,\"caption\":\"Riba Hrvatske - Jedi \u0161to vrijedi\"},\"image\":{\"@id\":\"https:\/\/fishfromcroatia.com\/#\/schema\/logo\/image\/\"}}]}<\/script>\n<!-- \/ Yoast SEO plugin. -->","yoast_head_json":{"title":"Dugogodi\u0161nja tradicija - Riba Hrvatske - Jedi \u0161to vrijedi","robots":{"index":"index","follow":"follow","max-snippet":"max-snippet:-1","max-image-preview":"max-image-preview:large","max-video-preview":"max-video-preview:-1"},"canonical":"https:\/\/fishfromcroatia.com\/it\/dugogodisnja-tradicija\/","og_locale":"it_IT","og_type":"article","og_title":"Dugogodi\u0161nja tradicija - Riba Hrvatske - Jedi \u0161to vrijedi","og_description":"Po\u010detna \/ Dugogodi\u0161nja tradicija Dugogodi\u0161nja tradicija Ribarstvo na ovim prostorima ima dugu povijest, spominje se jo\u0161 u Ilirskom i Rimskom razdoblju. Dubrova\u010dka Republika je utjecala na razvoj ribarstva, a hrvatski su ribari inovirali s Pureti\u0107 blokom i uzgojem plavoperajne atlantske tune. Prvi spomeni ribarstva na ovim prostorima datiraju jo\u0161 iz razdoblja Ilirske i Rimske vladavine.U [&hellip;]","og_url":"https:\/\/fishfromcroatia.com\/it\/dugogodisnja-tradicija\/","og_site_name":"Riba Hrvatske - Jedi \u0161to vrijedi","article_modified_time":"2023-07-03T10:07:50+00:00","og_image":[{"url":"https:\/\/fishfromcroatia.com\/wp-content\/uploads\/2023\/05\/Mask-group-21.svg","type":"","width":"","height":""}],"twitter_card":"summary_large_image","twitter_misc":{"Tempo di lettura stimato":"3 minuti"},"schema":{"@context":"https:\/\/schema.org","@graph":[{"@type":"WebPage","@id":"https:\/\/fishfromcroatia.com\/dugogodisnja-tradicija\/","url":"https:\/\/fishfromcroatia.com\/dugogodisnja-tradicija\/","name":"Dugogodi\u0161nja tradicija - Riba Hrvatske - Jedi \u0161to vrijedi","isPartOf":{"@id":"https:\/\/fishfromcroatia.com\/#website"},"primaryImageOfPage":{"@id":"https:\/\/fishfromcroatia.com\/dugogodisnja-tradicija\/#primaryimage"},"image":{"@id":"https:\/\/fishfromcroatia.com\/dugogodisnja-tradicija\/#primaryimage"},"thumbnailUrl":"https:\/\/fishfromcroatia.com\/wp-content\/uploads\/2023\/05\/Mask-group-21.svg","datePublished":"2023-05-26T10:35:10+00:00","dateModified":"2023-07-03T10:07:50+00:00","inLanguage":"it-IT","potentialAction":[{"@type":"ReadAction","target":["https:\/\/fishfromcroatia.com\/dugogodisnja-tradicija\/"]}]},{"@type":"ImageObject","inLanguage":"it-IT","@id":"https:\/\/fishfromcroatia.com\/dugogodisnja-tradicija\/#primaryimage","url":"https:\/\/fishfromcroatia.com\/wp-content\/uploads\/2023\/05\/Mask-group-21.svg","contentUrl":"https:\/\/fishfromcroatia.com\/wp-content\/uploads\/2023\/05\/Mask-group-21.svg"},{"@type":"WebSite","@id":"https:\/\/fishfromcroatia.com\/#website","url":"https:\/\/fishfromcroatia.com\/","name":"Riba Hrvatske - Jedi \u0161to vrijedi","description":"","publisher":{"@id":"https:\/\/fishfromcroatia.com\/#organization"},"potentialAction":[{"@type":"SearchAction","target":{"@type":"EntryPoint","urlTemplate":"https:\/\/fishfromcroatia.com\/?s={search_term_string}"},"query-input":{"@type":"PropertyValueSpecification","valueRequired":true,"valueName":"search_term_string"}}],"inLanguage":"it-IT"},{"@type":"Organization","@id":"https:\/\/fishfromcroatia.com\/#organization","name":"Riba Hrvatske - Jedi \u0161to vrijedi","url":"https:\/\/fishfromcroatia.com\/","logo":{"@type":"ImageObject","inLanguage":"it-IT","@id":"https:\/\/fishfromcroatia.com\/#\/schema\/logo\/image\/","url":"https:\/\/fishfromcroatia.com\/wp-content\/uploads\/2023\/05\/logo-manji.svg","contentUrl":"https:\/\/fishfromcroatia.com\/wp-content\/uploads\/2023\/05\/logo-manji.svg","width":95,"height":70,"caption":"Riba Hrvatske - Jedi \u0161to vrijedi"},"image":{"@id":"https:\/\/fishfromcroatia.com\/#\/schema\/logo\/image\/"}}]}},"_links":{"self":[{"href":"https:\/\/fishfromcroatia.com\/it\/wp-json\/wp\/v2\/pages\/2205","targetHints":{"allow":["GET"]}}],"collection":[{"href":"https:\/\/fishfromcroatia.com\/it\/wp-json\/wp\/v2\/pages"}],"about":[{"href":"https:\/\/fishfromcroatia.com\/it\/wp-json\/wp\/v2\/types\/page"}],"author":[{"embeddable":true,"href":"https:\/\/fishfromcroatia.com\/it\/wp-json\/wp\/v2\/users\/1"}],"replies":[{"embeddable":true,"href":"https:\/\/fishfromcroatia.com\/it\/wp-json\/wp\/v2\/comments?post=2205"}],"version-history":[{"count":32,"href":"https:\/\/fishfromcroatia.com\/it\/wp-json\/wp\/v2\/pages\/2205\/revisions"}],"predecessor-version":[{"id":4384,"href":"https:\/\/fishfromcroatia.com\/it\/wp-json\/wp\/v2\/pages\/2205\/revisions\/4384"}],"wp:attachment":[{"href":"https:\/\/fishfromcroatia.com\/it\/wp-json\/wp\/v2\/media?parent=2205"}],"curies":[{"name":"wp","href":"https:\/\/api.w.org\/{rel}","templated":true}]}}