{"id":3635,"date":"2023-06-26T12:51:53","date_gmt":"2023-06-26T12:51:53","guid":{"rendered":"https:\/\/fishfromcroatia.com\/?page_id=3635"},"modified":"2023-07-10T13:12:06","modified_gmt":"2023-07-10T13:12:06","slug":"akvakultura","status":"publish","type":"page","link":"https:\/\/fishfromcroatia.com\/it\/ostali-proizvodi\/akvakultura\/","title":{"rendered":"Aquaculture"},"content":{"rendered":"<div data-elementor-type=\"wp-page\" data-elementor-id=\"3635\" class=\"elementor elementor-3635\" data-elementor-post-type=\"page\">\n\t\t\t\t\t\t<section class=\"has_ae_slider elementor-section elementor-top-section elementor-element elementor-element-e28a57d elementor-section-boxed elementor-section-height-default elementor-section-height-default ae-bg-gallery-type-default\" data-id=\"e28a57d\" data-element_type=\"section\" data-settings=\"{&quot;background_background&quot;:&quot;gradient&quot;}\">\n\t\t\t\t\t\t<div class=\"elementor-container elementor-column-gap-default\">\n\t\t\t\t\t<div class=\"has_ae_slider elementor-column elementor-col-100 elementor-top-column elementor-element elementor-element-e3fc23e ae-bg-gallery-type-default\" data-id=\"e3fc23e\" data-element_type=\"column\">\n\t\t\t<div class=\"elementor-widget-wrap elementor-element-populated\">\n\t\t\t\t\t\t<div class=\"elementor-element elementor-element-c7287f8 elementor-widget elementor-widget-text-editor\" data-id=\"c7287f8\" data-element_type=\"widget\" data-widget_type=\"text-editor.default\">\n\t\t\t\t<div class=\"elementor-widget-container\">\n\t\t\t<style>\/*! elementor - v3.19.0 - 28-02-2024 *\/\n.elementor-widget-text-editor.elementor-drop-cap-view-stacked .elementor-drop-cap{background-color:#69727d;color:#fff}.elementor-widget-text-editor.elementor-drop-cap-view-framed .elementor-drop-cap{color:#69727d;border:3px solid;background-color:transparent}.elementor-widget-text-editor:not(.elementor-drop-cap-view-default) .elementor-drop-cap{margin-top:8px}.elementor-widget-text-editor:not(.elementor-drop-cap-view-default) .elementor-drop-cap-letter{width:1em;height:1em}.elementor-widget-text-editor .elementor-drop-cap{float:left;text-align:center;line-height:1;font-size:50px}.elementor-widget-text-editor .elementor-drop-cap-letter{display:inline-block}<\/style>\t\t\t\t<p><span style=\"color: #000000;\"><a style=\"color: #000000;\" href=\"\/it\/\">Pagina iniziale<\/a> \/ <a style=\"color: #000000;\" href=\"\/it\/ostali-proizvodi\/\">ALTRI PRODOTTI<\/a> \/<strong> Aquaculture<\/strong><\/span><\/p>\t\t\t\t\t\t<\/div>\n\t\t\t\t<\/div>\n\t\t\t\t<section class=\"has_ae_slider elementor-section elementor-inner-section elementor-element elementor-element-f14a7fa elementor-section-boxed elementor-section-height-default elementor-section-height-default ae-bg-gallery-type-default\" data-id=\"f14a7fa\" data-element_type=\"section\">\n\t\t\t\t\t\t<div class=\"elementor-container elementor-column-gap-default\">\n\t\t\t\t\t<div class=\"has_ae_slider elementor-column elementor-col-100 elementor-inner-column elementor-element elementor-element-50bb24c ae-bg-gallery-type-default\" data-id=\"50bb24c\" data-element_type=\"column\" data-settings=\"{&quot;background_background&quot;:&quot;classic&quot;}\">\n\t\t\t<div class=\"elementor-widget-wrap elementor-element-populated\">\n\t\t\t\t\t\t<div class=\"elementor-element elementor-element-51ac03e elementor-widget elementor-widget-heading\" data-id=\"51ac03e\" data-element_type=\"widget\" data-widget_type=\"heading.default\">\n\t\t\t\t<div class=\"elementor-widget-container\">\n\t\t\t<style>\/*! elementor - v3.19.0 - 28-02-2024 *\/\n.elementor-heading-title{padding:0;margin:0;line-height:1}.elementor-widget-heading .elementor-heading-title[class*=elementor-size-]>a{color:inherit;font-size:inherit;line-height:inherit}.elementor-widget-heading .elementor-heading-title.elementor-size-small{font-size:15px}.elementor-widget-heading .elementor-heading-title.elementor-size-medium{font-size:19px}.elementor-widget-heading .elementor-heading-title.elementor-size-large{font-size:29px}.elementor-widget-heading .elementor-heading-title.elementor-size-xl{font-size:39px}.elementor-widget-heading .elementor-heading-title.elementor-size-xxl{font-size:59px}<\/style><h2 class=\"elementor-heading-title elementor-size-default\">Aquaculture<\/h2>\t\t<\/div>\n\t\t\t\t<\/div>\n\t\t\t\t<div class=\"elementor-element elementor-element-a14d83e elementor-widget elementor-widget-image\" data-id=\"a14d83e\" data-element_type=\"widget\" data-widget_type=\"image.default\">\n\t\t\t\t<div class=\"elementor-widget-container\">\n\t\t\t<style>\/*! elementor - v3.19.0 - 28-02-2024 *\/\n.elementor-widget-image{text-align:center}.elementor-widget-image a{display:inline-block}.elementor-widget-image a img[src$=\".svg\"]{width:48px}.elementor-widget-image img{vertical-align:middle;display:inline-block}<\/style>\t\t\t\t\t\t\t\t\t\t<img fetchpriority=\"high\" decoding=\"async\" width=\"800\" height=\"523\" src=\"https:\/\/fishfromcroatia.com\/wp-content\/uploads\/2023\/07\/Mask-group-40.svg\" class=\"attachment-large size-large wp-image-4280\" alt=\"\" \/>\t\t\t\t\t\t\t\t\t\t\t\t\t<\/div>\n\t\t\t\t<\/div>\n\t\t\t\t<div class=\"elementor-element elementor-element-7e8b3cf elementor-widget elementor-widget-text-editor\" data-id=\"7e8b3cf\" data-element_type=\"widget\" data-widget_type=\"text-editor.default\">\n\t\t\t\t<div class=\"elementor-widget-container\">\n\t\t\t\t\t\t\t<p>In marine aquaculture, the basis of the offer are indigenous species of the highest quality Mediterranean fish \u2013 sea bream, sea bass and bluefin tuna.<\/p><p>However, in recent years significant efforts have been made to diversification, so from Croatian farms can be purchased meagre (Argyrosomus regius), dentex (Dentex dentex) and greater amberjack (Seriola dumerili).<\/p><p>Also increasing importance is given to bio production, primarily sea bass and sea bream.<\/p><p>In freshwater pond aquaculture, the dominant species is carp. As fish are bred in polyculture in Croatian ponds, in addition to the main one, several secondary or supplementary fish species are also farmed, e.g. grass carp (Ctenopharyngodon idella), bighead carp (Hypophthalmichthys nobilis), ailver carp (Hypophthalmichthys molitrix), catfish (Silurus glanis), pike (Esox lucius) and pike perch (Stizostedion lucioperca) and some other commercially less significant species.<\/p><p>Of the coldwater species in the Republic of Croatia, the most cultivated is rainbow trout (Onchorhynchus mykiss). In addition to rainbow trout, brown trout (Salmo trutta) is also cultivated. It is sent to the market in a weight of 250 - 400 g.<\/p><p>Recently, large trout have been grown more and more in cold-water ponds and in certain marine localities.<\/p>\t\t\t\t\t\t<\/div>\n\t\t\t\t<\/div>\n\t\t\t\t\t<\/div>\n\t\t<\/div>\n\t\t\t\t\t<\/div>\n\t\t<\/section>\n\t\t\t\t\t<\/div>\n\t\t<\/div>\n\t\t\t\t\t<\/div>\n\t\t<\/section>\n\t\t\t\t<section class=\"has_ae_slider elementor-section elementor-top-section elementor-element elementor-element-93aa6b1 elementor-section-boxed elementor-section-height-default elementor-section-height-default ae-bg-gallery-type-default\" data-id=\"93aa6b1\" data-element_type=\"section\" data-settings=\"{&quot;background_background&quot;:&quot;classic&quot;}\">\n\t\t\t\t\t\t<div class=\"elementor-container elementor-column-gap-default\">\n\t\t\t\t\t<div class=\"has_ae_slider elementor-column elementor-col-100 elementor-top-column elementor-element elementor-element-43ea4ad ae-bg-gallery-type-default\" data-id=\"43ea4ad\" data-element_type=\"column\">\n\t\t\t<div class=\"elementor-widget-wrap elementor-element-populated\">\n\t\t\t\t\t\t<div class=\"elementor-element elementor-element-79f4a95 elementor-widget elementor-widget-heading\" data-id=\"79f4a95\" data-element_type=\"widget\" data-widget_type=\"heading.default\">\n\t\t\t\t<div class=\"elementor-widget-container\">\n\t\t\t<h2 class=\"elementor-heading-title elementor-size-default\">Per saperne di pi\u00f9...<\/h2>\t\t<\/div>\n\t\t\t\t<\/div>\n\t\t\t\t<section class=\"has_ae_slider elementor-section elementor-inner-section elementor-element elementor-element-c05193f elementor-section-full_width elementor-section-height-default elementor-section-height-default ae-bg-gallery-type-default\" data-id=\"c05193f\" data-element_type=\"section\">\n\t\t\t\t\t\t<div class=\"elementor-container elementor-column-gap-default\">\n\t\t\t\t\t<div class=\"has_ae_slider make-column-clickable-elementor elementor-column elementor-col-50 elementor-inner-column elementor-element elementor-element-ec94c8a ae-bg-gallery-type-default\" style=\"cursor: pointer;\" data-column-clickable=\"\/kocarska-riba\" data-column-clickable-blank=\"_self\" data-id=\"ec94c8a\" data-element_type=\"column\" data-settings=\"{&quot;background_background&quot;:&quot;classic&quot;}\">\n\t\t\t<div class=\"elementor-widget-wrap elementor-element-populated\">\n\t\t\t\t\t\t<div class=\"elementor-element elementor-element-0a7e564 elementor-widget elementor-widget-image\" data-id=\"0a7e564\" data-element_type=\"widget\" data-widget_type=\"image.default\">\n\t\t\t\t<div class=\"elementor-widget-container\">\n\t\t\t\t\t\t\t\t\t\t\t\t\t<img decoding=\"async\" width=\"271\" height=\"160\" src=\"https:\/\/fishfromcroatia.com\/wp-content\/uploads\/2023\/05\/Group-2383-1.svg\" class=\"attachment-full size-full wp-image-414\" alt=\"\" \/>\t\t\t\t\t\t\t\t\t\t\t\t\t<\/div>\n\t\t\t\t<\/div>\n\t\t\t\t<div class=\"elementor-element elementor-element-8758f6c elementor-widget elementor-widget-heading\" data-id=\"8758f6c\" data-element_type=\"widget\" data-widget_type=\"heading.default\">\n\t\t\t\t<div class=\"elementor-widget-container\">\n\t\t\t<h2 class=\"elementor-heading-title elementor-size-default\">CATCH \u2013 TRAWLING FISH<\/h2>\t\t<\/div>\n\t\t\t\t<\/div>\n\t\t\t\t\t<\/div>\n\t\t<\/div>\n\t\t\t\t<div class=\"has_ae_slider make-column-clickable-elementor elementor-column elementor-col-50 elementor-inner-column elementor-element elementor-element-6295c7a ae-bg-gallery-type-default\" style=\"cursor: pointer;\" data-column-clickable=\"\/proizvodi-prerade\" data-column-clickable-blank=\"_self\" data-id=\"6295c7a\" data-element_type=\"column\" data-settings=\"{&quot;background_background&quot;:&quot;classic&quot;}\">\n\t\t\t<div class=\"elementor-widget-wrap elementor-element-populated\">\n\t\t\t\t\t\t<div class=\"elementor-element elementor-element-6d64776 elementor-widget elementor-widget-image\" data-id=\"6d64776\" data-element_type=\"widget\" data-widget_type=\"image.default\">\n\t\t\t\t<div class=\"elementor-widget-container\">\n\t\t\t\t\t\t\t\t\t\t\t\t\t<img decoding=\"async\" width=\"271\" height=\"161\" src=\"https:\/\/fishfromcroatia.com\/wp-content\/uploads\/2023\/07\/Frame-130346-8.svg\" class=\"attachment-full size-full wp-image-4294\" alt=\"\" \/>\t\t\t\t\t\t\t\t\t\t\t\t\t<\/div>\n\t\t\t\t<\/div>\n\t\t\t\t<div class=\"elementor-element elementor-element-a548a15 elementor-widget elementor-widget-heading\" data-id=\"a548a15\" data-element_type=\"widget\" data-widget_type=\"heading.default\">\n\t\t\t\t<div class=\"elementor-widget-container\">\n\t\t\t<h2 class=\"elementor-heading-title elementor-size-default\">PROCESSING PRODUCTS<\/h2>\t\t<\/div>\n\t\t\t\t<\/div>\n\t\t\t\t\t<\/div>\n\t\t<\/div>\n\t\t\t\t\t<\/div>\n\t\t<\/section>\n\t\t\t\t\t<\/div>\n\t\t<\/div>\n\t\t\t\t\t<\/div>\n\t\t<\/section>\n\t\t\t\t<\/div>","protected":false},"excerpt":{"rendered":"<p>Po\u010detna \/ Ostali proizvodi \/ Akvakultura Akvakultura U morskoj akvakulturi osnova ponude autohtone su vrste najkvalitetnije mediteranske ribe &#8211; komar\u010da, lubin i plavoperajne tune. Me\u0111utim posljednjih godina zna\u010dajni napori se daju diverzifikaciji pa se tako iz hrvatskih uzgajali\u0161ta mogu nabaviti hama (Argyrosomus regius), zubatac (Dentex dentex) \u00a0i \u00a0gof (Seriola dumerili). Tako\u0111er sve ve\u0107i zna\u010daj daje [&hellip;]<\/p>","protected":false},"author":1,"featured_media":0,"parent":17,"menu_order":0,"comment_status":"closed","ping_status":"closed","template":"","meta":{"_acf_changed":false,"inline_featured_image":false,"footnotes":""},"class_list":["post-3635","page","type-page","status-publish","hentry"],"acf":[],"yoast_head":"<!-- This site is optimized with the Yoast SEO plugin v25.3 - https:\/\/yoast.com\/wordpress\/plugins\/seo\/ -->\n<title>Akvakultura - Riba Hrvatske - Jedi \u0161to vrijedi<\/title>\n<meta name=\"robots\" content=\"index, follow, max-snippet:-1, max-image-preview:large, max-video-preview:-1\" \/>\n<link rel=\"canonical\" href=\"https:\/\/fishfromcroatia.com\/it\/ostali-proizvodi\/akvakultura\/\" \/>\n<meta property=\"og:locale\" content=\"it_IT\" \/>\n<meta property=\"og:type\" content=\"article\" \/>\n<meta property=\"og:title\" content=\"Akvakultura - Riba Hrvatske - Jedi \u0161to vrijedi\" \/>\n<meta property=\"og:description\" content=\"Po\u010detna \/ Ostali proizvodi \/ Akvakultura Akvakultura U morskoj akvakulturi osnova ponude autohtone su vrste najkvalitetnije mediteranske ribe &#8211; komar\u010da, lubin i plavoperajne tune. Me\u0111utim posljednjih godina zna\u010dajni napori se daju diverzifikaciji pa se tako iz hrvatskih uzgajali\u0161ta mogu nabaviti hama (Argyrosomus regius), zubatac (Dentex dentex) \u00a0i \u00a0gof (Seriola dumerili). Tako\u0111er sve ve\u0107i zna\u010daj daje [&hellip;]\" \/>\n<meta property=\"og:url\" content=\"https:\/\/fishfromcroatia.com\/it\/ostali-proizvodi\/akvakultura\/\" \/>\n<meta property=\"og:site_name\" content=\"Riba Hrvatske - Jedi \u0161to vrijedi\" \/>\n<meta property=\"article:modified_time\" content=\"2023-07-10T13:12:06+00:00\" \/>\n<meta property=\"og:image\" content=\"https:\/\/fishfromcroatia.com\/wp-content\/uploads\/2023\/07\/Mask-group-40.svg\" \/>\n<meta name=\"twitter:card\" content=\"summary_large_image\" \/>\n<meta name=\"twitter:label1\" content=\"Tempo di lettura stimato\" \/>\n\t<meta name=\"twitter:data1\" content=\"2 minuti\" \/>\n<script type=\"application\/ld+json\" class=\"yoast-schema-graph\">{\"@context\":\"https:\/\/schema.org\",\"@graph\":[{\"@type\":\"WebPage\",\"@id\":\"https:\/\/fishfromcroatia.com\/ostali-proizvodi\/akvakultura\/\",\"url\":\"https:\/\/fishfromcroatia.com\/ostali-proizvodi\/akvakultura\/\",\"name\":\"Akvakultura - Riba Hrvatske - Jedi \u0161to vrijedi\",\"isPartOf\":{\"@id\":\"https:\/\/fishfromcroatia.com\/#website\"},\"primaryImageOfPage\":{\"@id\":\"https:\/\/fishfromcroatia.com\/ostali-proizvodi\/akvakultura\/#primaryimage\"},\"image\":{\"@id\":\"https:\/\/fishfromcroatia.com\/ostali-proizvodi\/akvakultura\/#primaryimage\"},\"thumbnailUrl\":\"https:\/\/fishfromcroatia.com\/wp-content\/uploads\/2023\/07\/Mask-group-40.svg\",\"datePublished\":\"2023-06-26T12:51:53+00:00\",\"dateModified\":\"2023-07-10T13:12:06+00:00\",\"breadcrumb\":{\"@id\":\"https:\/\/fishfromcroatia.com\/ostali-proizvodi\/akvakultura\/#breadcrumb\"},\"inLanguage\":\"it-IT\",\"potentialAction\":[{\"@type\":\"ReadAction\",\"target\":[\"https:\/\/fishfromcroatia.com\/ostali-proizvodi\/akvakultura\/\"]}]},{\"@type\":\"ImageObject\",\"inLanguage\":\"it-IT\",\"@id\":\"https:\/\/fishfromcroatia.com\/ostali-proizvodi\/akvakultura\/#primaryimage\",\"url\":\"https:\/\/fishfromcroatia.com\/wp-content\/uploads\/2023\/07\/Mask-group-40.svg\",\"contentUrl\":\"https:\/\/fishfromcroatia.com\/wp-content\/uploads\/2023\/07\/Mask-group-40.svg\"},{\"@type\":\"BreadcrumbList\",\"@id\":\"https:\/\/fishfromcroatia.com\/ostali-proizvodi\/akvakultura\/#breadcrumb\",\"itemListElement\":[{\"@type\":\"ListItem\",\"position\":1,\"name\":\"Ostali proizvodi\",\"item\":\"https:\/\/fishfromcroatia.com\/ostali-proizvodi\/\"},{\"@type\":\"ListItem\",\"position\":2,\"name\":\"Akvakultura\"}]},{\"@type\":\"WebSite\",\"@id\":\"https:\/\/fishfromcroatia.com\/#website\",\"url\":\"https:\/\/fishfromcroatia.com\/\",\"name\":\"Riba Hrvatske - Jedi \u0161to vrijedi\",\"description\":\"\",\"publisher\":{\"@id\":\"https:\/\/fishfromcroatia.com\/#organization\"},\"potentialAction\":[{\"@type\":\"SearchAction\",\"target\":{\"@type\":\"EntryPoint\",\"urlTemplate\":\"https:\/\/fishfromcroatia.com\/?s={search_term_string}\"},\"query-input\":{\"@type\":\"PropertyValueSpecification\",\"valueRequired\":true,\"valueName\":\"search_term_string\"}}],\"inLanguage\":\"it-IT\"},{\"@type\":\"Organization\",\"@id\":\"https:\/\/fishfromcroatia.com\/#organization\",\"name\":\"Riba Hrvatske - Jedi \u0161to vrijedi\",\"url\":\"https:\/\/fishfromcroatia.com\/\",\"logo\":{\"@type\":\"ImageObject\",\"inLanguage\":\"it-IT\",\"@id\":\"https:\/\/fishfromcroatia.com\/#\/schema\/logo\/image\/\",\"url\":\"https:\/\/fishfromcroatia.com\/wp-content\/uploads\/2023\/05\/logo-manji.svg\",\"contentUrl\":\"https:\/\/fishfromcroatia.com\/wp-content\/uploads\/2023\/05\/logo-manji.svg\",\"width\":95,\"height\":70,\"caption\":\"Riba Hrvatske - Jedi \u0161to vrijedi\"},\"image\":{\"@id\":\"https:\/\/fishfromcroatia.com\/#\/schema\/logo\/image\/\"}}]}<\/script>\n<!-- \/ Yoast SEO plugin. -->","yoast_head_json":{"title":"Akvakultura - Riba Hrvatske - Jedi \u0161to vrijedi","robots":{"index":"index","follow":"follow","max-snippet":"max-snippet:-1","max-image-preview":"max-image-preview:large","max-video-preview":"max-video-preview:-1"},"canonical":"https:\/\/fishfromcroatia.com\/it\/ostali-proizvodi\/akvakultura\/","og_locale":"it_IT","og_type":"article","og_title":"Akvakultura - Riba Hrvatske - Jedi \u0161to vrijedi","og_description":"Po\u010detna \/ Ostali proizvodi \/ Akvakultura Akvakultura U morskoj akvakulturi osnova ponude autohtone su vrste najkvalitetnije mediteranske ribe &#8211; komar\u010da, lubin i plavoperajne tune. Me\u0111utim posljednjih godina zna\u010dajni napori se daju diverzifikaciji pa se tako iz hrvatskih uzgajali\u0161ta mogu nabaviti hama (Argyrosomus regius), zubatac (Dentex dentex) \u00a0i \u00a0gof (Seriola dumerili). Tako\u0111er sve ve\u0107i zna\u010daj daje [&hellip;]","og_url":"https:\/\/fishfromcroatia.com\/it\/ostali-proizvodi\/akvakultura\/","og_site_name":"Riba Hrvatske - Jedi \u0161to vrijedi","article_modified_time":"2023-07-10T13:12:06+00:00","og_image":[{"url":"https:\/\/fishfromcroatia.com\/wp-content\/uploads\/2023\/07\/Mask-group-40.svg","type":"","width":"","height":""}],"twitter_card":"summary_large_image","twitter_misc":{"Tempo di lettura stimato":"2 minuti"},"schema":{"@context":"https:\/\/schema.org","@graph":[{"@type":"WebPage","@id":"https:\/\/fishfromcroatia.com\/ostali-proizvodi\/akvakultura\/","url":"https:\/\/fishfromcroatia.com\/ostali-proizvodi\/akvakultura\/","name":"Akvakultura - Riba Hrvatske - Jedi \u0161to vrijedi","isPartOf":{"@id":"https:\/\/fishfromcroatia.com\/#website"},"primaryImageOfPage":{"@id":"https:\/\/fishfromcroatia.com\/ostali-proizvodi\/akvakultura\/#primaryimage"},"image":{"@id":"https:\/\/fishfromcroatia.com\/ostali-proizvodi\/akvakultura\/#primaryimage"},"thumbnailUrl":"https:\/\/fishfromcroatia.com\/wp-content\/uploads\/2023\/07\/Mask-group-40.svg","datePublished":"2023-06-26T12:51:53+00:00","dateModified":"2023-07-10T13:12:06+00:00","breadcrumb":{"@id":"https:\/\/fishfromcroatia.com\/ostali-proizvodi\/akvakultura\/#breadcrumb"},"inLanguage":"it-IT","potentialAction":[{"@type":"ReadAction","target":["https:\/\/fishfromcroatia.com\/ostali-proizvodi\/akvakultura\/"]}]},{"@type":"ImageObject","inLanguage":"it-IT","@id":"https:\/\/fishfromcroatia.com\/ostali-proizvodi\/akvakultura\/#primaryimage","url":"https:\/\/fishfromcroatia.com\/wp-content\/uploads\/2023\/07\/Mask-group-40.svg","contentUrl":"https:\/\/fishfromcroatia.com\/wp-content\/uploads\/2023\/07\/Mask-group-40.svg"},{"@type":"BreadcrumbList","@id":"https:\/\/fishfromcroatia.com\/ostali-proizvodi\/akvakultura\/#breadcrumb","itemListElement":[{"@type":"ListItem","position":1,"name":"Ostali proizvodi","item":"https:\/\/fishfromcroatia.com\/ostali-proizvodi\/"},{"@type":"ListItem","position":2,"name":"Akvakultura"}]},{"@type":"WebSite","@id":"https:\/\/fishfromcroatia.com\/#website","url":"https:\/\/fishfromcroatia.com\/","name":"Riba Hrvatske - Jedi \u0161to vrijedi","description":"","publisher":{"@id":"https:\/\/fishfromcroatia.com\/#organization"},"potentialAction":[{"@type":"SearchAction","target":{"@type":"EntryPoint","urlTemplate":"https:\/\/fishfromcroatia.com\/?s={search_term_string}"},"query-input":{"@type":"PropertyValueSpecification","valueRequired":true,"valueName":"search_term_string"}}],"inLanguage":"it-IT"},{"@type":"Organization","@id":"https:\/\/fishfromcroatia.com\/#organization","name":"Riba Hrvatske - Jedi \u0161to vrijedi","url":"https:\/\/fishfromcroatia.com\/","logo":{"@type":"ImageObject","inLanguage":"it-IT","@id":"https:\/\/fishfromcroatia.com\/#\/schema\/logo\/image\/","url":"https:\/\/fishfromcroatia.com\/wp-content\/uploads\/2023\/05\/logo-manji.svg","contentUrl":"https:\/\/fishfromcroatia.com\/wp-content\/uploads\/2023\/05\/logo-manji.svg","width":95,"height":70,"caption":"Riba Hrvatske - Jedi \u0161to vrijedi"},"image":{"@id":"https:\/\/fishfromcroatia.com\/#\/schema\/logo\/image\/"}}]}},"_links":{"self":[{"href":"https:\/\/fishfromcroatia.com\/it\/wp-json\/wp\/v2\/pages\/3635","targetHints":{"allow":["GET"]}}],"collection":[{"href":"https:\/\/fishfromcroatia.com\/it\/wp-json\/wp\/v2\/pages"}],"about":[{"href":"https:\/\/fishfromcroatia.com\/it\/wp-json\/wp\/v2\/types\/page"}],"author":[{"embeddable":true,"href":"https:\/\/fishfromcroatia.com\/it\/wp-json\/wp\/v2\/users\/1"}],"replies":[{"embeddable":true,"href":"https:\/\/fishfromcroatia.com\/it\/wp-json\/wp\/v2\/comments?post=3635"}],"version-history":[{"count":16,"href":"https:\/\/fishfromcroatia.com\/it\/wp-json\/wp\/v2\/pages\/3635\/revisions"}],"predecessor-version":[{"id":4310,"href":"https:\/\/fishfromcroatia.com\/it\/wp-json\/wp\/v2\/pages\/3635\/revisions\/4310"}],"up":[{"embeddable":true,"href":"https:\/\/fishfromcroatia.com\/it\/wp-json\/wp\/v2\/pages\/17"}],"wp:attachment":[{"href":"https:\/\/fishfromcroatia.com\/it\/wp-json\/wp\/v2\/media?parent=3635"}],"curies":[{"name":"wp","href":"https:\/\/api.w.org\/{rel}","templated":true}]}}